{"id":130,"date":"2022-10-19T09:55:22","date_gmt":"2022-10-19T09:55:22","guid":{"rendered":"https:\/\/demografia.com.pl\/demografia\/?page_id=130"},"modified":"2025-11-27T00:21:25","modified_gmt":"2025-11-26T22:21:25","slug":"depopulacja-europy-a-m","status":"publish","type":"page","link":"https:\/\/demografia.com.pl\/demografia\/depopulacja-europy-a-m\/","title":{"rendered":"Depopulacja Europy A-M"},"content":{"rendered":"<p>&nbsp;<\/p>\n\n\n<p><\/p>\n\n\n<\/p>\n\n\n<h1><b>Zmiany demograficzne mieszka\u0144c\u00f3w Europy na tle populacji og\u00f3lno\u015bwiatowej<\/b><\/h1>\r\n<p>\n\n\n<\/p>\n\n\n<p>W roku 1900 liczba ludno\u015bci \u015bwiata waha\u0142a si\u0119 w granicach 1,64 mld<sup><a id=\"sdfootnote1anc\" href=\"#sdfootnote1sym\"><sup>1<\/sup><\/a><\/sup>, a Europejczyk\u00f3w 285,6 mln<sup><a id=\"sdfootnote2anc\" href=\"#sdfootnote2sym\"><sup>2<\/sup><\/a><\/sup>, co stanowi\u0142o 17,35%. W kolejnych czternastu latach procentowy udzia\u0142 mieszka\u0144c\u00f3w Europy w stosunku do populacji og\u00f3lno\u015bwiatowej powi\u0119kszy\u0142 si\u0119 o 7,09%.<\/p>\r\n<p>\n\n\n<\/p>\n\n\n<p>W roku 1914 liczba ludno\u015bci \u015bwiata wzros\u0142a do 1,8 mld<sup><a id=\"sdfootnote3anc\" href=\"#sdfootnote3sym\"><sup>3<\/sup><\/a><\/sup>, za\u015b Europy do 446,1 mln, co stanowi\u0142o 24,44% udzia\u0142u w populacji og\u00f3lno\u015bwiatowej. W pierwszych dw\u00f3ch dekadach zauwa\u017camy wzrost udzia\u0142u ludno\u015bci europejskiej w stosunku do populacji og\u00f3lno\u015bwiatowej. Lata dwudzieste i trzydzieste by\u0142y czasem najwi\u0119kszego udzia\u0142u ludno\u015bci europejskiej w populacji og\u00f3lno\u015bwiatowej. Ten udzia\u0142 ludno\u015bci europejskiej w 1914 r. wynosi\u0142 24,44%. Z ka\u017cd\u0105 kolejn\u0105 dekad\u0105 wida\u0107, \u017ce jej udzia\u0142 maleje. W wieku XX liczba ludno\u015bci wzros\u0142a niewiele ponad dwui\u0142krotnie.<\/p>\r\n<p>\n\n\n<\/p>\n\n\n<p>W ci\u0105gu ostatnich stu dwudziestu lat udzia\u0142 ludno\u015bci mieszkaj\u0105cej w granicach Europy w stosunku do populacji og\u00f3lno\u015bwiatowej spad\u0142 ponad dwuip\u00f3\u0142krotnie. W roku 2020 wynosi\u0142 niewiele 9,38 procent.<\/p>\r\n<p>\n\n\n<\/p>\n\n\n<p><strong>Udzia\u0142 mieszka\u0144c\u00f3w Europy w populacji og\u00f3lno\u015bwiatowej w latach 1900-2020<\/strong><\/p>\r\n<p>\n\n\n<\/p>\n\n<figure>\n<table>\n<tbody>\n<tr>\n<td>Rok<\/td>\n<td>Liczba ludno\u015bci na \u015bwiecie na 1 stycznia<\/td>\n<td>Liczba ludno\u015bci w Europie na 1 stycznia<\/td>\n<td>Udzia\u0142 procentowy w populacji og\u00f3lno\u015bwiatowej<\/td>\n<\/tr>\n<tr>\n<td>1900<\/td>\n<td>1\u00a0646\u00a0165 000<\/td>\n<td>285 600 000<\/td>\n<td>17,35<\/td>\n<\/tr>\n<tr>\n<td>1914<\/td>\n<td>1\u00a0825\u00a0070 987<\/td>\n<td>446 107 656<\/td>\n<td>24,44<\/td>\n<\/tr>\n<tr>\n<td>1925<\/td>\n<td>1\u00a0967\u00a0683 298<\/td>\n<td>477 150 041<\/td>\n<td>24,25<\/td>\n<\/tr>\n<tr>\n<td>1939<\/td>\n<td>2\u00a0262\u00a0699 677<\/td>\n<td>516 652 210<\/td>\n<td>22,83<\/td>\n<\/tr>\n<tr>\n<td>1950<\/td>\n<td>2\u00a0513\u00a0866\u00a0197<\/td>\n<td>547 694 595<\/td>\n<td>21,78<\/td>\n<\/tr>\n<tr>\n<td>1960<\/td>\n<td>2 991 005 874<\/td>\n<td>602 676 410<\/td>\n<td>20,15<\/td>\n<\/tr>\n<tr>\n<td>1970<\/td>\n<td>4 023 981 107<\/td>\n<td>655 177 683<\/td>\n<td>16,28<\/td>\n<\/tr>\n<tr>\n<td>1985<\/td>\n<td>4\u00a0809\u00a0575 137<\/td>\n<td>706 528 814<\/td>\n<td>14,69<\/td>\n<\/tr>\n<tr>\n<td>2000<\/td>\n<td>6 088 230 944<\/td>\n<td>726 524 179<\/td>\n<td>11,93<\/td>\n<\/tr>\n<tr>\n<td>2020<\/td>\n<td>7\u00a0881\u00a0691 855<\/td>\n<td>739 700 784<\/td>\n<td>9,38<\/td>\n<\/tr>\n<\/tbody>\n<\/table>\n<figcaption>\u0179r\u00f3d\u0142o: Populacja na \u015bwiecie, <a href=\"http:\/\/population.city\/\">http:\/\/population.city\/<\/a> (dost\u0119p: 07 .12. 2021 r.); Zob. Europa \u2013 populacja, <a href=\"http:\/\/population.city\/world\/eu\">http:\/\/population.city\/world\/eu<\/a> (dost\u0119p: 10.01. 2021 r.) ; Obliczenia w\u0142asne.<\/figcaption>\n<\/figure>\n<p>&nbsp;<\/p>\n\n<\/p>\n\n\n<p>\n\n\n<\/p>\n\n\n<figure><img decoding=\"async\" src=\"https:\/\/demografia.com.pl\/demografia\/wp-content\/uploads\/2022\/10\/image-18-1024x686.png\" alt=\"\" \/><\/figure>\r\n<p>\n\n\n<\/p>\n\n\n<p>W pierwszych dw\u00f3ch dekadach XX w. widzimy wzrost ludno\u015bci europejskiej w stosunku do populacji og\u00f3lno\u015bwiatowej. W pierwszej dekadzie XX stulecia wzrost by\u0142 imponuj\u0105cy. Europa Zachodnia w tym czasie nie by\u0142a jeszcze zdominowa przez cywilizacj\u0119 \u015bmierci, rodziny by\u0142y wielodzietne, \u017cycie ludzie w \u0142onie matki by\u0142o szanowane. Ideolodzy cywilizacji \u015bmierci podejmowali dopiero propagowanie \u015brodk\u00f3w niszcz\u0105cych \u017cycie. Natomiast w Europie Wschodniej w wielu krajach prze\u017cywano boom demograficzny. Liczba mieszka\u0144c\u00f3w poszczeg\u00f3lnych kraj\u00f3w gwa\u0142townie ros\u0142a, m.in. w Polsce, Rumunii, Bu\u0142garii, Serbii czy na<a href=\"https:\/\/demografia.com.pl\/demografia\/depopulacja-wegier-magyarorszag-elneptelenedese\/\"> W\u0119grzech<\/a><sup><a id=\"sdfootnote4anc\" href=\"#sdfootnote4sym\"><sup>4<\/sup><\/a><\/sup>. Populacje europejsk\u0105 pomniejszy\u0142a I wojna \u015bwiatowa i pandemia grypy hiszpanki.<\/p>\r\n<h1><b>Aborcja<\/b><\/h1>\r\n<p>\n\n\n<\/p>\n\n\n<p>Powolny spadek procentowy ludno\u015bci europejskiej w stosunku do populacji og\u00f3lno\u015bwiatowej zauwa\u017camy po II wojnie \u015bwiatowej. Dzia\u0142ania wojenne pomniejszy\u0142y populacje europejsk\u0105 o dziesi\u0105tki milion\u00f3w, ale g\u0142\u00f3wn\u0105 przyczyn\u0105 pomniejszania ludno\u015bci europejskiej w pierwszych dw\u00f3ch dekadach powojennych by\u0142a aborcja, kt\u00f3ra ju\u017c w krajach Europy Wschodniej zbiera\u0142a krwawe \u017cniwo. W krajach w bloku wschodniego, komunistycznych, aborcja by\u0142a dozwolona bez \u017cadnych ogranicze\u0144, w ZSSR<sup><a id=\"sdfootnote5anc\" href=\"#sdfootnote5sym\"><sup>5<\/sup><\/a><\/sup> czy Polsce<sup><a id=\"sdfootnote6anc\" href=\"#sdfootnote6sym\"><sup>6<\/sup><\/a><\/sup> miliony dzieci by\u0142o mordowanych ka\u017cdego roku w \u0142onach matek. Podobnie by\u0142o w innych krajach socjalistycznych. Kraje Europy zachodniej legalizuj\u0105 aborcj\u0119 od lat siedemdziesi\u0105tych XX stulecia. Z ka\u017cd\u0105 dekad\u0105 \u017cniwo dzieci zamordowanych w \u0142onach matek jest coraz wi\u0119ksze.Obecnie ka\u017cdego roku \u017cycie traci od 2,5-do 3 mln dzieci nienarodzonych.\u00a0<\/p>\r\n<p><b>Antykoncepcja<\/b><\/p>\r\n<p>Ale jeszcze wi\u0119kszym czynnikiem depopulacyjnym w Europie i na \u015bwiecie jest antykoncepcja a przede wszystkim wprowadzona do sprzeda\u017cy pigu\u0142ka antykoncepcyjna, kt\u00f3ra od lat sze\u015b\u0107dziesi\u0105tych XX w. niszczy powstaj\u0105ce \u017cycie ludzkie albo do niego nie dopuszcza. Po\u015bwiadczaj\u0105 to wska\u017aniki dzietno\u015bci w poszczeg\u00f3lnych krajach, zar\u00f3wno Europy Wschodniej jak i Zachodniej. Dla Europy wsp\u00f3\u0142czynnik dzietno\u015bci na pocz\u0105tku XX w. wynosi\u0142 oko\u0142o 4 punkt\u00f3w, w 1950 roku 2,64 a w 2015 r. 1,61<sup style=\"color: var( --e-global-color-text ); font-family: var( --e-global-typography-text-font-family ), Sans-serif; font-weight: var( --e-global-typography-text-font-weight );\"><a id=\"sdfootnote7anc\" href=\"#sdfootnote7sym\"><sup>7<\/sup><\/a><\/sup>. Warto zauwa\u017cy\u0107, \u017ce z ko\u0144cem lat osiemdziesi\u0105tych XX w. zako\u0144czy\u0142a si\u0119 zast\u0119powalno\u015b\u0107 pokoleniowa. Jedynym ratunkiem, w opinii socjalist\u00f3w r\u00f3\u017cnych barw, s\u0105 imigranci przybywaj\u0105cy do Europy, co doprowadzi do zniszczenia cywilizacji grecko-rzymskiej.<\/p>\r\n<p>\n\n\n<\/p>\n\n\n<p>\n\n\n<\/p>\n\n\n<p><em>Ks. K. Bielawny<\/em><\/p>\r\n<p>\n\n\n<\/p>\n\n\n<p>\n\n\n<\/p>\n\n\n<h1><strong>Przypisy<\/strong>:<\/h1>\r\n<p>\n\n\n<\/p>\n\n\n<p><a id=\"sdfootnote1sym\" href=\"#sdfootnote1anc\">1<\/a> Zob. \u015awiat \u2013 populacja 1800-2100, <a href=\"http:\/\/populacja.population.city\/world\/\">http:\/\/populacja.population.city\/world\/<\/a>, (dost\u0119p: 30 .11. 2021 r.)<\/p>\r\n<p>\n\n\n<\/p>\n\n\n<p><a id=\"sdfootnote2sym\" href=\"#sdfootnote2anc\">2<\/a> Zob. Europa \u2013 populacja, <a href=\"http:\/\/population.city\/world\/eu\">http:\/\/population.city\/world\/eu<\/a> (dost\u0119p: 10.01. 2021 r.)<\/p>\r\n<p>\n\n\n<\/p>\n\n\n<p><a id=\"sdfootnote3sym\" href=\"#sdfootnote3anc\">3<\/a> Zob. Populacja \u015bwiata, <a href=\"http:\/\/populacja.population.city\/\">http:\/\/populacja.population.city\/<\/a> (dost\u0119p: 14 .06. 2021 r.)<\/p>\r\n<p>\n\n\n<\/p>\n\n\n<p><a id=\"sdfootnote4sym\" href=\"#sdfootnote4anc\">4<\/a> Zob. S. Szulc, Zagadnienia demograficzne, s. 39.<\/p>\r\n<p>\n\n\n<\/p>\n\n\n<p><a id=\"sdfootnote5sym\" href=\"#sdfootnote5anc\">5<\/a> Zob. K. Bielawny, Depopulacja Rosji (\u0414\u0435\u043f\u043e\u043f\u0443\u043b\u044f\u0446\u0438\u044f \u0420\u043e\u0441\u0441\u0438\u0438), &#8222;Nasz Dziennik&#8221; 2022, nr 18, z 24 I.<\/p>\r\n<p>\n\n\n<\/p>\n\n\n<p><a id=\"sdfootnote6sym\" href=\"#sdfootnote6anc\">6<\/a> Zob. K. Bielawny, Dramat depopulacji. Jak Polska straci\u0142a sw\u00f3j demograficzny dynamizm, NDz 2021, nr 188, z 16 VIII.<\/p>\r\n<p>\n\n\n<\/p>\n\n\n<p><a id=\"sdfootnote7sym\" href=\"#sdfootnote7anc\">7<\/a> Zob. Wsp\u00f3\u0142czynnik dzietno\u015bci w Europie spada, ale s\u0105 wyj\u0105tki, https:\/\/portalstatystyczny.pl\/wspolczynnik-dzietnosci-w-europie-spada-ale-sa-wyjatki\/ (dost\u0119p: 19 .10. 2022 r.)<\/p>\r\n<p>\n\n\n<\/p><p>Views: 287<\/p>","protected":false},"excerpt":{"rendered":"<p>&nbsp; Zmiany demograficzne mieszka\u0144c\u00f3w Europy na tle populacji og\u00f3lno\u015bwiatowej W roku 1900 liczba ludno\u015bci \u015bwiata waha\u0142a si\u0119 w granicach 1,64 mld1, a Europejczyk\u00f3w 285,6 mln2, co stanowi\u0142o 17,35%. W kolejnych czternastu latach procentowy udzia\u0142 mieszka\u0144c\u00f3w Europy w stosunku do populacji og\u00f3lno\u015bwiatowej powi\u0119kszy\u0142 si\u0119 o 7,09%. W roku 1914 liczba ludno\u015bci \u015bwiata wzros\u0142a do 1,8 mld3, &hellip; <\/p>\n<p class=\"link-more\"><a href=\"https:\/\/demografia.com.pl\/demografia\/depopulacja-europy-a-m\/\" class=\"more-link\">Czytaj dalej<span class=\"screen-reader-text\"> \u201eDepopulacja Europy A-M\u201d<\/span><\/a><\/p>\n","protected":false},"author":1,"featured_media":4757,"parent":0,"menu_order":0,"comment_status":"closed","ping_status":"closed","template":"","meta":{"footnotes":""},"class_list":["post-130","page","type-page","status-publish","has-post-thumbnail","hentry"],"_links":{"self":[{"href":"https:\/\/demografia.com.pl\/demografia\/wp-json\/wp\/v2\/pages\/130","targetHints":{"allow":["GET"]}}],"collection":[{"href":"https:\/\/demografia.com.pl\/demografia\/wp-json\/wp\/v2\/pages"}],"about":[{"href":"https:\/\/demografia.com.pl\/demografia\/wp-json\/wp\/v2\/types\/page"}],"author":[{"embeddable":true,"href":"https:\/\/demografia.com.pl\/demografia\/wp-json\/wp\/v2\/users\/1"}],"replies":[{"embeddable":true,"href":"https:\/\/demografia.com.pl\/demografia\/wp-json\/wp\/v2\/comments?post=130"}],"version-history":[{"count":4,"href":"https:\/\/demografia.com.pl\/demografia\/wp-json\/wp\/v2\/pages\/130\/revisions"}],"predecessor-version":[{"id":5261,"href":"https:\/\/demografia.com.pl\/demografia\/wp-json\/wp\/v2\/pages\/130\/revisions\/5261"}],"wp:featuredmedia":[{"embeddable":true,"href":"https:\/\/demografia.com.pl\/demografia\/wp-json\/wp\/v2\/media\/4757"}],"wp:attachment":[{"href":"https:\/\/demografia.com.pl\/demografia\/wp-json\/wp\/v2\/media?parent=130"}],"curies":[{"name":"wp","href":"https:\/\/api.w.org\/{rel}","templated":true}]}}