{"id":1347,"date":"2022-12-02T11:32:29","date_gmt":"2022-12-02T11:32:29","guid":{"rendered":"https:\/\/demografia.com.pl\/demografia\/?page_id=1347"},"modified":"2023-09-19T10:56:31","modified_gmt":"2023-09-19T10:56:31","slug":"tresc-spiewamych-tekstow-w-klubach-nocnych","status":"publish","type":"page","link":"https:\/\/demografia.com.pl\/demografia\/tresc-spiewamych-tekstow-w-klubach-nocnych\/","title":{"rendered":"Tre\u015b\u0107 \u015bpiewamych tekst\u00f3w w klubach nocnych"},"content":{"rendered":"\n<div class=\"wp-block-columns is-layout-flex wp-container-core-columns-is-layout-9d6595d7 wp-block-columns-is-layout-flex\">\n<div class=\"wp-block-column is-layout-flow wp-block-column-is-layout-flow\" style=\"flex-basis:100%\">\n<p>Autor: Hubert Kacperski (pseudonim &#8211; Ronnie Ferrari)<\/p>\n\n\n\n<div class=\"wp-block-columns is-layout-flex wp-container-core-columns-is-layout-9d6595d7 wp-block-columns-is-layout-flex\">\n<div class=\"wp-block-column is-layout-flow wp-block-column-is-layout-flow\">\n<p class=\"has-large-font-size\"><strong>Origami<\/strong><\/p>\n\n\n\n<p><br>To jest Ferrari<\/p>\n\n\n\n<p>[Refren]<br>Nie gadam z pa\u0142ami<br>Jedziemy z ku*wami<br>A ku*wy jad\u0105 z nami, woo<br>Ej, tacy zabiegani<br>Robimy z pieni\u0119dzy, co?<br>Origami, yeah<br>Nie gadam z pa\u0142ami<br>Jedziemy z ku*wami<br>A ku*wy jad\u0105 z nami, woo<br>Ej, tacy zabiegani<br>Robimy z pieni\u0119dzy, co?<br>Origami<br>7 rano, trzeba robi\u0107 siano<br>Tylko got\u00f3wka, przelew, nie to samo<br>Liczy j\u0105 Wiktor, bierze j\u0105 Kabano<br>Robimy z g\u0142ow\u0105 i z marihuan\u0105<br>Przedsi\u0119biorcy, druga s\u0142u\u017cba zdrowia<br>Dystrybucja, same dobre s\u0142owa<br>Satysfakcja, egzotyczny towar<br>Na taki presti\u017c mordo to trzeba zapracowa\u0107<br>Firmowe auta, ciemna szyba w czarnym macie<br>A jak mamy robi\u0107 ruchy, to chce rusza\u0107 si\u0119 w S-klasie<br>Jak mamy \u015bci\u0105ga\u0107 buchy, to chc\u0119 \u015bci\u0105ga\u0107 je na trasie<br>Wozimy si\u0119 powoli, tak\u0105 mamy ci\u0119\u017ck\u0105 prac\u0119<br>Woo, mo\u017ce nie je\u017cd\u017c\u0119 w ferrari<br>A jedno do drugiego tyle ma, \u017ce du\u017co pali (Marihuana)<\/p>\n\n\n\n<p>Pozdrowienia z Bali<br>Pozdrawiamy przedsi\u0119biorc\u00f3w l\u0435\u017c\u0105c pod palmami, woo<\/p>\n\n\n\n<p>[Refren]<br>Nie gadam z pa\u0142ami<br>Jedziemy z ku*wami<br>A ku*wy jad\u0105 z nami, woo<br>Ej, tacy zabi\u0435gani<br>Robimy z pieni\u0119dzy, co?<br>Origami, yeah<br>Nie gadam z pa\u0142ami<br>Jedziemy z ku*wami<br>A ku*wy jad\u0105 z nami, woo<br>Ej, tacy zabiegani<br>Robimy z pieni\u0119dzy, co?<br>Origami<\/p>\n\n\n\n<p><br>Nie mam nic do ukrycia, chowa to si\u0119 narkotyki<br>Pie*doli si\u0119 policj\u0119 i ku*wy z polityki<br>Rzucamy wam prezenty jak wujkowie z Ameryki<br>To Ferrari sk\u0142ada wers, mordo, wrzu\u0107 to na g\u0142o\u015bniki, ej<br>\u015awi\u0119ty sakrament, nigdy nie jaramy sami<br>Nie wygl\u0105dam na ksi\u0119dza, a wiernych mam pod drzwiami<\/p>\n\n\n\n<p>Towar buja tak, \u017ce suki trz\u0119s\u0105 po\u015bladkami<br>I w\u0142a\u015bnie przez te fale jara\u0142 weed z kole\u017cankami, ej<br>Spoko ma\u0142a, ca\u0142y czas robi\u0119 ten papier<br>On wp\u0142ywa mi na konto nawet wtedy kiedy chrapi\u0119<br>On wp\u0142ywa mi na konto kiedy nie mam miejsca w szafie<br>Pierdol\u0119 te iksy, nie chc\u0119 ich mie\u0107 tu na mapie<br>Chc\u0119 je wszystkie, suki zaje*iste<br>Rzucam jagodziary jak Domino ser na pizz\u0119<br>On m\u00f3wi po koncercie, \u017ce chce ze mn\u0105 picture<br>Nie mam czasu ma\u0142a, przecie\u017c trzeba robi\u0107 biznes<\/p>\n\n\n\n<p>[Refren]<br>Nie gadam z pa\u0142ami<br>Jedziemy z ku*wami<br>A ku*wy jad\u0105 z nami, woo<br>Ej, tacy zabiegani<br>Robimy z pieni\u0119dzy, co?<br>Origami, yeah<br>Nie gadam z pa\u0142ami<br>Jedziemy z ku*wami<br>A ku*wy jad\u0105 z nami, woo<br>Ej, tacy zabiegani<br>Robimy z pieni\u0119dzy, co?<br>Origami<\/p>\n\n\n\n<p>[Outro]<br>Numer zastrze\u017cony wtyka najarany skunem<br>Wys\u0142a\u0142em ostrze\u017cenie, lubi igra\u0107 z ogniem, dure\u0144<br>Strzelamy prosto w okna zawodowo czy warunek<br>Mo\u017ce wy\u0142apa\u0107 klapsa, kurwisko przegina strun\u0119<br>Chodzi jak Adidas, konopia pe\u0142en wypas<br>Kurwy po narkotykach, waga zegar zamyka<br>\u017b\u00f3\u0142te Lambo, pika-pika, striptiz na g\u0142o\u015bnikach<br>Bez majtek dupy witam, nikt nie zadaje pyta\u0144<br>Jestem biznesmenem, mamy w\u0142asne przedsi\u0119biorstwo<br>Narkotykowy rynek, jak wchodzimy jest gor\u0105co<br>Rozebrane szmaty, m\u0142ody hustler kr\u0119ci porno<br>Nagle bez sku*wysyna jak za du\u017co klepie mord\u0105<br>Na gleb\u0119 (Na gleb\u0119), AK-47<br>Przemys\u0142 narkotykowy jemy na \u015bniadanie z chlebem<br>Na gleb\u0119 (Na gleb\u0119), to nie apteka, Hebe<br>Przemys\u0142 narkotykowy, dzwonisz jak b\u0119dziesz w potrzebie<\/p>\n\n\n\n<p>\u0179r\u00f3d\u0142o: https:\/\/www.groove.pl\/ronnie-ferrari\/origami\/piosenka\/1014294<\/p>\n<\/div>\n\n\n\n<div class=\"wp-block-column is-layout-flow wp-block-column-is-layout-flow\">\n<p class=\"has-large-font-size\"><strong>Szatan<\/strong><\/p>\n\n\n\n<p>To jest Ferrari<\/p>\n\n\n\n<p>Dla mamy dla brata dla taty, \u015bwiata<br>Dla wszystkich ziomali co g\u0142owa im lata<\/p>\n\n\n\n<p>Jak szatan jak szatan<br>Jak szatan jak szatan<br>Jak szatan jak szatan<br>Jak szatan jak szatan<\/p>\n\n\n\n<p>Dla mamy dla brata dla taty, \u015bwiata<br>Dla wszystkich ziomali co g\u0142owa im lata<\/p>\n\n\n\n<p>Jak szatan jak szatan<br>Jak szatan jak szatan<br>Jak szatan jak szatan<br>Jak szatan jak szatan<\/p>\n\n\n\n<p>P\u00f3\u0142 niewyspany ale \u015bwie\u017cy<br>Producent taki jak nale\u017cy<br>Docieram z nadmorskich wybrze\u017cy<br>\u017byj\u0119 by \u017cy\u0107, nie tylko prze\u017cy\u0107<br>Wi\u0119c s\u0142uchaj mnie tu<\/p>\n\n\n\n<p>Suka przy kolanie tak budzony jestem z rana<br>U\u017cytkownik Ronnie do\u0142\u0105czy\u0142 do telegrama<br>Stale \u0142api\u0119 buchy stale robi\u0119 to jak szaman<br>Moja szata pachnie Dior a<br>Na nogach Balenciaga<\/p>\n\n\n\n<p>Wiem \u017ce ja i hip-hop si\u0119 troch\u0119 nie op\u0142aca<br>Ja jestem z bran\u017cy disco i pierdoli mnie kasa<br>Odda\u0142em muzie wszystko, po\u015bwi\u0119ci\u0142em lata<br>A co mi w muzie przysz\u0142o<br>To tylko ci\u0119\u017cka praca<\/p>\n\n\n\n<p>Dla mamy dla brata dla taty, \u015bwiata<br>Dla wszystkich ziomali co g\u0142owa im lata<\/p>\n\n\n\n<p>Jak szatan jak szatan<br>Jak szatan jak szatan<br>Jak szatan jak szatan<br>Jak szatan jak szatan<\/p>\n\n\n\n<p>Dla mamy dla brata dla taty, \u015bwiata<br>Dla wszystkich ziomali co g\u0142owa im lata<\/p>\n\n\n\n<p>Jak szatan jak szatan<br>Jak szatan jak szatan<br>Jak szatan jak szatan<br>Jak szatan jak szatan<\/p>\n\n\n\n<p>Zmieniam bity jak skarpety ameryki chcieli<br>Nie dostawali niestety chc\u0119 pokaza\u0107 rzeczy<br>Z ka\u017cdym gryzem wzrasta m\u00f3j apetyt<\/p>\n\n\n\n<p>Mog\u0119 mie\u0107, mog\u0119 bra\u0107 bo ju\u017c wiem, \u017ce to czas<br>Musz\u0119 zdj\u0119cie i zdj\u0119cie i zdj\u0119cie jej da\u0107<br>Po koncercie, koncercie, koncercie j\u0105 bra\u0107<br>Zegar tyka, spokoju nie zaznam i spa\u0107<\/p>\n\n\n\n<p>Oczy szeroko otwarte<br>Mo\u017ce przem\u0119czone ale stale trzymam gard\u0119<br>Pcham ten w\u00f3zek w Polsk\u0119<br>Pcham w nim swoj\u0105 wyobra\u017ani\u0119<br>Dumna ze mnie mama, tata widz\u0119 to wyra\u017anie<\/p>\n\n\n\n<p>\u0179r\u00f3d\u0142o:&nbsp;<a href=\"https:\/\/lyrics.lyricfind.com\/\">LyricFind<\/a><\/p>\n\n\n\n<p class=\"has-large-font-size\"><strong>We\u017a pigu\u0142k\u0119<\/strong><\/p>\n\n\n\n<p>To pierwszy etap w\u0119dr\u00f3wki po z\u0142oto<br>Wiec przygotuj ziom\u00f3w i wbijaj na tuba<br>Ja wiem ze masz mnie ju\u017c za cz\u0142owieka z flota<br>Lecz prawda jest taka ze pije po klubach<\/p>\n\n\n\n<p>Nie jestem raperem, lecz chcia\u0142bym to zmieni\u0107<br>Bo wni\u00f3s\u0142 bym wi\u0119cej ni\u017c iloczyn sz\u00f3stek<br>W dzisiejszych czasach rap gra jest jak tenis<br>Odbijesz pi\u0142eczk\u0119 i spierdala z punktem<\/p>\n\n\n\n<p>Dobra ten temat zostawmy w spokoju<br>Rozlicz\u0119 go kiedy\u015b a teraz nie o tym<br>Dzi\u015b biore pigu\u0142\u0119 a ty jeste\u015b w szoku<br>Bo znasz te melodie jak mental ezoty<\/p>\n\n\n\n<p>Szczenna \u015bci\u015bni\u0119ta jak neodym\u00f3wki<br>Biegn\u0119 przed siebie , mam czerwone oczy<br>Zyskuje poczucie utraty got\u00f3wki<br>A banknoty lec\u0105 jak na myszy koty<br>Ziomeczku zluzuj, opanuj zap\u0119dy<br>Ja jestem tutaj od tego<br>\u017beby s mia\u0142 przy czym odp\u0142yn\u0105\u0107 w weekend<br>Ta, wykorzystaj moment przerwy!<br>Ta, odpierdala tu derby<br>Teraz zamknij oczy<br>Wczuj si\u0119 w bit<br>I kurwa WE\u0179 PIGU\u0141\u0118!<br><\/p>\n\n\n\n<p>\u0179r\u00f3d\u0142o: https:\/\/pesnihi.com\/lyrics\/r\/ronnie-ferrari\/wez-pigulke.html<\/p>\n<\/div>\n<\/div>\n<\/div>\n<\/div>\n<p>Views: 10<\/p>","protected":false},"excerpt":{"rendered":"<p>Autor: Hubert Kacperski (pseudonim &#8211; Ronnie Ferrari) Origami To jest Ferrari [Refren]Nie gadam z pa\u0142amiJedziemy z ku*wamiA ku*wy jad\u0105 z nami, wooEj, tacy zabieganiRobimy z pieni\u0119dzy, co?Origami, yeahNie gadam z pa\u0142amiJedziemy z ku*wamiA ku*wy jad\u0105 z nami, wooEj, tacy zabieganiRobimy z pieni\u0119dzy, co?Origami7 rano, trzeba robi\u0107 sianoTylko got\u00f3wka, przelew, nie to samoLiczy j\u0105 Wiktor, bierze &hellip; <\/p>\n<p class=\"link-more\"><a href=\"https:\/\/demografia.com.pl\/demografia\/tresc-spiewamych-tekstow-w-klubach-nocnych\/\" class=\"more-link\">Czytaj dalej<span class=\"screen-reader-text\"> \u201eTre\u015b\u0107 \u015bpiewamych tekst\u00f3w w klubach nocnych\u201d<\/span><\/a><\/p>\n","protected":false},"author":1,"featured_media":3865,"parent":0,"menu_order":0,"comment_status":"closed","ping_status":"closed","template":"","meta":{"footnotes":""},"class_list":["post-1347","page","type-page","status-publish","has-post-thumbnail","hentry"],"_links":{"self":[{"href":"https:\/\/demografia.com.pl\/demografia\/wp-json\/wp\/v2\/pages\/1347","targetHints":{"allow":["GET"]}}],"collection":[{"href":"https:\/\/demografia.com.pl\/demografia\/wp-json\/wp\/v2\/pages"}],"about":[{"href":"https:\/\/demografia.com.pl\/demografia\/wp-json\/wp\/v2\/types\/page"}],"author":[{"embeddable":true,"href":"https:\/\/demografia.com.pl\/demografia\/wp-json\/wp\/v2\/users\/1"}],"replies":[{"embeddable":true,"href":"https:\/\/demografia.com.pl\/demografia\/wp-json\/wp\/v2\/comments?post=1347"}],"version-history":[{"count":2,"href":"https:\/\/demografia.com.pl\/demografia\/wp-json\/wp\/v2\/pages\/1347\/revisions"}],"predecessor-version":[{"id":3862,"href":"https:\/\/demografia.com.pl\/demografia\/wp-json\/wp\/v2\/pages\/1347\/revisions\/3862"}],"wp:featuredmedia":[{"embeddable":true,"href":"https:\/\/demografia.com.pl\/demografia\/wp-json\/wp\/v2\/media\/3865"}],"wp:attachment":[{"href":"https:\/\/demografia.com.pl\/demografia\/wp-json\/wp\/v2\/media?parent=1347"}],"curies":[{"name":"wp","href":"https:\/\/api.w.org\/{rel}","templated":true}]}}