{"id":3486,"date":"2023-05-01T05:05:18","date_gmt":"2023-05-01T05:05:18","guid":{"rendered":"https:\/\/demografia.com.pl\/demografia\/?page_id=3486"},"modified":"2023-10-12T19:35:23","modified_gmt":"2023-10-12T19:35:23","slug":"apel-do-polakow","status":"publish","type":"page","link":"https:\/\/demografia.com.pl\/demografia\/apel-do-polakow\/","title":{"rendered":"Apel do Rodak\u00f3w w Polsce i na obczy\u017anie"},"content":{"rendered":"\n<p><\/p>\n\n\n\n<p class=\"has-medium-font-size\">1. Staro\u017cytne cywilizacje upad\u0142y, zniszczy\u0142a je rozwi\u0105z\u0142o\u015b\u0107, antykoncepcja, aborcja, deprawacja dzieci i m\u0142odzie\u017cy a tak\u017ce rozwody.<\/p>\n\n\n\n<p class=\"has-medium-font-size\">2. Nasza Ojczyzna istnieje dzi\u0119ki silnej wierze w Boga, silnej rodzinie, stabilnemu ma\u0142\u017ce\u0144stwu i dobrze wychowanemu m\u0142odemu pokoleniu<\/p>\n\n\n\n<p class=\"has-medium-font-size\">3. Obecnie giniemy w wymiarze demograficznym<\/p>\n\n\n\n<p class=\"has-medium-font-size\">4. Ubywa nas z ka\u017cdym rokiem<\/p>\n\n\n\n<p class=\"has-medium-font-size\">5. Niszczy nas antykoncepcja, zaprzesta\u0144my jej u\u017cywa\u0107.<\/p>\n\n\n\n<p class=\"has-medium-font-size\">6. Niszczy nas aborcja, szanujmy \u017cycie od pocz\u0119cia do naturalnej \u015bmierci<\/p>\n\n\n\n<p class=\"has-medium-font-size\">7. Niszcz\u0105 nas rozwody i brak silnych duchowo i moralnie rodzin<\/p>\n\n\n\n<p class=\"has-medium-font-size\">8. Niszczy nas deprawacja dzieci i m\u0142odzie\u017cy<\/p>\n\n\n\n<p class=\"has-medium-font-size\">9. Zadajmy z\u0142emu kres.<\/p>\n\n\n\n<p class=\"has-medium-font-size\">10. Ratujmy Polsk\u0119 i nasze rodziny<\/p>\n\n\n\n<p class=\"has-medium-font-size\"><em>Pedagodzy, farmaceuci i lekarze<\/em><\/p>\n<p>Views: 469<\/p>","protected":false},"excerpt":{"rendered":"<p>1. Staro\u017cytne cywilizacje upad\u0142y, zniszczy\u0142a je rozwi\u0105z\u0142o\u015b\u0107, antykoncepcja, aborcja, deprawacja dzieci i m\u0142odzie\u017cy a tak\u017ce rozwody. 2. Nasza Ojczyzna istnieje dzi\u0119ki silnej wierze w Boga, silnej rodzinie, stabilnemu ma\u0142\u017ce\u0144stwu i dobrze wychowanemu m\u0142odemu pokoleniu 3. Obecnie giniemy w wymiarze demograficznym 4. Ubywa nas z ka\u017cdym rokiem 5. Niszczy nas antykoncepcja, zaprzesta\u0144my jej u\u017cywa\u0107. 6. Niszczy &hellip; <\/p>\n<p class=\"link-more\"><a href=\"https:\/\/demografia.com.pl\/demografia\/apel-do-polakow\/\" class=\"more-link\">Czytaj dalej<span class=\"screen-reader-text\"> \u201eApel do Rodak\u00f3w w Polsce i na obczy\u017anie\u201d<\/span><\/a><\/p>\n","protected":false},"author":1,"featured_media":3987,"parent":0,"menu_order":0,"comment_status":"closed","ping_status":"closed","template":"","meta":{"footnotes":""},"class_list":["post-3486","page","type-page","status-publish","has-post-thumbnail","hentry"],"_links":{"self":[{"href":"https:\/\/demografia.com.pl\/demografia\/wp-json\/wp\/v2\/pages\/3486","targetHints":{"allow":["GET"]}}],"collection":[{"href":"https:\/\/demografia.com.pl\/demografia\/wp-json\/wp\/v2\/pages"}],"about":[{"href":"https:\/\/demografia.com.pl\/demografia\/wp-json\/wp\/v2\/types\/page"}],"author":[{"embeddable":true,"href":"https:\/\/demografia.com.pl\/demografia\/wp-json\/wp\/v2\/users\/1"}],"replies":[{"embeddable":true,"href":"https:\/\/demografia.com.pl\/demografia\/wp-json\/wp\/v2\/comments?post=3486"}],"version-history":[{"count":1,"href":"https:\/\/demografia.com.pl\/demografia\/wp-json\/wp\/v2\/pages\/3486\/revisions"}],"predecessor-version":[{"id":3988,"href":"https:\/\/demografia.com.pl\/demografia\/wp-json\/wp\/v2\/pages\/3486\/revisions\/3988"}],"wp:featuredmedia":[{"embeddable":true,"href":"https:\/\/demografia.com.pl\/demografia\/wp-json\/wp\/v2\/media\/3987"}],"wp:attachment":[{"href":"https:\/\/demografia.com.pl\/demografia\/wp-json\/wp\/v2\/media?parent=3486"}],"curies":[{"name":"wp","href":"https:\/\/api.w.org\/{rel}","templated":true}]}}