{"id":398,"date":"2022-10-27T20:53:46","date_gmt":"2022-10-27T20:53:46","guid":{"rendered":"https:\/\/demografia.com.pl\/demografia\/?page_id=398"},"modified":"2024-04-14T20:50:18","modified_gmt":"2024-04-14T18:50:18","slug":"depopulacja-europy-p-z","status":"publish","type":"page","link":"https:\/\/demografia.com.pl\/demografia\/depopulacja-europy-p-z\/","title":{"rendered":"Depopulacja Europy P-Z"},"content":{"rendered":"<p>&nbsp;<\/p>\r\n\r\n<p>W ci\u0105gu ostatnich stu dwudziestu lat udzia\u0142 ludno\u015bci mieszkaj\u0105cej w granicach Europy w stosunku do populacji og\u00f3lno\u015bwiatowej spad\u0142 ponad dwuip\u00f3\u0142krotnie. W roku 2020 wynosi\u0142 niewiele 9,38 procent. <b><a href=\"https:\/\/demografia.com.pl\/demografia\/depopulacja-europy\/\">Dalej<\/a><\/b><\/p>\r\n<p>\r\n\r\n<\/p>\r\n<p><\/p>\r\n<p>&nbsp;<\/p>\r\n<p><\/p>\r\n<p><\/p>\r\n<p>&nbsp;<\/p>\r\n<p><\/p>\r\n<p>&nbsp;<\/p><p>Views: 173<\/p>","protected":false},"excerpt":{"rendered":"<p>&nbsp; W ci\u0105gu ostatnich stu dwudziestu lat udzia\u0142 ludno\u015bci mieszkaj\u0105cej w granicach Europy w stosunku do populacji og\u00f3lno\u015bwiatowej spad\u0142 ponad dwuip\u00f3\u0142krotnie. W roku 2020 wynosi\u0142 niewiele 9,38 procent. Dalej &nbsp; &nbsp; &nbsp; Views: 173<\/p>\n","protected":false},"author":1,"featured_media":4942,"parent":0,"menu_order":0,"comment_status":"closed","ping_status":"closed","template":"","meta":{"footnotes":""},"class_list":["post-398","page","type-page","status-publish","has-post-thumbnail","hentry"],"_links":{"self":[{"href":"https:\/\/demografia.com.pl\/demografia\/wp-json\/wp\/v2\/pages\/398","targetHints":{"allow":["GET"]}}],"collection":[{"href":"https:\/\/demografia.com.pl\/demografia\/wp-json\/wp\/v2\/pages"}],"about":[{"href":"https:\/\/demografia.com.pl\/demografia\/wp-json\/wp\/v2\/types\/page"}],"author":[{"embeddable":true,"href":"https:\/\/demografia.com.pl\/demografia\/wp-json\/wp\/v2\/users\/1"}],"replies":[{"embeddable":true,"href":"https:\/\/demografia.com.pl\/demografia\/wp-json\/wp\/v2\/comments?post=398"}],"version-history":[{"count":2,"href":"https:\/\/demografia.com.pl\/demografia\/wp-json\/wp\/v2\/pages\/398\/revisions"}],"predecessor-version":[{"id":4943,"href":"https:\/\/demografia.com.pl\/demografia\/wp-json\/wp\/v2\/pages\/398\/revisions\/4943"}],"wp:featuredmedia":[{"embeddable":true,"href":"https:\/\/demografia.com.pl\/demografia\/wp-json\/wp\/v2\/media\/4942"}],"wp:attachment":[{"href":"https:\/\/demografia.com.pl\/demografia\/wp-json\/wp\/v2\/media?parent=398"}],"curies":[{"name":"wp","href":"https:\/\/api.w.org\/{rel}","templated":true}]}}