{"id":5058,"date":"2024-08-27T22:16:24","date_gmt":"2024-08-27T20:16:24","guid":{"rendered":"https:\/\/demografia.com.pl\/demografia\/?page_id=5058"},"modified":"2024-09-27T22:24:25","modified_gmt":"2024-09-27T20:24:25","slug":"miala-byc-dekomunizacja-a-wyszla-dekatolicyzacja","status":"publish","type":"page","link":"https:\/\/demografia.com.pl\/demografia\/zwiazki-cywilne-i-rozwody-2\/miala-byc-dekomunizacja-a-wyszla-dekatolicyzacja\/","title":{"rendered":"Mia\u0142a by\u0107 dekomunizacja, a wysz\u0142a dekatolicyzacja"},"content":{"rendered":"<p>&nbsp;<\/p>\n<p align=\"justify\">Przemiany spo\u0142eczno-polityczne zapocz\u0105tkowane strajkami robotnik\u00f3w w 1980 roku zrodzi\u0142y ruch spo\u0142eczny, kt\u00f3ry przerodzi\u0142 si\u0119 w Niezale\u017cny Zwi\u0105zek Zawodowy \u201eSolidarno\u015b\u0107\u201d, skupiaj\u0105cy w swoich szeregach kilka milion\u00f3w os\u00f3b. Dynamizm tego ruchu zosta\u0142 jednak wyhamowany przez junt\u0119 wojskow\u0105 genera\u0142a Wojciecha Jaruzelskiego, kt\u00f3ra z 12 na 13 grudnia 1981 roku, pod os\u0142on\u0105 nocy, wprowadzi\u0142a stan wojenny. Mimo turbulencji dziejowych lat osiemdziesi\u0105tych XX wieku, nar\u00f3d polski d\u0105\u017cy\u0142 do odzyskania suwerenno\u015bci i to\u017csamo\u015bci. Ostatecznie w\u0142adze komunistyczne uleg\u0142y naciskom spo\u0142ecznym, zasiadaj\u0105c przy okr\u0105g\u0142ym stole wraz z przedstawicielami r\u00f3\u017cnych grup spo\u0142ecznych. Ostatecznie w\u0142adze komunistyczne uleg\u0142y naciskom spo\u0142ecznym, zasiadaj\u0105c przy okr\u0105g\u0142ym stole wraz z przedstawicielami r\u00f3\u017cnych grup spo\u0142ecznych.<\/p>\n<p><b> Ko\u015bci\u00f3\u0142 wierny narodowi <\/b><\/p>\n<p align=\"justify\">Bardzo wa\u017cn\u0105 rol\u0119 w drodze do odzyskiwania suwerenno\u015bci przez Polak\u00f3w odegra\u0142 kard. S. Wyszy\u0144ski, Prymas Polski i kard. Karol Wojty\u0142a, arcybiskup krakowski, p\u00f3\u017aniejszy papie\u017c Jan Pawe\u0142 II. Ko\u015bci\u00f3\u0142 przez ca\u0142e stulecia by\u0142 niekwestionowanym nauczycielem narodu polskiego w wymiarze duchowym i moralnym, a tak\u0105 rol\u0119 odgrywa\u0142 r\u00f3wnie\u017c w latach osiemdziesi\u0105tych XX wieku. Pielgrzymki Jana Paw\u0142a II do Polski gromadzi\u0142y setki tysi\u0119cy wiernych, a ruch pielgrzymkowy na Jasn\u0105 G\u00f3r\u0119 i do innych sanktuari\u00f3w przyci\u0105ga\u0142 tysi\u0105ce m\u0142odych Polak\u00f3w. Rekolekcje oazowe cieszy\u0142y si\u0119 ogromnym zainteresowaniem w\u015br\u00f3d m\u0142odzie\u017cy, a katechizacja w salkach katechetycznych przebiega\u0142a sprawnie, gromadz\u0105c niemal 100-procentow\u0105 rzesz\u0119 dzieci ze szk\u00f3\u0142 podstawowych. Stabilizatorem nastroj\u00f3w spo\u0142ecznych przez kilka dekad po II wojnie \u015bwiatowej by\u0142 Ko\u015bci\u00f3\u0142 rzymskokatolicki. Tak by\u0142o przez stulecia.<\/p>\n<p align=\"justify\">Nar\u00f3d polski i Ko\u015bci\u00f3\u0142 rzymskokatolicki tworzyli jedn\u0105 wsp\u00f3lnot\u0119 przez stulecia. Tak by\u0142o w czasie rozbior\u00f3w, kiedy pr\u00f3bowano zgermanizowa\u0107 i zrusyfikowa\u0107 Polak\u00f3w. Uczy\u0142 mi\u0142o\u015bci do Ojczyzny, rodziny i nieprzyjaci\u00f3\u0142. W czasie II wojny \u015bwiatowej poni\u00f3s\u0142 ogromne straty razem z ca\u0142ym narodem polskim, a w okresie komunizmu broni\u0142 wiary w Polakach przed ateizacj\u0105. Obrady okr\u0105g\u0142ego sto\u0142u w 1989 roku mia\u0142y zapocz\u0105tkowa\u0107 dekomunizacj\u0119 w Polsce. Wyg\u0142aszano r\u00f3\u017cnorodne mowy, zar\u00f3wno przez polityk\u00f3w, spo\u0142ecznicy, jak i intelektualist\u00f3w, w\u015br\u00f3d kt\u00f3rych nie zabrak\u0142o duchownych. Niestety, proces dekomunizacji nie zosta\u0142 zrealizowany. Mimo wielu pr\u00f3b, wszystkie ko\u0144czy\u0142y si\u0119 fiaskiem. Premier Jan Olszewski podj\u0105\u0142 pr\u00f3b\u0119, ale jego rz\u0105d zosta\u0142 obalony w nocy z 4 na 5 czerwca 1992 roku. Do w\u0142adzy w Polsce ponownie powr\u00f3cili komuni\u015bci, libera\u0142owie i libertyni. W ci\u0105gu ponad trzech dekad dekomunizacja nie zosta\u0142a przeprowadzona, a je\u015bli ju\u017c, to jedynie na niewielkim obszarze. W niekt\u00f3rych miastach pozmieniano nazwy ulic, znikn\u0119\u0142y pomniki utrwalaczy w\u0142adzy komunistycznej na ziemiach polskich, czy patronowie komunistyczni r\u00f3\u017cnych instytucji, m.in. szk\u00f3\u0142. Ogromn\u0105 prac\u0119 na rzecz u\u015bwiadamiania narodu polskiego, czym by\u0142 komunizm, wykona\u0142 Instytut Pami\u0119ci Narodowej, kt\u00f3ry przez ca\u0142y czas spotyka\u0142 si\u0119 z pr\u00f3bami likwidacji ze strony postkomunist\u00f3w.<\/p>\n<p align=\"justify\"><b> Niszczenie Ko\u015bcio\u0142a rzymskokatolickiego<\/b><\/p>\n<p align=\"justify\">Do w\u0142adzy w Polsce ponownie powr\u00f3cili komuni\u015bci, libera\u0142owie i libertyni. Dzia\u0142ania te prowadzone by\u0142y od ponad dw\u00f3ch stuleci, jednak od 1990 roku nasili\u0142y si\u0119 pr\u00f3by wyrugowania Ko\u015bcio\u0142a rzymskokatolickiego z przestrzeni spo\u0142ecznej. Dzia\u0142ania te obejmowa\u0142y wiele obszar\u00f3w. O\u015bmieszano duchownych, a na murach miast i wiosek pojawia\u0142y si\u0119 napisy szkaluj\u0105ce ksi\u0119\u017cy. \u015amiem twierdzi\u0107, \u017ce podobnie jak w Stanach Zjednoczonych, tak i w Polsce do seminari\u00f3w duchownych po II wojnie \u015bwiatowej wprowadzano m\u0142odzie\u0144c\u00f3w, kt\u00f3rych zadaniem by\u0142a destrukcja \u017cycia seminaryjnego. Wielu z nich zapewne przyj\u0119\u0142o \u015bwi\u0119cenia kap\u0142a\u0144skie, by w przysz\u0142o\u015bci sia\u0107 zgorszenie i nie\u0142ad moralny w parafiach. Ko\u015bci\u00f3\u0142, ze swoim przes\u0142aniem ewangelicznym, prowadzi\u0142 nar\u00f3d polski przez najtrudniejsze turbulencje dziejowe, jak w czasie rozbior\u00f3w, kiedy pr\u00f3bowano zgermanizowa\u0107 i zrusyfikowa\u0107 Polak\u00f3w.<\/p>\n<p align=\"justify\">Obecnie jeste\u015bmy \u015bwiadkami zmasowanego ataku ze strony rz\u0105du liberalno-liberty\u0144skiego na katechez\u0119 w szko\u0142ach. Podejmuje si\u0119 kolejny raz pr\u00f3b\u0119 wyrugowania lekcji religii ze szk\u00f3\u0142.<\/p>\n<p align=\"justify\"><b>Deprawacja i dekatolicyzacja przez kluby nocne<\/b><\/p>\n<p align=\"justify\">Jednak najwi\u0119kszego spustoszenia w narodzie polskim dokona\u0142a doskonale przemy\u015blana akcja deprawacji dzieci i m\u0142odzie\u017cy, kt\u00f3ra trwa prawie cztery dekady. Akcj\u0119 takie przeprowadzono w wielu krajach Europy Zachodniej. Deprawatorzy przej\u0119li kontrol\u0119 nad dzie\u0107mi i m\u0142odzie\u017c\u0105, prowadz\u0105c ich na manowce. Czyni\u0105 to r\u00f3\u017cnymi metodami. Jedn\u0105 z nich jest deprawacja m\u0142odych Polak\u00f3w poprzez dyskoteki, a obecnie kluby nocne, kt\u00f3rych na terenie Polski jest oko\u0142o 3 tys. W ci\u0105gu jednej nocy w klubach nocnych bawi si\u0119 oko\u0142o 1,5 mln m\u0142odych os\u00f3b, a nawet dzieci. W tych miejscach nie obowi\u0105zuj\u0105, \u017cadne przepisy prawa. Zosta\u0142y wyj\u0119te spod prawa. Tam obowi\u0105zuje absolutna wolno\u015b\u0107, kt\u00f3ra prowadzi do zniewolenia. Od pocz\u0105tku lat dziewi\u0119\u0107dziesi\u0105tych XX w. zmieniono metod\u0119 zabawy. Udost\u0119pniono m\u0142odym alkohol, narkotyki, wyuzdanie seksualne, muzyk\u0119 kt\u00f3ra bardzo cz\u0119sto przekazuje tre\u015bci demoniczne i prowadzi do zniewolenia duchowego. Syndrom dyskotekowy sta\u0142 si\u0119 przyczyn\u0105 ogromnej tragedii wielu m\u0142odych Polak\u00f3w, kt\u00f3rzy utracili \u017cycie albo zostali ranni w zdarzeniach drogowych lub cierpi\u0105 na r\u00f3\u017cnego rodzaju zaburzenia psychiczne.<\/p>\n<p align=\"justify\">Syndrom dyskotekowy w latach 1990-2019 by\u0142 przyczyn\u0105 24 458 wypadk\u00f3w drogowych, 6012 os\u00f3b ponios\u0142o \u015bmier\u0107, a 35 603 osoby zosta\u0142y ranne. To skutki nowej metody zabaw w klubach nocnych i dyskotekach. W miejscach, gdzie normy moralne niemal nie obowi\u0105zuj\u0105.<\/p>\n<p align=\"justify\">Utrat\u0119 wiary poprzez deprawacj\u0119 zobrazowa\u0142 ju\u017c w latach trzydziestych XX w. ks. Dr Franciszek Sawicki. W konferencji wyg\u0142oszonej do uczestnik\u00f3w Kongresu Chrystusa Kr\u00f3la m\u00f3wi\u0142: \u201eCo mnie od religii odprowadzi\u0142o \u2013 pisze jeden z francuskich konwertyt\u00f3w \u2013 to by\u0142y moralne zboczenia m\u0142odego wieku i niech\u0119\u0107 do spowiedzi. Wielu z tych, kt\u00f3rzy znajduj\u0105 si\u0119 w tym samym po\u0142o\u017ceniu, chc\u0105c m\u00f3wi\u0107 otwarcie, przyznaj\u0105, \u017ce tylko surowe prawo przez religi\u0119 na\u0142o\u017cone na zmys\u0142owo\u015b\u0107 odprowadzi\u0142o ich pocz\u0105tkowo od wiary oraz \u017ce dopiero p\u00f3\u017aniej odczuli potrzeb\u0119 uniewinnienia i usprawiedliwienia zbocze\u0144 moralnych systemem naukowym\u201d.<\/p>\n<p align=\"justify\">Ludzie oddani na pastw\u0119 nami\u0119tno\u015bci trac\u0105 wiar\u0119 w Boga. \u017bycie religijne ledwo w nich wegetuje. W Boga wierz\u0105, ale w \u017cyciu osobistym o Nim nie pami\u0119taj\u0105. Nie uczestnicz\u0105 we Mszach \u015bw., nie korzystaj\u0105, \u017ce spowiedzi \u015bw., nie praktykuj\u0105 codziennej modlitwy. To wszystko potwierdzaj\u0105 nasze spostrze\u017cenia i do\u015bwiadczenia pastoralne. W tym kontek\u015bcie jeste\u015bmy w stanie zrozumie\u0107 szata\u0144ski projekt, ziej\u0105cy nienawi\u015bci\u0105 do Ko\u015bcio\u0142a rzymskokatolickiego, \u201eMy religii katolickiej nie zwyci\u0119\u017cymy rozumowaniem, ale psuciem obyczaj\u00f3w w\u015br\u00f3d m\u0142odzie\u017cy\u201d. I to dzieje si\u0119 na polskiej ziemi od dekad. Obecnie podejmuje si\u0119 deprawacje dzieci w szko\u0142ach. W roku szkolnym 2025\/26 wprowadza si\u0119 do szk\u00f3\u0142 nowy przedmiot \u201eedukacja zdrowotna\u201d, kt\u00f3rej celem jest deprawacja dzieci i m\u0142odzie\u017cy.<\/p>\n<p align=\"justify\"><b> Destrukcyjne pisma m\u0142odzie\u017cowe<\/b><\/p>\n<p align=\"justify\">Ogromnego spustoszenia dokona\u0142y pisma m\u0142odzie\u017cowe wydawane przez niemieckie koncerny prasowe, takie jak \u201ePopcorn\u201d, \u201eDziewczyna\u201d, \u201eBravo\u201d, \u201eBravo Girl\u201d czy \u201eClaudia\u201d. Nie mia\u0142y i nie maj\u0105 \u017cadnej warto\u015bci edukacyjnej. Przez trzy dekady prowadzi\u0142y ci\u0105g\u0142\u0105 deprawacj\u0119 m\u0142odego pokolenia Polak\u00f3w i sprowadza\u0142y je na manowce \u017cycia moralnego. Sta\u0142y si\u0119 przyczyn\u0105 wielu tragedii, zdeprawowa\u0142y sumienia, wykrzywi\u0142y psychik\u0119 i nie przygotowa\u0142y m\u0142odzie\u017cy do podj\u0119cia wa\u017cnych zada\u0144 w \u017cyciu spo\u0142ecznym i rodzinnym. Zadaniem magazyn\u00f3w m\u0142odzie\u017cowych by\u0142o zniewolenie m\u0142odych ludzi tani\u0105 seksualno\u015bci\u0105 (prostytucj\u0105), antyklerykalizmem, a tak\u017ce obyczajowo\u015bci\u0105 lewicow\u0105. Przez trzydzie\u015bci lat przygotowywa\u0142y m\u0142odzie\u017c do uczestnictwa w masowej deprawacji na dyskotekach i w klubach nocnych. Podobny styl nihilistyczny propaguj\u0105 telenowele emitowane w telewizji polskiej. Ch\u0119tnie ogl\u0105dane przez osoby w \u015brednim i starszym wieku.<\/p>\n<p align=\"justify\">Kolejne niebezpiecze\u0144stwo rewolucji seksualnej rozpocz\u0119\u0142o si\u0119 w 2008 r. i trwa do dzi\u015b. Zwi\u0105zane jest z upowszechnieniem internetu, kt\u00f3re przynios\u0142o wiele dobra, ale sta\u0142o si\u0119 tak\u017ce zagro\u017ceniem dla dzieci i m\u0142odzie\u017cy. Deprawatorzy si\u0119gaj\u0105 po coraz m\u0142odsze osoby, wyci\u0105gaj\u0105 r\u0119ce po dzieci. Czyni\u0105 to na bardzo r\u00f3\u017cne sposoby. Poprzez ideologi\u0119 gender, gry, bajki czy strony internetowe propaguj\u0105ce r\u00f3\u017cne tre\u015bci, m.in. pornografi\u0119. Dotyka to wszystkich grup wiekowych.<\/p>\n<p align=\"justify\"><b> Niepodleg\u0142o\u015b\u0107 obyczajowa<\/b><\/p>\n<p align=\"justify\">Przez stulecia o\u015bmieszano Ko\u015bci\u00f3\u0142 rzymskokatolicki, podwa\u017caj\u0105c jego misj\u0119 ewangelizacyjn\u0105. W ostatnich dekadach na ziemi polskiej nie dokonano dekomunizacji, ale dokonano dekatolicyzacj\u0119. Obecnie nasze \u015bwi\u0105tynie pustoszej\u0105, pozostali wierni maj\u0105cy 50 plus. Brak dzieci i m\u0142odzie\u017cy. Polacy maj\u0105cy poni\u017cej pi\u0119\u0107dziesi\u0119ciu lat stali si\u0119 bezideowi, bezbo\u017cni i w ogromnej masie bezdzietni. Ostatecznie doprowadzi\u0142o to do deprawacji i zniewolenia duchowego ca\u0142ych mas m\u0142odego pokolenia Polak\u00f3w. Z oblicze\u0144 wynika, \u017ce w grupie wiekowej od 15. do 50. roku \u017cycia deprawacja i zniewolenie duchowe obj\u0119\u0142o oko\u0142o 80% Polak\u00f3w. Niszcz\u0105c Ko\u015bci\u00f3\u0142 niszczy si\u0119 nar\u00f3d i jego to\u017csamo\u015b\u0107. Zdeprawowany i zdemonizowany nar\u00f3d obecnie nie jest w stanie si\u0119 broni\u0107. Przyjmuje wszystkie idee liberty\u0144skie jako swoje, trac\u0105c niepodleg\u0142o\u015b\u0107 obyczajow\u0105.<\/p>\n<p align=\"justify\">\u201eNar\u00f3d mo\u017ce trwa\u0107 tysi\u0105cami lat. W tym czasie gromadzi kapita\u0142y rodzimej kultury. Najtrudniej i najd\u0142u\u017cej zdobywa kapita\u0142 obyczaj\u00f3w\u201d. To zdrowe moralnie, duchowo, biologicznie spo\u0142ecze\u0144stwo, pocz\u0105wszy od dzieci po osoby starsze. To jest najwi\u0119kszy skarb. Buduje si\u0119 go pokoleniami. Jest najsilniejszym fundamentem ka\u017cdego narodu, silniejszym od ekonomii, produktu krajowego brutto, granic, wojska, s\u0142u\u017cb porz\u0105dkowych, administracji samorz\u0105dowej czy rz\u0105dowej. Po zniszczeniu obyczajowo\u015bci w narodzie rozpoczyna si\u0119 powolny proces utraty niepodleg\u0142o\u015bci. Proces ten nie jest zauwa\u017calny dla jednego pokolenia, trwa przez d\u0142ugi czas.<\/p>\n<p align=\"justify\"><b> Zapa\u015b\u0107 demograficzna <\/b><\/p>\n<p align=\"justify\">Utrata niepodleg\u0142o\u015bci obyczajowej prowadzi w prostej linii do zapa\u015bci demograficznej, a na koniec do samozag\u0142ady narodu. W Polsce obserwujemy zapa\u015b\u0107 demograficzn\u0105 od ponad stu lat. Na prze\u0142omie XIX i XX stulecia prze\u017cywali\u015bmy boom demograficzny po objawieniach gietrzwa\u0142dzkich. Od lat dwudziestych XX w. zauwa\u017camy spadek liczby dzieci przypadaj\u0105cych na kobiet\u0119 w wieku rozrodczym. Socjali\u015bci komunistyczni prowadzili intensywn\u0105 propagand\u0119 na rzecz pomniejszania dzieci w rodzinach. Propagowano \u015brodki antykoncepcyjne, zabijanie dzieci nienarodzonych, deprawacj\u0119 dzieci i m\u0142odzie\u017cy, i niszczenie rodzin poprzez rozwody i zwi\u0105zki cywilne. To doprowadzi\u0142o do zapa\u015bci demograficznej w Polsce. Z ka\u017cdym rokiem pomniejsza si\u0119 liczba rodz\u0105cych si\u0119 dzieci. Obecnie nale\u017cymy do kraj\u00f3w (Czechy, Bia\u0142oru\u015b i Polska), w kt\u00f3rych nast\u0119puje najszybszy spadek liczby rodz\u0105cych si\u0119 dzieci na \u015bwiecie. Je\u015bli nie zatrzymamy szale\u0144czej destrukcji moralnej, obyczajowej i duchowej podzielimy losy cywilizacji, po kt\u00f3rych pozosta\u0142o tylko wspomnienie.<\/p>\n<p>Views: 21<\/p>","protected":false},"excerpt":{"rendered":"<p>&nbsp; Przemiany spo\u0142eczno-polityczne zapocz\u0105tkowane strajkami robotnik\u00f3w w 1980 roku zrodzi\u0142y ruch spo\u0142eczny, kt\u00f3ry przerodzi\u0142 si\u0119 w Niezale\u017cny Zwi\u0105zek Zawodowy \u201eSolidarno\u015b\u0107\u201d, skupiaj\u0105cy w swoich szeregach kilka milion\u00f3w os\u00f3b. Dynamizm tego ruchu zosta\u0142 jednak wyhamowany przez junt\u0119 wojskow\u0105 genera\u0142a Wojciecha Jaruzelskiego, kt\u00f3ra z 12 na 13 grudnia 1981 roku, pod os\u0142on\u0105 nocy, wprowadzi\u0142a stan wojenny. Mimo turbulencji &hellip; <\/p>\n<p class=\"link-more\"><a href=\"https:\/\/demografia.com.pl\/demografia\/zwiazki-cywilne-i-rozwody-2\/miala-byc-dekomunizacja-a-wyszla-dekatolicyzacja\/\" class=\"more-link\">Czytaj dalej<span class=\"screen-reader-text\"> \u201eMia\u0142a by\u0107 dekomunizacja, a wysz\u0142a dekatolicyzacja\u201d<\/span><\/a><\/p>\n","protected":false},"author":1,"featured_media":4067,"parent":1468,"menu_order":0,"comment_status":"closed","ping_status":"closed","template":"","meta":{"footnotes":""},"class_list":["post-5058","page","type-page","status-publish","has-post-thumbnail","hentry"],"_links":{"self":[{"href":"https:\/\/demografia.com.pl\/demografia\/wp-json\/wp\/v2\/pages\/5058","targetHints":{"allow":["GET"]}}],"collection":[{"href":"https:\/\/demografia.com.pl\/demografia\/wp-json\/wp\/v2\/pages"}],"about":[{"href":"https:\/\/demografia.com.pl\/demografia\/wp-json\/wp\/v2\/types\/page"}],"author":[{"embeddable":true,"href":"https:\/\/demografia.com.pl\/demografia\/wp-json\/wp\/v2\/users\/1"}],"replies":[{"embeddable":true,"href":"https:\/\/demografia.com.pl\/demografia\/wp-json\/wp\/v2\/comments?post=5058"}],"version-history":[{"count":1,"href":"https:\/\/demografia.com.pl\/demografia\/wp-json\/wp\/v2\/pages\/5058\/revisions"}],"predecessor-version":[{"id":5059,"href":"https:\/\/demografia.com.pl\/demografia\/wp-json\/wp\/v2\/pages\/5058\/revisions\/5059"}],"up":[{"embeddable":true,"href":"https:\/\/demografia.com.pl\/demografia\/wp-json\/wp\/v2\/pages\/1468"}],"wp:featuredmedia":[{"embeddable":true,"href":"https:\/\/demografia.com.pl\/demografia\/wp-json\/wp\/v2\/media\/4067"}],"wp:attachment":[{"href":"https:\/\/demografia.com.pl\/demografia\/wp-json\/wp\/v2\/media?parent=5058"}],"curies":[{"name":"wp","href":"https:\/\/api.w.org\/{rel}","templated":true}]}}