{"id":544,"date":"2022-11-05T10:56:01","date_gmt":"2022-11-05T10:56:01","guid":{"rendered":"https:\/\/demografia.com.pl\/demografia\/?page_id=544"},"modified":"2023-05-24T05:18:56","modified_gmt":"2023-05-24T05:18:56","slug":"glowne-przyczyny-depopulacji-polski","status":"publish","type":"page","link":"https:\/\/demografia.com.pl\/demografia\/glowne-przyczyny-depopulacji-polski\/","title":{"rendered":"<strong>G\u0142\u00f3wne przyczyny depopulacji Polski<\/strong>"},"content":{"rendered":"\n<p class=\"has-medium-font-size\">Depopulacja, kt\u00f3ra niszczy obecnie wiele narod\u00f3w na \u015bwiecie, ma bardzo wiele przyczyn. Ale zatrzymam si\u0119 tylko przy tych, kt\u00f3re dokona\u0142y i dokonuj\u0105 najwi\u0119kszych zmian w spo\u0142ecze\u0144stwach, pogr\u0105\u017conych w cywilizacji \u015bmierci. Ka\u017cda z przyczyn jest zale\u017cna od czasu i miejsca, od konkretnej spo\u0142eczno\u015bci, w jakiej si\u0119 pojawi\u0142a. <\/p>\n\n\n\n<p class=\"has-medium-font-size\">W\u015br\u00f3d nich nale\u017cy wymieni\u0107 rozwody i zwi\u0105zki cywilne (w <a href=\"https:\/\/demografia.com.pl\/demografia\/legalizacja-rozwodow-w-polsce\/\">Polsce wprowadzone prawnie w 1945 r.<\/a>), aborcj\u0119 (w Polsce dopuszczon\u0105 Kodeksem karnym w 1932 r. pod konkretnymi obwarowaniami, a od 1956 r. tak powszechn\u0105, \u017ce traktowano j\u0105 jako niewinny zabieg) antykoncepcj\u0119 i masow\u0105 demoralizacj\u0119. <a href=\"https:\/\/demografia.com.pl\/demografia\/depopulacja-polski\/\">Dalej<\/a><\/p>\n<p>Views: 290<\/p>","protected":false},"excerpt":{"rendered":"<p>Depopulacja, kt\u00f3ra niszczy obecnie wiele narod\u00f3w na \u015bwiecie, ma bardzo wiele przyczyn. Ale zatrzymam si\u0119 tylko przy tych, kt\u00f3re dokona\u0142y i dokonuj\u0105 najwi\u0119kszych zmian w spo\u0142ecze\u0144stwach, pogr\u0105\u017conych w cywilizacji \u015bmierci. Ka\u017cda z przyczyn jest zale\u017cna od czasu i miejsca, od konkretnej spo\u0142eczno\u015bci, w jakiej si\u0119 pojawi\u0142a. W\u015br\u00f3d nich nale\u017cy wymieni\u0107 rozwody i zwi\u0105zki cywilne (w &hellip; <\/p>\n<p class=\"link-more\"><a href=\"https:\/\/demografia.com.pl\/demografia\/glowne-przyczyny-depopulacji-polski\/\" class=\"more-link\">Czytaj dalej<span class=\"screen-reader-text\"> \u201e<strong>G\u0142\u00f3wne przyczyny depopulacji Polski<\/strong>\u201d<\/span><\/a><\/p>\n","protected":false},"author":1,"featured_media":3642,"parent":0,"menu_order":0,"comment_status":"closed","ping_status":"closed","template":"","meta":{"footnotes":""},"class_list":["post-544","page","type-page","status-publish","has-post-thumbnail","hentry"],"_links":{"self":[{"href":"https:\/\/demografia.com.pl\/demografia\/wp-json\/wp\/v2\/pages\/544","targetHints":{"allow":["GET"]}}],"collection":[{"href":"https:\/\/demografia.com.pl\/demografia\/wp-json\/wp\/v2\/pages"}],"about":[{"href":"https:\/\/demografia.com.pl\/demografia\/wp-json\/wp\/v2\/types\/page"}],"author":[{"embeddable":true,"href":"https:\/\/demografia.com.pl\/demografia\/wp-json\/wp\/v2\/users\/1"}],"replies":[{"embeddable":true,"href":"https:\/\/demografia.com.pl\/demografia\/wp-json\/wp\/v2\/comments?post=544"}],"version-history":[{"count":1,"href":"https:\/\/demografia.com.pl\/demografia\/wp-json\/wp\/v2\/pages\/544\/revisions"}],"predecessor-version":[{"id":3643,"href":"https:\/\/demografia.com.pl\/demografia\/wp-json\/wp\/v2\/pages\/544\/revisions\/3643"}],"wp:featuredmedia":[{"embeddable":true,"href":"https:\/\/demografia.com.pl\/demografia\/wp-json\/wp\/v2\/media\/3642"}],"wp:attachment":[{"href":"https:\/\/demografia.com.pl\/demografia\/wp-json\/wp\/v2\/media?parent=544"}],"curies":[{"name":"wp","href":"https:\/\/api.w.org\/{rel}","templated":true}]}}