{"id":548,"date":"2022-11-05T12:43:03","date_gmt":"2022-11-05T12:43:03","guid":{"rendered":"https:\/\/demografia.com.pl\/demografia\/?page_id=548"},"modified":"2022-11-07T14:17:09","modified_gmt":"2022-11-07T14:17:09","slug":"depopulacja-polski-przez-aborcje","status":"publish","type":"page","link":"https:\/\/demografia.com.pl\/demografia\/depopulacja-polski-przez-aborcje\/","title":{"rendered":"<strong>Depopulacja Polski przez aborcj\u0119<\/strong>"},"content":{"rendered":"\n<p><\/p>\n\n\n\n<p>Ju\u017c u lud\u00f3w staro\u017cytnych praktykowane by\u0142o zabijanie dzieci nienarodzonych. Tak\u017ce w okresie deprawacji w staro\u017cytnej Grecji aborcja by\u0142a do\u015b\u0107 cz\u0119sto praktykowana, w czasach dekadenckich pojawi\u0142a si\u0119 r\u00f3wnie\u017c w Rzymie, gdzie obj\u0119\u0142a wszystkie warstwy spo\u0142eczne. Chrze\u015bcija\u0144stwo stan\u0119\u0142o w obronie dzieci nienarodzonych, cho\u0107 musia\u0142o min\u0105\u0107 sporo czasu, by \u017cycie dzieci by\u0142o prawnie chronione. W wieku XIX, XX i XXI w Europie i Ameryce P\u00f3\u0142nocnej powr\u00f3cono do czas\u00f3w barbarzy\u0144skich. Na nowo zacz\u0119to praktykowa\u0107 zabijanie nienarodzonych dzieci. Z czasem stworzono ca\u0142y przemys\u0142.<\/p>\n\n\n\n<p>Pierwszym pa\u0144stwem, w kt\u00f3rym zalegalizowano aborcj\u0119, by\u0142 <a href=\"https:\/\/demografia.com.pl\/demografia\/depopulacja-rosji-%d0%b4%d0%b5%d0%bf%d0%be%d0%bf%d1%83%d0%bb%d1%8f%d1%86%d0%b8%d1%8f-%d1%80%d0%be%d1%81%d1%81%d0%b8%d0%b8\/\">ZSRS.<\/a> Uczyniono to 18 listopada 1920 r. Pierwsz\u0105 plac\u00f3wk\u0119 aborcyjn\u0105 w Polsce otwarto w 1931 r. Radykalne feministki z zabijania dzieci nienarodzonych uczyni\u0142y intratny interes finansowy, na kt\u00f3rym dorabiaj\u0105 si\u0119 fortun. W dziejach ludzko\u015bci nigdy nie doprowadzono na tak gigantyczn\u0105 skal\u0119 do mordowania dzieci nienarodzonych, jak w wieku XX i XXI. Gdyby Europa nie zabi\u0142a tych dzieci, to dzi\u015b Stary Kontynent wygl\u0105da\u0142by zupe\u0142nie inaczej, by\u0142oby bardzo du\u017co dzieci, powstawa\u0142yby nowe szko\u0142y i przedszkola, a tak sta\u0142 si\u0119 kontynentem ludzi starych, schorowanych, boj\u0105cych si\u0119 przysz\u0142o\u015bci. Ma wszystko, co mu potrzeba do egzystencji, i nie ma nic, bo umiera na w\u0142asne \u017cyczenie. Tak ko\u0144czy si\u0119 ludzko\u015b\u0107, kt\u00f3ra u\u015bmierci\u0142a Boga.<\/p>\n\n\n\n<h2 class=\"wp-block-heading\"><\/h2>\n<p>Views: 21<\/p>","protected":false},"excerpt":{"rendered":"<p>Ju\u017c u lud\u00f3w staro\u017cytnych praktykowane by\u0142o zabijanie dzieci nienarodzonych. Tak\u017ce w okresie deprawacji w staro\u017cytnej Grecji aborcja by\u0142a do\u015b\u0107 cz\u0119sto praktykowana, w czasach dekadenckich pojawi\u0142a si\u0119 r\u00f3wnie\u017c w Rzymie, gdzie obj\u0119\u0142a wszystkie warstwy spo\u0142eczne. Chrze\u015bcija\u0144stwo stan\u0119\u0142o w obronie dzieci nienarodzonych, cho\u0107 musia\u0142o min\u0105\u0107 sporo czasu, by \u017cycie dzieci by\u0142o prawnie chronione. W wieku XIX, XX &hellip; <\/p>\n<p class=\"link-more\"><a href=\"https:\/\/demografia.com.pl\/demografia\/depopulacja-polski-przez-aborcje\/\" class=\"more-link\">Czytaj dalej<span class=\"screen-reader-text\"> \u201e<strong>Depopulacja Polski przez aborcj\u0119<\/strong>\u201d<\/span><\/a><\/p>\n","protected":false},"author":1,"featured_media":452,"parent":0,"menu_order":0,"comment_status":"closed","ping_status":"closed","template":"","meta":{"footnotes":""},"class_list":["post-548","page","type-page","status-publish","has-post-thumbnail","hentry"],"_links":{"self":[{"href":"https:\/\/demografia.com.pl\/demografia\/wp-json\/wp\/v2\/pages\/548","targetHints":{"allow":["GET"]}}],"collection":[{"href":"https:\/\/demografia.com.pl\/demografia\/wp-json\/wp\/v2\/pages"}],"about":[{"href":"https:\/\/demografia.com.pl\/demografia\/wp-json\/wp\/v2\/types\/page"}],"author":[{"embeddable":true,"href":"https:\/\/demografia.com.pl\/demografia\/wp-json\/wp\/v2\/users\/1"}],"replies":[{"embeddable":true,"href":"https:\/\/demografia.com.pl\/demografia\/wp-json\/wp\/v2\/comments?post=548"}],"version-history":[{"count":0,"href":"https:\/\/demografia.com.pl\/demografia\/wp-json\/wp\/v2\/pages\/548\/revisions"}],"wp:featuredmedia":[{"embeddable":true,"href":"https:\/\/demografia.com.pl\/demografia\/wp-json\/"}],"wp:attachment":[{"href":"https:\/\/demografia.com.pl\/demografia\/wp-json\/wp\/v2\/media?parent=548"}],"curies":[{"name":"wp","href":"https:\/\/api.w.org\/{rel}","templated":true}]}}