{"id":610,"date":"2022-11-05T20:32:59","date_gmt":"2022-11-05T20:32:59","guid":{"rendered":"https:\/\/demografia.com.pl\/demografia\/?page_id=610"},"modified":"2022-11-05T20:33:32","modified_gmt":"2022-11-05T20:33:32","slug":"depopulacja-aborcyjna-w-czasie-ii-wojny-swiatowej","status":"publish","type":"page","link":"https:\/\/demografia.com.pl\/demografia\/depopulacja-aborcyjna-w-czasie-ii-wojny-swiatowej\/","title":{"rendered":"<strong>Depopulacja aborcyjna w czasie II wojny \u015bwiatowej<\/strong>"},"content":{"rendered":"\n<p><\/p>\n\n\n\n<p>W czasie II wojny \u015bwiatowej niemieccy zbrodniarze opracowali \u201ePlan ost\u201d \u2013 plan eksterminacji narod\u00f3w podbitych. Zalecano, by na tych terenach by\u0142a propagowana antykoncepcja i legalizacja aborcji. Szef kancelarii Hitlera Martin Bormann tak to scharakteryzowa\u0142: \u201eObowi\u0105zkiem S\u0142owian jest pracowa\u0107 dla nas.&nbsp;P\u0142odno\u015b\u0107 S\u0142owian jest niepo\u017c\u0105dana. Niech&nbsp;u\u017cywaj\u0105 prezerwatyw albo robi\u0105 skrobanki \u2013 im wi\u0119cej, tym lepiej. O\u015bwiata jest niebezpieczna\u201d<a href=\"#sdfootnote1sym\" id=\"sdfootnote1anc\"><sup>1<\/sup><\/a>. Ca\u0142kowit\u0105 swobod\u0119 aborcji w sensie prawnym po raz pierwszy wprowadzi\u0142y w\u0142adze niemieckie 9 marca 1943 r. Okupant hitlerowski wyda\u0142 rozporz\u0105dzenie (Verordnung) zezwalaj\u0105ce na zabijanie polskich nienarodzonych dzieci bez \u017cadnych ogranicze\u0144, a jednocze\u015bnie podniesiono kar\u0119 \u2013 do kary \u015bmierci w\u0142\u0105cznie \u2013 za pozbawienie \u017cycia nienarodzonego niemieckiego dziecka. Hitler sw\u00f3j plan depopulacyjny wobec Polak\u00f3w wyjawi\u0142 22 lipca 1942 r., m\u00f3wi\u0105c: \u201eW obliczu du\u017cych rodzin tubylczej ludno\u015bci jest dla nas bardzo korzystne, je\u015bli&nbsp;dziewcz\u0119ta i kobiety maj\u0105 mo\u017cliwie najwi\u0119cej aborcji\u201d.Hitler grozi\u0142 tak\u017ce: \u201e[\u2026] osobi\u015bcie zastrzel\u0119 tego idiot\u0119, kt\u00f3ry chcia\u0142by wprowadzi\u0107 w \u017cycie przepisy zabraniaj\u0105ce aborcji na wschodnich terenach okupowanych\u201d<a href=\"#sdfootnote2sym\" id=\"sdfootnote2anc\"><sup>2<\/sup><\/a>. To by\u0142 jeden z wielu plan\u00f3w depopulacyjnych. Po zako\u0144czeniu II wojny \u015bwiatowej anulowano prawo hitlerowskie i powr\u00f3cono do prawa przedwojennego.<\/p>\n\n\n\n<p>Ksi\u0105dz dr Rudolf Adamczyk w marcu 1946 r. w czasie konferencji w Wojew\u00f3dzkiej Radzie Narodowej w Katowicach m\u00f3wi\u0142: \u201eNiemieccy lekarze w Krakowie twierdzili, \u017ce w G.G.<a id=\"sdfootnote3anc\" href=\"#sdfootnote3sym\"><sup>3<\/sup><\/a> dokonywali polscy lekarze rocznie, skromnie licz\u0105c, oko\u0142o 500 tysi\u0119cy sp\u0119dze\u0144 p\u0142odu i \u015bmiali si\u0119 z tego. Jak nas ze \u017ar\u00f3d\u0142a miarodajnego informowano, 60% lekarzy jednego z wi\u0119kszych miast G.G. \u017cy\u0142o w czasie okupacji niemieckiej ze sp\u0119dzania p\u0142odu. Byli lekarze, kt\u00f3rzy wmawiali kobietom, \u017ce s\u0105 w ci\u0105\u017cy, by m\u00f3c po pozornie zastosowanym zabiegu \u015bci\u0105gn\u0105\u0107 z pacjentki sute honorarium. [\u2026] dzi\u015b dzieje si\u0119 podobnie. S\u0105 lekarze, kt\u00f3rzy maj\u0105 mark\u0119 rze\u017anik\u00f3w nienarodzonych dzieci, i szpitale ciesz\u0105ce si\u0119 t\u0105 sam\u0105 opini\u0105. Lekarze, znani przed t\u0105 wojn\u0105 ze stosowania tych zabieg\u00f3w, uszli, wzgl\u0119dnie musieli uj\u015b\u0107 do G.G. (ze \u015al\u0105ska) niekoniecznie ze wzgl\u0119d\u00f3w patriotycznych. Powr\u00f3ciwszy do G.G. prowadz\u0105 nadal sw\u00f3j niecny proceder\u201d<a id=\"sdfootnote4anc\" href=\"#sdfootnote4sym\"><sup>4<\/sup><\/a>. Cho\u0107 prawo hitlerowskie anulowano, proceder zabijania nienarodzonych dzieci trwa\u0142.<\/p>\n\n\n\n<p><em>Ks. K. Bielawny<\/em><\/p>\n\n\n\n<p><strong>Przypisy:<\/strong><\/p>\n\n\n\n<p><a href=\"#sdfootnote1anc\" id=\"sdfootnote1sym\">1<\/a> Cyt. za J. Heydecker, J. Leeb, <em>Trzecia Rzesza w \u015bwietle Norymbergii \u2013 bilans tysi\u0105clecia<\/em>, Warszawa 1979, s. 391.<\/p>\n\n\n\n<p><a href=\"#sdfootnote2anc\" id=\"sdfootnote2sym\">2<\/a> Cyt. za W. Brennman, <em>The abortion holocaust. Today\u2019s final solution<\/em>, Landmark Press 1983, s. 34<\/p>\n\n\n\n<p><a href=\"#sdfootnote3anc\" id=\"sdfootnote3sym\">3<\/a> G.G. \u2013 Generalne Gubernatorstwo, istnia\u0142o w latach 1939-1945. Obejmowa\u0142o obszar licz\u0105cy w latach 1939-1941 95,7 tys. km<sup>2<\/sup>, za\u015b w 1943 r. obszar powi\u0119kszy\u0142 si\u0119 do 145,2 km<sup>2<\/sup>. W 1939 r. w GG mieszka\u0142o oko\u0142o 11,38 tys. Polak\u00f3w. Niemcy ten obszar traktowali jak sw\u0105 koloni\u0119.<\/p>\n\n\n\n<p><a href=\"#sdfootnote4anc\" id=\"sdfootnote4sym\">4<\/a> Zob. W. Majda\u0144ski, <em>Polska kwitn\u0105ca dzie\u0107mi<\/em>, dz. cyt., s. 136.<\/p>\n<p>Views: 2<\/p>","protected":false},"excerpt":{"rendered":"<p>W czasie II wojny \u015bwiatowej niemieccy zbrodniarze opracowali \u201ePlan ost\u201d \u2013 plan eksterminacji narod\u00f3w podbitych. Zalecano, by na tych terenach by\u0142a propagowana antykoncepcja i legalizacja aborcji. Szef kancelarii Hitlera Martin Bormann tak to scharakteryzowa\u0142: \u201eObowi\u0105zkiem S\u0142owian jest pracowa\u0107 dla nas.&nbsp;P\u0142odno\u015b\u0107 S\u0142owian jest niepo\u017c\u0105dana. Niech&nbsp;u\u017cywaj\u0105 prezerwatyw albo robi\u0105 skrobanki \u2013 im wi\u0119cej, tym lepiej. O\u015bwiata jest &hellip; <\/p>\n<p class=\"link-more\"><a href=\"https:\/\/demografia.com.pl\/demografia\/depopulacja-aborcyjna-w-czasie-ii-wojny-swiatowej\/\" class=\"more-link\">Czytaj dalej<span class=\"screen-reader-text\"> \u201e<strong>Depopulacja aborcyjna w czasie II wojny \u015bwiatowej<\/strong>\u201d<\/span><\/a><\/p>\n","protected":false},"author":1,"featured_media":0,"parent":0,"menu_order":0,"comment_status":"closed","ping_status":"closed","template":"","meta":{"footnotes":""},"class_list":["post-610","page","type-page","status-publish","hentry"],"_links":{"self":[{"href":"https:\/\/demografia.com.pl\/demografia\/wp-json\/wp\/v2\/pages\/610","targetHints":{"allow":["GET"]}}],"collection":[{"href":"https:\/\/demografia.com.pl\/demografia\/wp-json\/wp\/v2\/pages"}],"about":[{"href":"https:\/\/demografia.com.pl\/demografia\/wp-json\/wp\/v2\/types\/page"}],"author":[{"embeddable":true,"href":"https:\/\/demografia.com.pl\/demografia\/wp-json\/wp\/v2\/users\/1"}],"replies":[{"embeddable":true,"href":"https:\/\/demografia.com.pl\/demografia\/wp-json\/wp\/v2\/comments?post=610"}],"version-history":[{"count":0,"href":"https:\/\/demografia.com.pl\/demografia\/wp-json\/wp\/v2\/pages\/610\/revisions"}],"wp:attachment":[{"href":"https:\/\/demografia.com.pl\/demografia\/wp-json\/wp\/v2\/media?parent=610"}],"curies":[{"name":"wp","href":"https:\/\/api.w.org\/{rel}","templated":true}]}}