{"id":627,"date":"2022-11-07T09:08:05","date_gmt":"2022-11-07T09:08:05","guid":{"rendered":"https:\/\/demografia.com.pl\/demografia\/?page_id=627"},"modified":"2022-11-07T09:08:06","modified_gmt":"2022-11-07T09:08:06","slug":"aborcja-eugeniczna-po-1989-r","status":"publish","type":"page","link":"https:\/\/demografia.com.pl\/demografia\/aborcja-eugeniczna-po-1989-r\/","title":{"rendered":"<strong>Aborcja eugeniczna po 1989 r.<\/strong>"},"content":{"rendered":"\n<p>Po 1989 r. o\u017cywi\u0142a si\u0119 dyskusja w spo\u0142ecze\u0144stwie polskim o warto\u015bci \u017cycia pocz\u0119tego. Dyskurs prowadzony by\u0142 na wielu p\u0142aszczyznach: religijnej, prawnej, etycznej, biologicznej i moralnej. Po prawie czterech latach budzenia w\u015br\u00f3d Polak\u00f3w \u015bwiadomo\u015bci godno\u015bci dziecka pocz\u0119tego i ukazywania wa\u017cno\u015bci \u017cycia dziecka w \u0142onie matki, 7 stycznia 1993 r. w Sejmie RP uchwalono ustaw\u0119 o planowaniu rodziny, ochronie p\u0142odu ludzkiego i warunkach dopuszczalno\u015bci przerywania ci\u0105\u017cy. Po tylu latach zabijania dzieci pocz\u0119tych w \u0142onie Polek by\u0142 to wielki sukces ludzi dobrej woli, kochaj\u0105cych \u017cycie i nar\u00f3d Polski. Sko\u0144czy\u0142 si\u0119 holokaust niewinnych dzieci w \u0142onie matek. Cho\u0107 na d\u0142ugie lata zostawiono w\u0105sk\u0105 furtk\u0119 na niszczenie \u017cycia dzieci nienarodzonych, kt\u00f3re pocz\u0119\u0142y si\u0119 w przypadku zagro\u017cenia ich \u017cycia i zdrowia, powa\u017cnego uszkodzenia p\u0142odu oraz gdy dziecko pocz\u0119\u0142o si\u0119 z gwa\u0142tu<a href=\"#sdfootnote1sym\" id=\"sdfootnote1anc\"><sup>1<\/sup><\/a>.<\/p>\n\n\n\n<p>Orzeczenie Trybuna\u0142u Konstytucyjnego opublikowane 22 pa\u017adziernika 2020 r. dokona\u0142o wy\u0142omu w prawie. Stwierdzono w nim, \u201e\u017ce dziecko jeszcze nieurodzone, jako istota ludzka, kt\u00f3rej przys\u0142uguje przyrodzona i niezbywalna godno\u015b\u0107, jest podmiotem maj\u0105cym prawo do \u017cycia, za\u015b system prawny musi gwarantowa\u0107 nale\u017cyt\u0105 ochron\u0119 temu centralnemu dobru, bez kt\u00f3rego owa podmiotowo\u015b\u0107 zosta\u0142aby przekre\u015blona\u201d<a href=\"#sdfootnote2sym\" id=\"sdfootnote2anc\"><sup>2<\/sup><\/a>. Dziecko w \u0142onie matki nie jest przedmiotem, jak wielu nadal g\u0142osi, ale ma sw\u0105 podmiotowo\u015b\u0107, jest r\u00f3wnoprawnym cz\u0142owiekiem, jest osob\u0105, jak ka\u017cdy inny cz\u0142owiek, niezale\u017cnie od wieku i swego stanu zdrowia.<\/p>\n\n\n\n<p>Do 2021 r. by\u0142o przyzwolenie na zabijanie dzieci chorych i niechcianych. Byli\u015bmy narodem, kt\u00f3ry wybi\u00f3rczo podchodzi\u0142 do najbardziej niewinnego, bezbronnego, a co nie daj Bo\u017ce chorego cz\u0142owieka,<a href=\"#sdfootnote3sym\" id=\"sdfootnote3anc\"><sup>3<\/sup><\/a>. Od 28 stycznia 2021 r. w Polsce obowi\u0105zuje zakaz aborcji eugenicznej<a href=\"#sdfootnote4sym\" id=\"sdfootnote4anc\"><sup>4<\/sup><\/a>.<\/p>\n\n\n\n<p>W latach 1956-1993 w Polsce zabito oko\u0142o 25 mln dzieci w \u0142onach matek<a href=\"#sdfootnote5sym\" id=\"sdfootnote5anc\"><sup>5<\/sup><\/a>. W 1993 r. Polska liczy\u0142a nieco ponad 38 mln mieszka\u0144c\u00f3w. Gdyby te dzieci prze\u017cy\u0142y, by\u0142oby nas obecnie oko\u0142o 63 mln, nale\u017cy doliczy\u0107 jeszcze dzieci, kt\u00f3re zabito bezpo\u015brednio w latach powojennych \u2013 oko\u0142o 3 mln \u2013 \u0142\u0105cznie by\u0142oby nas oko\u0142o 66 mln. A przecie\u017c nale\u017ca\u0142oby tu jeszcze doliczy\u0107 dzieci, kt\u00f3re si\u0119 nie pocz\u0119\u0142y z powodu antykoncepcji. To by\u0142aby kolejna powa\u017cna liczba. Kardyna\u0142 Stefan Wyszy\u0144ski w kazaniu do wiernych we wrze\u015bniu 1959 r. wo\u0142a\u0142, \u017ce Polska mog\u0142a liczy\u0107 co najmniej 80 mln mieszka\u0144c\u00f3w. Czy nie by\u0142y to s\u0142owa prorocze? Ale niestety, przyszli socjali\u015bci r\u00f3\u017cnych odcieni i zniszczyli nas jako nar\u00f3d.<\/p>\n\n\n\n<p>Jak dzi\u015b wygl\u0105da\u0142aby Polska, gdyby te dzieci si\u0119 urodzi\u0142y? To pytanie, na kt\u00f3re nie znajdziemy odpowiedzi. Ale na pewno by\u0142aby pi\u0119kna. Mia\u0142aby m\u0142ode spo\u0142ecze\u0144stwo, maj\u0105ce tysi\u0105ce pomys\u0142\u00f3w na lepsze jutro. Bogate materialnie i duchowo. Cz\u0119\u015bciej odwiedzaj\u0105ce \u017c\u0142obki, przedszkola i szko\u0142y ni\u017c cmentarze. A dzi\u015b nasz nar\u00f3d likwiduje szko\u0142y, a otwiera domy spokojnej staro\u015bci. Zosta\u0142 oszukany, wm\u00f3wiono mu, \u017ce je\u015bli b\u0119dzie zabija\u0142 w\u0142asne dzieci i stosowa\u0142 \u015brodki niszcz\u0105ce p\u0142odno\u015b\u0107, b\u0119dzie nowoczesnym spo\u0142ecze\u0144stwem. Jak\u017ce s\u0105 wymowne s\u0142owa naszego rodaka Jana Paw\u0142a II, kt\u00f3ry wo\u0142a\u0142 w 1997 r. w Kaliszu: \u201e[\u2026] nar\u00f3d, kt\u00f3ry zabija w\u0142asne dzieci, staje si\u0119 narodem bez przysz\u0142o\u015bci\u201d<a id=\"sdfootnote6anc\" href=\"#sdfootnote6sym\"><sup>6<\/sup><\/a>.<\/p>\n\n\n\n<p><em>Ks. K. Bielawny<\/em><\/p>\n\n\n\n<p><strong>Przypisy:<\/strong><\/p>\n\n\n\n<p><a href=\"#sdfootnote1anc\" id=\"sdfootnote1sym\">1<\/a> Zob. A. Ci\u017cy\u0144ska, <em>\u017bycie dziecka kontra prawo do samostanowienia, czyli kilka uwag o relacji aborcji i prawa konstytucyjnego<\/em>, w: <em>Internetowy Przegl\u0105d Prawniczy 2017<\/em>, nr 2, s. 22.<\/p>\n\n\n\n<p><a><\/a> <a href=\"#sdfootnote2anc\" id=\"sdfootnote2sym\">2<\/a> Zob. <em>Komunikat.<\/em> <em>Orzeczenia TK. Planowanie rodziny, ochrona p\u0142odu ludzkiego i warunki dopuszczalno\u015bci przerywania ci\u0105\u017cy<\/em>, K 1\/20, https:\/\/trybunal.gov.pl\/postepowanie-i-orzeczenia\/komunikaty-prasowe\/komunikaty-przed\/art\/11297-planowanie-rodziny-ochrona-plodu-ludzkiego-i-warunki-dopuszczalnosci-przerywania-ciazy, dost\u0119p: 30.06.2021 r.<\/p>\n\n\n\n<p><a href=\"#sdfootnote3anc\" id=\"sdfootnote3sym\">3<\/a> Zob. Trybuna\u0142 Konstytucyjny 22 pa\u017adziernika 2020 r. swym orzeczeniem zni\u00f3s\u0142 aborcj\u0119 eugeniczn\u0105 w Polsce. Jednak pod naciskiem mi\u0119dzynarodowych organizacji lewicowych wspieraj\u0105cych aborcj\u0119 wyroku nie opublikowano w Dzienniku Ustaw. Z decyzj\u0105 czekano prawie do ko\u0144ca stycznia 2021 r. Przez Polsk\u0119 przetoczy\u0142y si\u0119 manifestacje, w kt\u00f3rych u\u017cywano wulgarnego j\u0119zyka, dokonano licznych profanacji \u015bwi\u0105ty\u0144, zniszczono wiele pomnik\u00f3w i miejsc upami\u0119tniaj\u0105cych wa\u017cne wydarzenia z historii naszej Ojczyzny. Manifestacje inspirowane by\u0142y przez mi\u0119dzynarodowe \u015brodowiska proaborcyjne. Zob. U. Wr\u00f3bel, <em>Niebezpieczna zw\u0142oka<\/em>, NDz 2020, nr 258; zob. R. Stefaniuk, <em>Chronione od samego pocz\u0105tku<\/em>, NDz 2020, nr 259; zob. M. Stanis\u0142awski, <em>Fala profanacji<\/em>, NDz 2020, nr 256.<\/p>\n\n\n\n<p><a href=\"#sdfootnote4anc\" id=\"sdfootnote4sym\">4<\/a> Zob. R. Stefaniuk, <em>Koalicja przeciwko \u017cyciu<\/em>, NDz 2021, nr 23.<\/p>\n\n\n\n<p><a href=\"#sdfootnote5anc\" id=\"sdfootnote5sym\">5<\/a> Je\u015bli rocznie zabijano od 600 do 750 tys. nienarodzonych dzieci, to przez 34 lata pomniejszono liczb\u0119 Polak\u00f3w faktycznie o blisko 25 mln.<\/p>\n\n\n\n<p><a><\/a> <a href=\"#sdfootnote6anc\" id=\"sdfootnote6sym\">6<\/a> Cyt. za T. Kornecki, <em>Wybrane aspekty dobra rodziny oraz ochrony praw dziecka na&nbsp;podstawie przepis\u00f3w Konstytucji Rzeczypospolitej Polskiej z&nbsp;2 kwietnia 1997 roku oraz nauczania Jana Paw\u0142a II skierowanego do&nbsp;rodak\u00f3w w&nbsp;czasie pielgrzymek do&nbsp;Polski<\/em>, w: \u201eAnnales Canonici\u201d 2013, t. 9, s. 193.<\/p>\n<p>Views: 6<\/p>","protected":false},"excerpt":{"rendered":"<p>Po 1989 r. o\u017cywi\u0142a si\u0119 dyskusja w spo\u0142ecze\u0144stwie polskim o warto\u015bci \u017cycia pocz\u0119tego. Dyskurs prowadzony by\u0142 na wielu p\u0142aszczyznach: religijnej, prawnej, etycznej, biologicznej i moralnej. Po prawie czterech latach budzenia w\u015br\u00f3d Polak\u00f3w \u015bwiadomo\u015bci godno\u015bci dziecka pocz\u0119tego i ukazywania wa\u017cno\u015bci \u017cycia dziecka w \u0142onie matki, 7 stycznia 1993 r. w Sejmie RP uchwalono ustaw\u0119 o planowaniu &hellip; <\/p>\n<p class=\"link-more\"><a href=\"https:\/\/demografia.com.pl\/demografia\/aborcja-eugeniczna-po-1989-r\/\" class=\"more-link\">Czytaj dalej<span class=\"screen-reader-text\"> \u201e<strong>Aborcja eugeniczna po 1989 r.<\/strong>\u201d<\/span><\/a><\/p>\n","protected":false},"author":1,"featured_media":0,"parent":0,"menu_order":0,"comment_status":"closed","ping_status":"closed","template":"","meta":{"footnotes":""},"class_list":["post-627","page","type-page","status-publish","hentry"],"_links":{"self":[{"href":"https:\/\/demografia.com.pl\/demografia\/wp-json\/wp\/v2\/pages\/627","targetHints":{"allow":["GET"]}}],"collection":[{"href":"https:\/\/demografia.com.pl\/demografia\/wp-json\/wp\/v2\/pages"}],"about":[{"href":"https:\/\/demografia.com.pl\/demografia\/wp-json\/wp\/v2\/types\/page"}],"author":[{"embeddable":true,"href":"https:\/\/demografia.com.pl\/demografia\/wp-json\/wp\/v2\/users\/1"}],"replies":[{"embeddable":true,"href":"https:\/\/demografia.com.pl\/demografia\/wp-json\/wp\/v2\/comments?post=627"}],"version-history":[{"count":0,"href":"https:\/\/demografia.com.pl\/demografia\/wp-json\/wp\/v2\/pages\/627\/revisions"}],"wp:attachment":[{"href":"https:\/\/demografia.com.pl\/demografia\/wp-json\/wp\/v2\/media?parent=627"}],"curies":[{"name":"wp","href":"https:\/\/api.w.org\/{rel}","templated":true}]}}