{"id":632,"date":"2022-11-07T09:32:08","date_gmt":"2022-11-07T09:32:08","guid":{"rendered":"https:\/\/demografia.com.pl\/demografia\/?page_id=632"},"modified":"2023-10-23T19:34:34","modified_gmt":"2023-10-23T19:34:34","slug":"globalny-wymiar-aborcji","status":"publish","type":"page","link":"https:\/\/demografia.com.pl\/demografia\/globalny-wymiar-aborcji\/","title":{"rendered":"<strong>Globalny wymiar aborcji<\/strong>"},"content":{"rendered":"\n<p class=\"has-medium-font-size\">Od legalizacji aborcji w ZSRS w 1920 r. do 2020 r., czyli przez jedno stulecie, na ca\u0142ym \u015bwiecie dokonano oko\u0142o 2,5 mld zab\u00f3jstw dzieci nienarodzonych<a href=\"#sdfootnote1sym\" id=\"sdfootnote1anc\"><sup>1<\/sup><\/a>. Pod koniec 2020 r. ziemi\u0119 zamieszkiwa\u0142o oko\u0142o 7,8 mld ludno\u015bci<a href=\"#sdfootnote2sym\" id=\"sdfootnote2anc\"><sup>2<\/sup><\/a>, a gdyby nie dokonano ludob\u00f3jstwa na dzieciach nienarodzonych, by\u0142oby nas obecnie oko\u0142o 9 mld. Oko\u0142o 1,3 mld ju\u017c by nie \u017cy\u0142o, z powodu wieku, chor\u00f3b czy r\u00f3\u017cnego rodzaju nieszcz\u0119\u015b\u0107 \u017cyciowych. Czy \u015bwiat by\u0142by przeludniony, jak to g\u0142osz\u0105 ideolodzy dzieciob\u00f3jstwa od kilku stuleci? Nale\u017cy s\u0105dzi\u0107, \u017ce nie. Nikt by nie chodzi\u0142 g\u0142odny. Dla ka\u017cdego by\u0142oby miejsce, wy\u017cywienie, a ludzko\u015b\u0107 cieszy\u0142aby si\u0119 wzgl\u0119dnym spokojem.<\/p>\n\n\n\n<p class=\"has-medium-font-size\">Europa jest obecnie najlepszym przyk\u0142adem dramatu depopulacyjnego. Ka\u017cdego roku dokonuje si\u0119 oko\u0142o 1,2 mln zab\u00f3jstw dzieci nienarodzonych \u2013 wed\u0142ug danych podanych przez Europejski Urz\u0105d Statystyczny (Eurostat)<a id=\"sdfootnote3anc\" href=\"#sdfootnote3sym\"><sup>3<\/sup><\/a>. Jednak w rzeczywisto\u015bci liczba dzieci zabitych w wyniku aborcji jest znacznie wy\u017csza, zabrak\u0142o tu bowiem danych dla Eurostatu przekazanych z Francji, Wielkiej Brytanii, Hiszpanii czy W\u0142och. Nale\u017cy szacowa\u0107, \u017ce w wyniku aborcji pozbawiono \u017cycia oko\u0142o 2,5 mln dzieci w Europie<a id=\"sdfootnote4anc\" href=\"#sdfootnote4sym\"><sup>4<\/sup><\/a>. A ile zabito ich w starzej\u0105cej si\u0119 Europie w ostatnim stuleciu? Bo to w tym czasie legalizowano aborcje. Feministki i socjali\u015bci urz\u0105dzali \u015bwiat nowocze\u015bnie, bez dzieci, bez trosk i k\u0142opot\u00f3w, radosny i tylko dla bogatych rodzin. Dla rodzin biednych z wieloma dzie\u0107mi nie by\u0142o miejsca. \u015awiat bez dzieci ilustruje poni\u017csza tabela. \u015awiat, w kt\u00f3rym stajemy si\u0119 grabarzami cywilizacji \u0142aci\u0144skiej.<\/p>\n\n\n\n<figure class=\"wp-block-image size-full is-resized is-style-default\"><img loading=\"lazy\" decoding=\"async\" width=\"533\" height=\"788\" src=\"https:\/\/demografia.com.pl\/demografia\/wp-content\/uploads\/2022\/11\/image-22.png\" alt=\"\" class=\"wp-image-633\" style=\"width:675px;height:998px\" srcset=\"https:\/\/demografia.com.pl\/demografia\/wp-content\/uploads\/2022\/11\/image-22.png 533w, https:\/\/demografia.com.pl\/demografia\/wp-content\/uploads\/2022\/11\/image-22-203x300.png 203w\" sizes=\"auto, (max-width: 533px) 100vw, 533px\" \/><\/figure>\n\n\n\n<figure class=\"wp-block-image size-full is-resized is-style-default\"><img loading=\"lazy\" decoding=\"async\" width=\"537\" height=\"787\" src=\"https:\/\/demografia.com.pl\/demografia\/wp-content\/uploads\/2022\/11\/image-23.png\" alt=\"\" class=\"wp-image-634\" style=\"width:674px;height:988px\" srcset=\"https:\/\/demografia.com.pl\/demografia\/wp-content\/uploads\/2022\/11\/image-23.png 537w, https:\/\/demografia.com.pl\/demografia\/wp-content\/uploads\/2022\/11\/image-23-205x300.png 205w\" sizes=\"auto, (max-width: 537px) 100vw, 537px\" \/><figcaption class=\"wp-element-caption\">\u0179r\u00f3d\u0142o: <em>Podsumowanie zg\u0142oszonych i szacowanych aborcji na ca\u0142ym \u015bwiecie do grudnia 2018 r.<\/em>, <a href=\"http:\/\/www.johnstonsarchive.net\/policy\/abortion\/wrjp3318.html\">http:\/\/www.johnstonsarchive.net\/policy\/abortion\/wrjp3318.html<\/a>, dost\u0119p: 29.09.2020 r.; <em>Lista pa\u0144stw \u015bwiata wed\u0142ug liczby ludno\u015bci<\/em>, <a href=\"https:\/\/pl.wikipedia.org\/wiki\/Lista_pa%C5%84stw_%C5%9Bwiata_wed%C5%82ug_liczby_ludno%C5%9Bci\">https:\/\/pl.wikipedia.org\/wiki\/Lista_pa%C5%84stw_%C5%9Bwiata_wed%C5%82ug_liczby_ludno%C5%9Bci<\/a>, dost\u0119p: 29.09.2020 r.<\/figcaption><\/figure>\n\n\n\n<p><\/p>\n\n\n\n<p class=\"has-medium-font-size\">W tabeli mamy dane o dokonanych aborcjach w latach 1921-2018. Nie dla wszystkich kraj\u00f3w dane s\u0105 pe\u0142ne \u2013 gdy chodzi o zakres lat. Po zsumowaniu danych sporz\u0105dzonych przez Roberta Johnstona, z naniesionymi lekkimi korektami, wynika, \u017ce w Europie w latach 1921-2018 dokonano oko\u0142o 346,7 mln aborcji. Cho\u0107 do tych danych nale\u017cy podchodzi\u0107 z du\u017c\u0105 rezerw\u0105. Na przyk\u0142adzie Polski widzimy, \u017ce mog\u0105 one by\u0107 co najmniej czterokrotnie mniejsze dla lat obowi\u0105zywania ustawy zezwalaj\u0105cej na zabijanie dzieci nienarodzonych. Podane dane mo\u017cna spokojnie podwoi\u0107, by\u0142aby to przybli\u017cona liczba zabitych nienarodzonych dzieci, wynosi\u0142aby oko\u0142o 693,4 mln os\u00f3b. Wiadomo, \u017ce \u017cycie ludzkie nie przebiega z dok\u0142adno\u015bci\u0105 matematyczn\u0105, tote\u017c z tej liczby uby\u0142oby co najmniej 40% os\u00f3b z powodu chor\u00f3b, staro\u015bci czy innych przyczyn. Ze sporz\u0105dzonego wykazu zauwa\u017camy, \u017ce znaczna wi\u0119kszo\u015b\u0107 aborcji dokona\u0142a si\u0119 po II wojnie \u015bwiatowej. Tote\u017c w 2018 r. liczba Europejczyk\u00f3w mog\u0142aby by\u0107 wi\u0119ksza o blisko 416,1 mln. A zatem Europa w 2018 r. mog\u0142aby liczy\u0107 ponad 1 mld 159 mln os\u00f3b, a liczy tylko 743,6 mln os\u00f3b<a href=\"#sdfootnote12sym\" id=\"sdfootnote12anc\"><sup>12<\/sup><\/a>, i to o ogromnym procencie w wieku poprodukcyjnym.<\/p>\n\n\n\n<p class=\"has-medium-font-size\">Z ka\u017cdym rokiem liczba ludno\u015bci w Europie si\u0119 pomniejsza. Kraje Europy prze\u017cywaj\u0105 dramat depopulacyjny. Sytuacj\u0119 depopulacyjn\u0105 w niekt\u00f3rych krajach Europy ratuj\u0105 przybysze z kraj\u00f3w islamskich, kt\u00f3rzy zachowuj\u0105 tradycyjn\u0105 rodzin\u0119 z du\u017c\u0105 liczb\u0105 dzieci, np. we Francji, w Szwecji czy Niemczech. Prognozowane dane statystyczne podaj\u0105, \u017ce w 2050 r. w Europie b\u0119dzie mieszka\u0107 oko\u0142o 700 mln os\u00f3b, i to w do\u015b\u0107 du\u017cym procencie muzu\u0142man\u00f3w.<\/p>\n\n\n\n<p class=\"has-medium-font-size\">Kolejny paradoks, kt\u00f3ry dotyka cywilizacj\u0119 \u015bmierci, to sztuczne zap\u0142odnienie. Dzieci pocz\u0119te w \u0142onach matek zabija si\u0119 bez skrupu\u0142\u00f3w, a z drugiej strony tworzy si\u0119 kliniki in vitro, wspieraj\u0105c ogromnymi \u015brodkami finansowymi powstanie \u017cycia ludzkiego na drodze bezpo\u015bredniej ingerencji \u017cycia. Paradoks cywilizacji, kt\u00f3ra ko\u0144czy swoj\u0105 racj\u0119 bytu w dziejach ludzko\u015bci.<\/p>\n\n\n\n<p class=\"has-medium-font-size\"><em>Ks. K. Bielawny<\/em><\/p>\n\n\n\n<p><strong>Przypisy:<\/strong><\/p>\n\n\n\n<p><a><\/a> <a href=\"#sdfootnote1anc\" id=\"sdfootnote1sym\">1<\/a> Cho\u0107 dane dotycz\u0105ce aborcji zebrane przez Roberta Johnstona maj\u0105 charakter szacunkowy, to ilustruj\u0105 dramat depopulacyjny. W opublikowanym raporcie 6.05.2012 r. czytamy, \u017ce w latach 1922-2012 zabito w wyniku aborcji 949&nbsp;479&nbsp;780 nienarodzonych dzieci. Kolejna publikacja danych pochodzi z 16.02.2020 r., podaje szacunkowe dane aborcji \u2013 1 052&nbsp;572&nbsp;155. Liczba ta w rzeczywisto\u015bci jest wy\u017csza, z ca\u0142\u0105 odpowiedzialno\u015bci\u0105 mo\u017cna poda\u0107, \u017ce 2,5 mld dzieci nie ujrza\u0142o \u015bwiat\u0142a dziennego. Ewa Kowalewska z Human Life International Polska podaje, \u017ce na \u015bwiecie w ci\u0105gu stu lat zabito 2,5 mld dzieci nienarodzonych. Zob. <a href=\"https:\/\/poczta.rubikon.pl\/?_task=mail&amp;_action=show&amp;_uid=137438&amp;_mbox=INBOX&amp;_safe=1&amp;_caps=pdf%3D1%2Cflash%3D0%2Ctif%3D0#IDNMMPCUQYH4LWJRMKPHAV5FFKRAGCGKGDLUITZDF3D40NNWKDLZO\"><em>100. rocznica legalizacji aborcji na \u015bwiecie \u2013 2,5 miliarda ofiar<\/em><\/a>, https:\/\/www.niedziela.pl\/artykul\/61122\/100-rocznica-legalizacji-aborcji-na, dost\u0119p: 16.11.2020 r.<\/p>\n\n\n\n<p><a href=\"#sdfootnote2anc\" id=\"sdfootnote2sym\">2<\/a> Zob. <em>\u015awiat \u2013 ludno\u015b\u0107 1800-2020<\/em>, <a href=\"http:\/\/population.city\/world\/\">http:\/\/population.city\/world\/<\/a>, dost\u0119p: 29.12.2020 r.<\/p>\n\n\n\n<p><a><\/a> <a href=\"#sdfootnote3anc\" id=\"sdfootnote3sym\">3<\/a> Zob. <em>Ile dzieci zabija Europa<\/em>, <a href=\"https:\/\/www.gosc.pl\/doc\/3699327.Ile-dzieci-zabija-Europa\">https:\/\/www.gosc.pl\/doc\/3699327.Ile-dzieci-zabija-Europa<\/a>, dost\u0119p: 26.09.2020 r.<\/p>\n\n\n\n<p><a href=\"#sdfootnote4anc\" id=\"sdfootnote4sym\">4<\/a> Tam\u017ce.<\/p>\n\n\n\n<p><a href=\"#sdfootnote5anc\" id=\"sdfootnote5sym\">5<\/a> <em>Niemcy: trwa hekatomba dzieci pocz\u0119tych, ale rz\u0105d woli troszczy\u0107 si\u0119 o\u2026 kurczaki<\/em>, <a href=\"https:\/\/www.pch24.pl\/niemcy--trwa-hekatomba-dzieci-poczetych--ale-rzad-woli-troszczyc-sie-o-kurczaki,68999,i.html\">https:\/\/www.pch24.pl\/niemcy&#8211;trwa-hekatomba-dzieci-poczetych&#8211;ale-rzad-woli-troszczyc-sie-o-kurczaki,68999,i.html<\/a>, dost\u0119p: 15 01. 2020 r.<\/p>\n\n\n\n<p><a href=\"#sdfootnote6anc\" id=\"sdfootnote6sym\">6<\/a> Dane pochodz\u0105 z urz\u0119dowych rejestr\u00f3w szpitalnych, kt\u00f3re nie uwzgl\u0119dnia\u0142y wszystkich aborcji, dokonywanych w gabinetach prywatnych, w o\u015brodkach zdrowia czy szpitalach. Rejestr podany w statystyce Roberta Johnstona zani\u017ca co najmniej czterokrotnie liczb\u0119 zabitych dzieci w Polsce w latach 1955-2018.<\/p>\n\n\n\n<p><a href=\"#sdfootnote7anc\" id=\"sdfootnote7sym\">7<\/a> W rzeczywisto\u015bci liczba ludno\u015bci by\u0142aby znacznie wi\u0119ksza, w tym okresie czasu dokonano oko\u0142o 25 mln aborcji, a zatem w 2018 r. mog\u0142oby by\u0107 oko\u0142o 63,4 mln Polak\u00f3w. Cho\u0107 ta liczba jest znacznie zani\u017cona, by\u0142oby nas znacznie wi\u0119cej, gdyby nie kolejne rewolucje seksualne, kt\u00f3re od ponad stu lat tocz\u0105 si\u0119 przez nasz kraj.<\/p>\n\n\n\n<p><a><\/a> <a href=\"#sdfootnote8anc\" id=\"sdfootnote8sym\">8<\/a> Rumunia w 2020 r. nale\u017cy do kraj\u00f3w, kt\u00f3re najszybciej si\u0119 kurcz\u0105 pod wzgl\u0119dem ludno\u015bci. Na jedn\u0105 osob\u0119 urodzon\u0105 w ci\u0105gu dnia umieraj\u0105 dwie. Rocznie Rumunia pomniejsza si\u0119 o blisko 135 tys. os\u00f3b. Je\u015bli trend depopulacyjny zostanie zachowany na obecnym poziomie, prognozowane dane przewiduj\u0105, \u017ce w 2050 r. w Rumunii b\u0119dzie mieszka\u0142o oko\u0142o 15 mln os\u00f3b, ze \u015bredni\u0105 wieku oko\u0142o 47 lat. Ludno\u015b\u0107 pomniejszy si\u0119 o ponad 50%. Do\u015b\u0107 szybki proces depopulacyjny przebiega w Bu\u0142garii, na Litwie, \u0141otwie i na W\u0119grzech. Zob. <em>Rumunia \u2013 <\/em><em>liczba ludno\u015bci<\/em>, https:\/\/www.populationof.net\/romania\/, dost\u0119p: 28.09.2020 r.<\/p>\n\n\n\n<p><a><\/a><a><\/a> <a href=\"#sdfootnote9anc\" id=\"sdfootnote9sym\">9<\/a>Zob. <em>European Russia<\/em>, <a href=\"https:\/\/en.wikipedia.org\/wiki\/European_Russia\">https:\/\/en.wikipedia.org\/wiki\/European_Russia<\/a>, dost\u0119p: 4.04.2022 r.<\/p>\n\n\n\n<p><a href=\"#sdfootnote10anc\" id=\"sdfootnote10sym\">10<\/a> W 1991 r. Zwi\u0105zek Socjalistycznych Republik Sowieckich liczy\u0142 nieco ponad 293 mln mieszka\u0144c\u00f3w, w cz\u0119\u015bci europejskiej mieszka\u0142o nieco ponad 208 mln os\u00f3b. Na uwag\u0119 zas\u0142uguje Rosja, kt\u00f3ra poprzez aborcje sta\u0142a si\u0119 krajem o niewielkiej liczbie ludno\u015bci w stosunku do obszaru, kt\u00f3ry obejmuje. Na 1 km<sup>2<\/sup> przypada\u0142o w 2020 r. tylko 8,8 os\u00f3b, a mog\u0142oby by\u0107 19,7. Ponaddwukrotnie wi\u0119cej. W 2020 r. Rosja w cz\u0119\u015bci europejskiej mog\u0142a liczy\u0107 oko\u0142o 342,1 mln, a liczy\u0142a oko\u0142o 110 mln.<\/p>\n\n\n\n<p><a href=\"#sdfootnote11anc\" id=\"sdfootnote11sym\">11<\/a>Dane ludno\u015bciowe podane dla Jugos\u0142awii odnosz\u0105 si\u0119 do roku 1989, jeszcze z czas\u00f3w przed rozpadem pa\u0144stwa, <em>Socjalistyczna Federacyjna Republika Jugos\u0142awii<\/em>,<a href=\"https:\/\/pl.wikipedia.org\/wiki\/Socjalistyczna_Federacyjna_Republika_Jugos%C5%82awii\">https:\/\/pl.wikipedia.org\/wiki\/Socjalistyczna_Federacyjna_Republika_Jugos%C5%82awii<\/a>, dost\u0119p: 2.04.2022 r.<\/p>\n\n\n\n<p><a><\/a><a><\/a> <a href=\"#sdfootnote12anc\" id=\"sdfootnote12sym\">12<\/a> Zob. <em>Europa \u2013 liczba ludno\u015bci<\/em>, https:\/\/www.populationof.net\/europe\/, dost\u0119p: 28.09.2020 r.<\/p>\n<p>Views: 71<\/p>","protected":false},"excerpt":{"rendered":"<p>Od legalizacji aborcji w ZSRS w 1920 r. do 2020 r., czyli przez jedno stulecie, na ca\u0142ym \u015bwiecie dokonano oko\u0142o 2,5 mld zab\u00f3jstw dzieci nienarodzonych1. Pod koniec 2020 r. ziemi\u0119 zamieszkiwa\u0142o oko\u0142o 7,8 mld ludno\u015bci2, a gdyby nie dokonano ludob\u00f3jstwa na dzieciach nienarodzonych, by\u0142oby nas obecnie oko\u0142o 9 mld. Oko\u0142o 1,3 mld ju\u017c by nie &hellip; <\/p>\n<p class=\"link-more\"><a href=\"https:\/\/demografia.com.pl\/demografia\/globalny-wymiar-aborcji\/\" class=\"more-link\">Czytaj dalej<span class=\"screen-reader-text\"> \u201e<strong>Globalny wymiar aborcji<\/strong>\u201d<\/span><\/a><\/p>\n","protected":false},"author":1,"featured_media":4144,"parent":0,"menu_order":0,"comment_status":"closed","ping_status":"closed","template":"","meta":{"footnotes":""},"class_list":["post-632","page","type-page","status-publish","has-post-thumbnail","hentry"],"_links":{"self":[{"href":"https:\/\/demografia.com.pl\/demografia\/wp-json\/wp\/v2\/pages\/632","targetHints":{"allow":["GET"]}}],"collection":[{"href":"https:\/\/demografia.com.pl\/demografia\/wp-json\/wp\/v2\/pages"}],"about":[{"href":"https:\/\/demografia.com.pl\/demografia\/wp-json\/wp\/v2\/types\/page"}],"author":[{"embeddable":true,"href":"https:\/\/demografia.com.pl\/demografia\/wp-json\/wp\/v2\/users\/1"}],"replies":[{"embeddable":true,"href":"https:\/\/demografia.com.pl\/demografia\/wp-json\/wp\/v2\/comments?post=632"}],"version-history":[{"count":1,"href":"https:\/\/demografia.com.pl\/demografia\/wp-json\/wp\/v2\/pages\/632\/revisions"}],"predecessor-version":[{"id":4145,"href":"https:\/\/demografia.com.pl\/demografia\/wp-json\/wp\/v2\/pages\/632\/revisions\/4145"}],"wp:featuredmedia":[{"embeddable":true,"href":"https:\/\/demografia.com.pl\/demografia\/wp-json\/wp\/v2\/media\/4144"}],"wp:attachment":[{"href":"https:\/\/demografia.com.pl\/demografia\/wp-json\/wp\/v2\/media?parent=632"}],"curies":[{"name":"wp","href":"https:\/\/api.w.org\/{rel}","templated":true}]}}