{"id":639,"date":"2022-11-07T10:13:08","date_gmt":"2022-11-07T10:13:08","guid":{"rendered":"https:\/\/demografia.com.pl\/demografia\/?page_id=639"},"modified":"2023-10-06T08:17:12","modified_gmt":"2023-10-06T08:17:12","slug":"aborcja-intratny-biznes-lewicy","status":"publish","type":"page","link":"https:\/\/demografia.com.pl\/demografia\/aborcja-intratny-biznes-lewicy\/","title":{"rendered":"Aborcja \u2013 intratny biznes lewicy"},"content":{"rendered":"<\/p>\n\n\n<\/p>\n<p>\n\n\n<\/p>\n\n\n<\/p>\n<p>Zabijanie dzieci nienarodzonych sta\u0142o si\u0119 intratnym interesem dla \u015brodowisk liberalno-lewicowych. Nie zaistnia\u0142yby one bez dzia\u0142alno\u015bci aborcyjnej, propagowania \u015brodk\u00f3w antykoncepcyjnych i \u201eedukacji seksualnej\u201d, kt\u00f3ra mia\u0142a na celu deprawacj\u0119 dzieci i m\u0142odzie\u017cy. Kt\u00f3\u017c by si\u0119 nie chcia\u0142 edukowa\u0107? Ka\u017cdy m\u0142ody i w wieku starszym, bo to jest naturalne pragnienie cz\u0142owieka, ale w tym przypadku prowadzi si\u0119 systematyczn\u0105, zaplanowan\u0105 deprawacj\u0119.<\/p>\n<p>\n\n\n<\/p>\n\n\n<\/p>\n<h1 class=\"wp-block-heading\"><strong>\u015aredni koszt aborcji w 2015 r. &#8211; 451 USD<\/strong><\/h1>\n<p>\n\n\n<\/p>\n\n\n<\/p>\n<p>Jaki jest \u015bredni koszt zabicia dziecka nienarodzonego przez aborter\u00f3w? Instytut Alana F. Guttmachera<a href=\"#sdfootnote1sym\" id=\"sdfootnote1anc\"><sup>1<\/sup><\/a> podaje, \u017ce \u015bredni koszt aborcji w 2015 r. w pierwszym trymestrze wynosi\u0142 451 USD<a href=\"#sdfootnote2sym\" id=\"sdfootnote2anc\"><sup>2<\/sup><\/a>. W Europie rocznie dokonuje si\u0119 2,5 mln aborcji<a href=\"#sdfootnote3sym\" id=\"sdfootnote3anc\"><sup>3<\/sup><\/a>, tote\u017c organizacje aborcyjne rocznie z pozbawienia \u017cycia dzieci nienarodzonych osi\u0105gaj\u0105 przych\u00f3d w wysoko\u015bci 1 mld 127 mln 500 tys. USD. Do tych \u015brodk\u00f3w trzeba doda\u0107 dotacje pozyskiwane z Unii Europejskiej czy WHO. A zapewne s\u0105 i inne \u017ar\u00f3d\u0142a dochod\u00f3w, cho\u0107by firmy farmaceutyczne, kt\u00f3re wspieraj\u0105 przemys\u0142 aborcyjny.<\/p>\n<p>\n\n\n<\/p>\n\n\n<\/p>\n<p>Na ca\u0142ym \u015bwiecie za\u015b w 2014 r. dokonano oko\u0142o 56,3 mln aborcji<a id=\"sdfootnote4anc\" href=\"#sdfootnote4sym\"><sup>4<\/sup><\/a>. Tote\u017c przych\u00f3d roczny z aborcji wynosi\u0142 25 mld 391 mln 300 tys. USD. Do tego dochodz\u0105 inne \u017ar\u00f3d\u0142a finansowania: z fundacji, organizacji mi\u0119dzynarodowych, m.in. z Banku \u015awiatowego, WHO czy Unii Europejskiej<a id=\"sdfootnote5anc\" href=\"#sdfootnote5sym\"><sup>5<\/sup><\/a>. \u015amiem twierdzi\u0107, \u017ce jest to jedno z najbardziej intratnych zaj\u0119\u0107 dochodowych na \u015bwiecie. Op\u0142aci\u0107 nale\u017cy aborter\u00f3w, pracownik\u00f3w wspomagaj\u0105cych, reklam\u0119 i odprowadzi\u0107 podatki. Nak\u0142ady na dzia\u0142alno\u015b\u0107 zbrodnicz\u0105 nie s\u0105 wysokie, za\u015b zyski osi\u0105gaj\u0105 krocie.<\/p>\n<p>\n\n\n<\/p>\n\n\n<\/p>\n<h1 class=\"wp-block-heading\"><strong>Najwi\u0119ksze ludob\u00f3jstwo<\/strong><\/h1>\n<p>\n\n\n<\/p>\n\n\n<\/p>\n<p>Przemys\u0142 aborcyjny dokona\u0142 najwi\u0119kszego ludob\u00f3jstwa w dziejach ludzko\u015bci. Totalitaryzm komunistyczny pozbawi\u0142 \u017cycia 100 mln ludzi<a id=\"sdfootnote6anc\" href=\"#sdfootnote6sym\"><sup>6<\/sup><\/a>, socjalizm nazistowski oko\u0142o 60 mln<a id=\"sdfootnote7anc\" href=\"#sdfootnote7sym\"><sup>7<\/sup><\/a>, inne ludob\u00f3jstwa \u2013 oko\u0142o 2,3 mln<a id=\"sdfootnote8anc\" href=\"#sdfootnote8sym\"><sup>8<\/sup><\/a>. \u0141\u0105cznie w ci\u0105gu ostatniego stulecia zabito 162,5 mln os\u00f3b. Za\u015b totalitaryzm aborcyjny nie ma sobie r\u00f3wnych, w ci\u0105gu ostatnich stu lat poch\u0142on\u0105\u0142 \u017cycie 2,5 mld os\u00f3b<a id=\"sdfootnote9anc\" href=\"#sdfootnote9sym\"><sup>9<\/sup><\/a>. To ludob\u00f3jstwo wo\u0142aj\u0105ce o pomst\u0119 do nieba.<\/p><p><i>ks. K. Bielawny<\/i><\/p>\n<p>\n\n\n<\/p>\n\n\n<\/p>\n<h1><strong>Przypisy:<\/strong><\/h1>\n<p>\n\n\n<\/p>\n\n\n<\/p>\n<p><a href=\"#sdfootnote1anc\" id=\"sdfootnote1sym\">1<\/a> Instytut powsta\u0142 w 1968 r., w pierwszych latach nosi\u0142 nazw\u0119 Centrum Rozwoju Programu Planowania Rodziny. Dzia\u0142a\u0142 w ramach Planned Parenthood, organizacji aborcyjnej. Od 2007 r. jest samodzielnie dzia\u0142aj\u0105c\u0105 organizacj\u0105 non-profit. Instytut prowadzi badania wspieraj\u0105ce dzia\u0142alno\u015b\u0107 aborcyjn\u0105 w Stanach Zjednoczonych i wielu krajach rozwijaj\u0105cych si\u0119, przede wszystkim w Afryce. \u015arodki finansowe pozyskuje z fundacji i z organizacji mi\u0119dzynarodowych, m.in. ze \u015awiatowej Organizacji Zdrowia czy Banku \u015awiatowego. W 2015 r. Instytut dysponowa\u0142 bud\u017cetem w wysoko\u015bci 19 mln USD.<\/p>\n<p>\n\n\n<\/p>\n\n\n<\/p>\n<p><a href=\"#sdfootnote2anc\" id=\"sdfootnote2sym\">2<\/a> Zob. M. Snyder, <em>19 Statistics About Abortion That Every American Should Know<\/em>, <a href=\"http:\/\/endoftheamericandream.com\/\">http:\/\/endoftheamericandream.com\/<\/a>, dost\u0119p: 4.11.2020 r.<\/p>\n<p>\n\n\n<\/p>\n\n\n<\/p>\n<p><a href=\"#sdfootnote3anc\" id=\"sdfootnote3sym\">3<\/a> Zob. <em>Ile dzieci zabija Europa<\/em>, <a href=\"https:\/\/www.gosc.pl\/doc\/3699327.Ile-dzieci-zabija-Europa\">https:\/\/www.gosc.pl\/doc\/3699327.Ile-dzieci-zabija-Europa<\/a>, dost\u0119p: 26.09.2020 r.<\/p>\n<p>\n\n\n<\/p>\n\n\n<\/p>\n<p><a><\/a> <a href=\"#sdfootnote4anc\" id=\"sdfootnote4sym\">4<\/a><sup> <\/sup>Zob. G. Sedgh, J. Bearak, S. Singh, et al., <em>Abortion incidence between 1990 and 2014; global, regional, and subregional levels and trends<\/em>, <a href=\"https:\/\/www.sciencedirect.com\/science\/article\/abs\/pii\/S0140673616303804\">https:\/\/www.sciencedirect.com\/science\/article\/abs\/pii\/S0140673616303804<\/a>, dost\u0119p: 10.11.2020 r.<\/p>\n<p>\n\n\n<\/p>\n\n\n<\/p>\n<p><a><\/a> <a href=\"#sdfootnote5anc\" id=\"sdfootnote5sym\">5<\/a> Zob. T. Biesaga, <em>\u0179r\u00f3d\u0142a ideologii aborcyjnej<\/em>, \u201eMedycyna Praktyczna\u201d 2005, nr 3, s. 30. Wszystkie nast\u0119pne cytaty zosta\u0142y zaczerpni\u0119te z tej publikacji. Autor artyku\u0142u pisa\u0142: \u201eTrudno jest zliczy\u0107, ile pieni\u0119dzy wydaje si\u0119 rocznie na antynatalistyczn\u0105, aborcyjn\u0105 dzia\u0142alno\u015b\u0107 w \u015bwiecie. Dokument z mi\u0119dzynarodowej konferencji w Kairze (1994), bior\u0105c pod uwag\u0119 zapotrzebowanie zasadniczych organizacji antynatalistycznych, szacuje, \u017ce dzia\u0142alno\u015b\u0107 ta b\u0119dzie kosztowa\u0107 w 2000 r. 17 mld dolar\u00f3w, w 2005 \u2013 18,5 mld, w 2010 \u2013 21 mld, a w 2015 \u2013 21,7 mld\u201d.<\/p>\n<p>\n\n\n<\/p>\n\n\n<\/p>\n<p><a><\/a> <a href=\"#sdfootnote6anc\" id=\"sdfootnote6sym\">6<\/a> Zob. J. Kubiak, <em>Czarna ksi\u0119ga komunizmu \u2013 ci\u0105g dalszy\u2026<\/em>, \u201eTygodnik Powszechny\u201d 2003, nr 10.<\/p>\n<p>\n\n\n<\/p>\n\n\n<\/p>\n<p><a><\/a> <a href=\"#sdfootnote7anc\" id=\"sdfootnote7sym\">7<\/a> Zob. <em>Ofiary II wojny \u015bwiatowej<\/em>, <a href=\"https:\/\/pl.wikipedia.org\/wiki\/Ofiary_II_wojny_%C5%9Bwiatowej\">https:\/\/pl.wikipedia.org\/wiki\/Ofiary_II_wojny_%C5%9Bwiatowej<\/a>, dost\u0119p: 29.06.2021 r.<\/p>\n<p>\n\n\n<\/p>\n\n\n<\/p>\n<p><a><\/a> <a href=\"#sdfootnote8anc\" id=\"sdfootnote8sym\">8<\/a> Zob. <em>Ludob\u00f3jstwo. Przyk\u0142ady ludob\u00f3jstw XX w.<\/em>, <a href=\"https:\/\/pl.wikipedia.org\/wiki\/Ludob%C3%B3jstwo\">https:\/\/pl.wikipedia.org\/wiki\/Ludob%C3%B3jstwo<\/a>, dost\u0119p: 30.06.2021 r.<\/p>\n<p>\n\n\n<\/p>\n\n\n<\/p>\n<p><a><\/a> <a href=\"#sdfootnote9anc\" id=\"sdfootnote9sym\">9<\/a> Zob. <a href=\"https:\/\/poczta.rubikon.pl\/?_task=mail&amp;_action=show&amp;_uid=137438&amp;_mbox=INBOX&amp;_safe=1&amp;_caps=pdf%3D1%2Cflash%3D0%2Ctif%3D0#IDNMMPCUQYH4LWJRMKPHAV5FFKRAGCGKGDLUITZDF3D40NNWKDLZO\"><em>100. rocznica legalizacji aborcji na \u015bwiecie \u2013 2,5 miliarda ofiar<\/em><\/a>, https:\/\/www.niedziela.pl\/artykul\/61122\/100-rocznica-legalizacji-aborcji-na, dost\u0119p: 16.11.2020 r., zob. J.K. Sz\u0142ykowicz, <em>Ratujcie \u017cycie pocz\u0119tych dzieci, ratujcie polskie dzieci!<\/em>, Warszawa 2007, s. 27. W instrukcji \u201eDonum vitae\u201d, czytamy: \u201e[\u2026] istota ludzka winna by\u0107 szanowana \u2013 jako osoba \u2013 od pierwszej chwili swego istnienia. [\u2026] Owoc przekazywania \u017cycia ludzkiego od pierwszego momentu swego istnienia, a wi\u0119c pocz\u0105wszy od utworzenia si\u0119 zygoty, wymaga bezwarunkowego szacunku, kt\u00f3ry moralnie nale\u017cy si\u0119 ka\u017cdej istocie ludzkiej, w swej integralno\u015bci cielesnej i duchowej\u201d. Od chwili pocz\u0119cia powinny by\u0107 uznane jej prawa jako osoby, a pierwszym ze wszystkich praw jest nienaruszalne prawo ka\u017cdej istoty ludzkiej do \u017cycia.<\/p>\n<p>\n\n\n<\/p><p>Views: 97<\/p>","protected":false},"excerpt":{"rendered":"<p>Zabijanie dzieci nienarodzonych sta\u0142o si\u0119 intratnym interesem dla \u015brodowisk liberalno-lewicowych. Nie zaistnia\u0142yby one bez dzia\u0142alno\u015bci aborcyjnej, propagowania \u015brodk\u00f3w antykoncepcyjnych i \u201eedukacji seksualnej\u201d, kt\u00f3ra mia\u0142a na celu deprawacj\u0119 dzieci i m\u0142odzie\u017cy. Kt\u00f3\u017c by si\u0119 nie chcia\u0142 edukowa\u0107? Ka\u017cdy m\u0142ody i w wieku starszym, bo to jest naturalne pragnienie cz\u0142owieka, ale w tym przypadku prowadzi si\u0119 systematyczn\u0105, &hellip; <\/p>\n<p class=\"link-more\"><a href=\"https:\/\/demografia.com.pl\/demografia\/aborcja-intratny-biznes-lewicy\/\" class=\"more-link\">Czytaj dalej<span class=\"screen-reader-text\"> \u201eAborcja \u2013 intratny biznes lewicy\u201d<\/span><\/a><\/p>\n","protected":false},"author":1,"featured_media":3846,"parent":0,"menu_order":0,"comment_status":"closed","ping_status":"closed","template":"","meta":{"footnotes":""},"class_list":["post-639","page","type-page","status-publish","has-post-thumbnail","hentry"],"_links":{"self":[{"href":"https:\/\/demografia.com.pl\/demografia\/wp-json\/wp\/v2\/pages\/639","targetHints":{"allow":["GET"]}}],"collection":[{"href":"https:\/\/demografia.com.pl\/demografia\/wp-json\/wp\/v2\/pages"}],"about":[{"href":"https:\/\/demografia.com.pl\/demografia\/wp-json\/wp\/v2\/types\/page"}],"author":[{"embeddable":true,"href":"https:\/\/demografia.com.pl\/demografia\/wp-json\/wp\/v2\/users\/1"}],"replies":[{"embeddable":true,"href":"https:\/\/demografia.com.pl\/demografia\/wp-json\/wp\/v2\/comments?post=639"}],"version-history":[{"count":1,"href":"https:\/\/demografia.com.pl\/demografia\/wp-json\/wp\/v2\/pages\/639\/revisions"}],"predecessor-version":[{"id":3724,"href":"https:\/\/demografia.com.pl\/demografia\/wp-json\/wp\/v2\/pages\/639\/revisions\/3724"}],"wp:featuredmedia":[{"embeddable":true,"href":"https:\/\/demografia.com.pl\/demografia\/wp-json\/wp\/v2\/media\/3846"}],"wp:attachment":[{"href":"https:\/\/demografia.com.pl\/demografia\/wp-json\/wp\/v2\/media?parent=639"}],"curies":[{"name":"wp","href":"https:\/\/api.w.org\/{rel}","templated":true}]}}