{"id":647,"date":"2022-11-07T10:37:08","date_gmt":"2022-11-07T10:37:08","guid":{"rendered":"https:\/\/demografia.com.pl\/demografia\/?page_id=647"},"modified":"2023-08-19T03:57:56","modified_gmt":"2023-08-19T03:57:56","slug":"najwieksze-ludobojstwo-aborcja","status":"publish","type":"page","link":"https:\/\/demografia.com.pl\/demografia\/najwieksze-ludobojstwo-aborcja\/","title":{"rendered":"Najwi\u0119ksze ludob\u00f3jstwo &#8211; aborcja"},"content":{"rendered":"\n<p class=\"has-medium-font-size\">Zabijanie nienarodzonych dzieci w ostatnich dw\u00f3ch stuleciach sta\u0142o si\u0119 dla \u015brodowisk feministycznych i lewicowo-liberalnych intratnym interesem. Z aborcji uczynili przemys\u0142 morderczy. <\/p>\n\n\n\n<p class=\"has-medium-font-size\">W ci\u0105gu stu lat, od zalegalizowania prawnego zabijania dzieci nienarodzonych w ZSRS w 1920 r., na \u015bwiecie dokonano oko\u0142o 2,5 mld aborcji. \u017baden inny totalitaryzm nie pozbawi\u0142 tak du\u017cej grupy ludzi \u017cycia. <\/p>\n\n\n\n<p class=\"has-medium-font-size\">Jest to najwi\u0119ksze ludob\u00f3jstwo w dziejach ludzko\u015bci. \u015awiat, kt\u00f3ry zabija dzieci, jest \u015bwiatem bez przysz\u0142o\u015bci. Przyk\u0142adem jest umieraj\u0105ca Europa i inne kraje, kt\u00f3re uczyni\u0142y z aborcji sztuczn\u0105 regulacj\u0119 urodze\u0144.<\/p>\n<p>Views: 61<\/p>","protected":false},"excerpt":{"rendered":"<p>Zabijanie nienarodzonych dzieci w ostatnich dw\u00f3ch stuleciach sta\u0142o si\u0119 dla \u015brodowisk feministycznych i lewicowo-liberalnych intratnym interesem. Z aborcji uczynili przemys\u0142 morderczy. W ci\u0105gu stu lat, od zalegalizowania prawnego zabijania dzieci nienarodzonych w ZSRS w 1920 r., na \u015bwiecie dokonano oko\u0142o 2,5 mld aborcji. \u017baden inny totalitaryzm nie pozbawi\u0142 tak du\u017cej grupy ludzi \u017cycia. Jest to &hellip; <\/p>\n<p class=\"link-more\"><a href=\"https:\/\/demografia.com.pl\/demografia\/najwieksze-ludobojstwo-aborcja\/\" class=\"more-link\">Czytaj dalej<span class=\"screen-reader-text\"> \u201eNajwi\u0119ksze ludob\u00f3jstwo &#8211; aborcja\u201d<\/span><\/a><\/p>\n","protected":false},"author":1,"featured_media":3734,"parent":0,"menu_order":0,"comment_status":"closed","ping_status":"closed","template":"","meta":{"footnotes":""},"class_list":["post-647","page","type-page","status-publish","has-post-thumbnail","hentry"],"_links":{"self":[{"href":"https:\/\/demografia.com.pl\/demografia\/wp-json\/wp\/v2\/pages\/647","targetHints":{"allow":["GET"]}}],"collection":[{"href":"https:\/\/demografia.com.pl\/demografia\/wp-json\/wp\/v2\/pages"}],"about":[{"href":"https:\/\/demografia.com.pl\/demografia\/wp-json\/wp\/v2\/types\/page"}],"author":[{"embeddable":true,"href":"https:\/\/demografia.com.pl\/demografia\/wp-json\/wp\/v2\/users\/1"}],"replies":[{"embeddable":true,"href":"https:\/\/demografia.com.pl\/demografia\/wp-json\/wp\/v2\/comments?post=647"}],"version-history":[{"count":1,"href":"https:\/\/demografia.com.pl\/demografia\/wp-json\/wp\/v2\/pages\/647\/revisions"}],"predecessor-version":[{"id":3735,"href":"https:\/\/demografia.com.pl\/demografia\/wp-json\/wp\/v2\/pages\/647\/revisions\/3735"}],"wp:featuredmedia":[{"embeddable":true,"href":"https:\/\/demografia.com.pl\/demografia\/wp-json\/wp\/v2\/media\/3734"}],"wp:attachment":[{"href":"https:\/\/demografia.com.pl\/demografia\/wp-json\/wp\/v2\/media?parent=647"}],"curies":[{"name":"wp","href":"https:\/\/api.w.org\/{rel}","templated":true}]}}