{"id":650,"date":"2022-11-16T11:27:16","date_gmt":"2022-11-16T11:27:16","guid":{"rendered":"https:\/\/demografia.com.pl\/demografia\/?page_id=650"},"modified":"2023-09-13T13:16:52","modified_gmt":"2023-09-13T13:16:52","slug":"glowny-czynnik-wyludnienia-antykoncepcja","status":"publish","type":"page","link":"https:\/\/demografia.com.pl\/demografia\/glowny-czynnik-wyludnienia-antykoncepcja\/","title":{"rendered":"G\u0142\u00f3wny czynnik wyludnienia  &#8211;  antykoncepcja"},"content":{"rendered":"\n<p>Antykoncepcja by\u0142a stosowana ju\u017c w czasach staro\u017cytnych. Cho\u0107 jej oddzia\u0142ywanie na depopulacj\u0119 nie mia\u0142o a\u017c tak du\u017cego znaczenia jak we wsp\u00f3\u0142czesnych czasach. Jak ju\u017c pisa\u0142em, obecnie \u015brodowiska feministyczne i lewicowe znalaz\u0142y w propagowaniu \u015brodk\u00f3w niszcz\u0105cych p\u0142odno\u015b\u0107 doskona\u0142y spos\u00f3b na pozyskiwanie \u015brodk\u00f3w finansowych. Dlatego od XIX w. skierowa\u0142y swe dzia\u0142ania w kierunku promocji antykoncepcji, w pierwszym etapie poprzez propagand\u0119 ideow\u0105 regulacji urodze\u0144. Aby przekona\u0107 do swoich pomys\u0142\u00f3w jak najwi\u0119ksz\u0105 liczb\u0119 os\u00f3b, z czasem stosowano coraz \u0142agodniejsze okre\u015blenia, bardziej przyjazne, kt\u00f3re mia\u0142y wywo\u0142ywa\u0107 u odbiorcy pozytywne wra\u017cenie, cho\u0107by \u201e\u015bwiadome macierzy\u0144stwo\u201d. Kt\u00f3ra\u017c kobieta nie chcia\u0142aby \u015bwiadomie nosi\u0107 pod swym sercem dziecka? Ale za tym okre\u015bleniem kry\u0142o si\u0119 zupe\u0142nie inne dzia\u0142anie. Maj\u0105ce na celu pomniejszenie liczby dzieci w rodzinach za pomoc\u0105 \u015brodk\u00f3w niszcz\u0105cych p\u0142odno\u015b\u0107 czy aborcji.<\/p>\n\n\n\n<p>Z czasem ukuto nowe okre\u015blenie \u2013 \u201eedukacja seksualna\u201d, kt\u00f3re mia\u0142o by\u0107 obowi\u0105zkowym przedmiotem w szko\u0142ach od najm\u0142odszych klas. \u201eEdukacja seksualna\u201d mia\u0142a s\u0142u\u017cy\u0107 propagowaniu demoralizacji dzieci i m\u0142odzie\u017cy. Od lat dziewi\u0119\u0107dziesi\u0105tych XX w. w \u015brodowiskach feministycznych, lewicowych promuj\u0105cych antykoncepcj\u0119 i aborcj\u0119 pojawi\u0142o si\u0119 nowe okre\u015blenie, s\u0142owo klucz \u2013 zdrowie reprodukcyjne. Kt\u00f3\u017c nie chcia\u0142by by\u0107 zdrowy? Ale tu nie o takie zdrowie chodzi. Reprodukcja w ich rozumieniu prowadzi do depopulacji. \u015awiat ma by\u0107 tylko dla wybranych, a wyboru, kto ma \u017cy\u0107, a kto ma umrze\u0107 w \u0142onie matki, ma dokona\u0107 cz\u0142owiek trumny. Decyzja nale\u017cy do cz\u0142owieka \u2013 grabarza ludzkiej populacji.<\/p>\n\n\n\n<p>W dziejach propagandy antykoncepcyjnej<a href=\"#sdfootnote1sym\" id=\"sdfootnote1anc\"><sup>1<\/sup><\/a> najtragiczniejszym okresem by\u0142o dopuszczenie do sprzeda\u017cy pigu\u0142ki antykoncepcyjnej w 1960 r. Dokona\u0142a ona najwi\u0119kszych zniszcze\u0144 w populacji ludzko\u015bci. Zrujnowa\u0142a relacje ma\u0142\u017ce\u0144skie, ka\u017cdy z ma\u0142\u017conk\u00f3w sta\u0142 si\u0119 autonomiczny w podejmowaniu \u017cycia seksualnego, nie bior\u0105c odpowiedzialno\u015bci za drug\u0105 osob\u0119. We wszystkich spo\u0142eczno\u015bciach, gdzie pojawi\u0142a si\u0119 pigu\u0142ka, notowano gwa\u0142towny spadek wska\u017anik\u00f3w dzietno\u015bci. Nast\u0119powa\u0142a powolna depopulacja narod\u00f3w. Innymi s\u0142owy, samozag\u0142ada, bez udzia\u0142u zewn\u0119trznych wrog\u00f3w. Najlepszym przyk\u0142adem obecnie s\u0105 kraje europejskie wraz z Polsk\u0105. Wska\u017aniki dzietno\u015bci spad\u0142y poni\u017cej zast\u0119powalno\u015bci pokole\u0144 i wynosz\u0105 2,1 na kobiet\u0119 w wieku rozrodczym.<\/p>\n\n\n\n<p>Rodziny wielodzietne sta\u0142y si\u0119 rzadko\u015bci\u0105, dominuje wzorzec bez dzieci albo najwy\u017cej z jednym albo dwojgiem dzieci. S\u0105 to konsekwencje korzystania ze \u015brodk\u00f3w niszcz\u0105cych p\u0142odno\u015b\u0107. Dom ziemski coraz bardziej pustoszeje, bo zabija go antykoncepcja.<\/p>\n\n\n\n<p><strong>Przypis:<\/strong><\/p>\n\n\n\n<p><a id=\"sdfootnote1sym\" href=\"#sdfootnote1anc\">1<\/a> Zob. M. Maciejewski, <em>S\u0142owa klucze w dyskursie o antykoncepcji<\/em>, \u201etekst i dyskurs \u2013 text und dyskurs\u201d 2017, z. 10, s. 41-61. Bardzo dobra praca ukazuj\u0105ca wymiar propagandowy antykoncepcji w oparciu o s\u0142owa klucze. Na przyk\u0142ad: \u201eAntykoncepcja to mi\u0142o\u015b\u0107, partnerstwo i odpowiedzialno\u015b\u0107. Towarzystwo Rozwoju Rodziny przypomina o znacz\u0105cej roli antykoncepcji dla budowania zwi\u0105zk\u00f3w mi\u0119dzyludzkich opartych na odpowiedzialno\u015bci i zaufaniu. Niestety, temat antykoncepcji jest cz\u0119sto zaniedbywany, nie tylko ze strony systemu edukacji w Polsce, lecz tak\u017ce przez media\u201d. Inny tekst dotycz\u0105cy pi\u0119kna i urody: \u201eSk\u00f3ra i w\u0142osy staj\u0105 si\u0119 pi\u0119kniejsze, a Ty mo\u017cesz zn\u00f3w zobaczy\u0107 w lustrze swoje promienne odbicie. [\u2026] Tabletki o dzia\u0142aniu antyandrogennym oferuj\u0105 ten \u00bbplus\u00ab w ka\u017cdej antykoncepcji. Mo\u017cesz z ich pomoc\u0105 nie tylko si\u0119 zabezpieczy\u0107, mo\u017cesz te\u017c co\u015b zrobi\u0107 dla Twojej sk\u00f3ry i w\u0142os\u00f3w, a tym samym dla Twojego wygl\u0105du\u201d.<\/p>\n<p>Views: 26<\/p>","protected":false},"excerpt":{"rendered":"<p>Antykoncepcja by\u0142a stosowana ju\u017c w czasach staro\u017cytnych. Cho\u0107 jej oddzia\u0142ywanie na depopulacj\u0119 nie mia\u0142o a\u017c tak du\u017cego znaczenia jak we wsp\u00f3\u0142czesnych czasach. Jak ju\u017c pisa\u0142em, obecnie \u015brodowiska feministyczne i lewicowe znalaz\u0142y w propagowaniu \u015brodk\u00f3w niszcz\u0105cych p\u0142odno\u015b\u0107 doskona\u0142y spos\u00f3b na pozyskiwanie \u015brodk\u00f3w finansowych. Dlatego od XIX w. skierowa\u0142y swe dzia\u0142ania w kierunku promocji antykoncepcji, w pierwszym &hellip; <\/p>\n<p class=\"link-more\"><a href=\"https:\/\/demografia.com.pl\/demografia\/glowny-czynnik-wyludnienia-antykoncepcja\/\" class=\"more-link\">Czytaj dalej<span class=\"screen-reader-text\"> \u201eG\u0142\u00f3wny czynnik wyludnienia  &#8211;  antykoncepcja\u201d<\/span><\/a><\/p>\n","protected":false},"author":1,"featured_media":3842,"parent":0,"menu_order":0,"comment_status":"closed","ping_status":"closed","template":"","meta":{"footnotes":""},"class_list":["post-650","page","type-page","status-publish","has-post-thumbnail","hentry"],"_links":{"self":[{"href":"https:\/\/demografia.com.pl\/demografia\/wp-json\/wp\/v2\/pages\/650","targetHints":{"allow":["GET"]}}],"collection":[{"href":"https:\/\/demografia.com.pl\/demografia\/wp-json\/wp\/v2\/pages"}],"about":[{"href":"https:\/\/demografia.com.pl\/demografia\/wp-json\/wp\/v2\/types\/page"}],"author":[{"embeddable":true,"href":"https:\/\/demografia.com.pl\/demografia\/wp-json\/wp\/v2\/users\/1"}],"replies":[{"embeddable":true,"href":"https:\/\/demografia.com.pl\/demografia\/wp-json\/wp\/v2\/comments?post=650"}],"version-history":[{"count":1,"href":"https:\/\/demografia.com.pl\/demografia\/wp-json\/wp\/v2\/pages\/650\/revisions"}],"predecessor-version":[{"id":3843,"href":"https:\/\/demografia.com.pl\/demografia\/wp-json\/wp\/v2\/pages\/650\/revisions\/3843"}],"wp:featuredmedia":[{"embeddable":true,"href":"https:\/\/demografia.com.pl\/demografia\/wp-json\/wp\/v2\/media\/3842"}],"wp:attachment":[{"href":"https:\/\/demografia.com.pl\/demografia\/wp-json\/wp\/v2\/media?parent=650"}],"curies":[{"name":"wp","href":"https:\/\/api.w.org\/{rel}","templated":true}]}}