{"id":663,"date":"2022-11-07T19:43:37","date_gmt":"2022-11-07T19:43:37","guid":{"rendered":"https:\/\/demografia.com.pl\/demografia\/?page_id=663"},"modified":"2023-10-24T21:38:53","modified_gmt":"2023-10-24T21:38:53","slug":"globalny-wymiar-antykoncepcji","status":"publish","type":"page","link":"https:\/\/demografia.com.pl\/demografia\/globalny-wymiar-antykoncepcji\/","title":{"rendered":"Globalny wymiar antykoncepcji"},"content":{"rendered":"\n<p><\/p>\n\n\n\n<p>Mentalno\u015b\u0107 antykoncepcyjna doprowadzi\u0142a do gwa\u0142townej depopulacji w wymiarze globalnym. Zauwa\u017calne jest to we wska\u017anikach dzietno\u015bci, co ostatecznie przenosi si\u0119 na liczb\u0119 ludno\u015bci w poszczeg\u00f3lnych krajach, doprowadzaj\u0105c do wymierania ca\u0142ych narod\u00f3w, a tak\u017ce zaniku cywilizacji. <\/p>\n\n\n\n<p>Wsz\u0119dzie tam, gdzie dopuszczono sprzeda\u017c tabletek antykoncepcyjnych albo rozdawnictwo, odnotowano gwa\u0142towny spadek liczby dzieci przypadaj\u0105cych na kobiet\u0119 w wieku rozrodczym. W krajach europejskich oraz w Australii i Ameryce P\u00f3\u0142nocnej ten proces zacz\u0105\u0142 si\u0119 znacznie wcze\u015bniej ni\u017c na pozosta\u0142ych kontynentach.<\/p>\n\n\n\n<p>Prze\u015bled\u017amy to na przyk\u0142adzie kilku kraj\u00f3w azjatyckich, m.in. Japonii, Chin i Indii, a tak\u017ce kilku kraj\u00f3w, kt\u00f3re od wielu stuleci budowa\u0142y sw\u0105 kultur\u0119 na nauce Jezusa Chrystusa, i kilku kraj\u00f3w muzu\u0142ma\u0144skich. Wa\u017cnym przyczynkiem w naszej analizie mentalno\u015bci antykoncepcyjnej b\u0119dzie Izrael.<\/p>\n<p>Views: 69<\/p>","protected":false},"excerpt":{"rendered":"<p>Mentalno\u015b\u0107 antykoncepcyjna doprowadzi\u0142a do gwa\u0142townej depopulacji w wymiarze globalnym. Zauwa\u017calne jest to we wska\u017anikach dzietno\u015bci, co ostatecznie przenosi si\u0119 na liczb\u0119 ludno\u015bci w poszczeg\u00f3lnych krajach, doprowadzaj\u0105c do wymierania ca\u0142ych narod\u00f3w, a tak\u017ce zaniku cywilizacji. Wsz\u0119dzie tam, gdzie dopuszczono sprzeda\u017c tabletek antykoncepcyjnych albo rozdawnictwo, odnotowano gwa\u0142towny spadek liczby dzieci przypadaj\u0105cych na kobiet\u0119 w wieku rozrodczym. W &hellip; <\/p>\n<p class=\"link-more\"><a href=\"https:\/\/demografia.com.pl\/demografia\/globalny-wymiar-antykoncepcji\/\" class=\"more-link\">Czytaj dalej<span class=\"screen-reader-text\"> \u201eGlobalny wymiar antykoncepcji\u201d<\/span><\/a><\/p>\n","protected":false},"author":1,"featured_media":4173,"parent":0,"menu_order":0,"comment_status":"closed","ping_status":"closed","template":"","meta":{"footnotes":""},"class_list":["post-663","page","type-page","status-publish","has-post-thumbnail","hentry"],"_links":{"self":[{"href":"https:\/\/demografia.com.pl\/demografia\/wp-json\/wp\/v2\/pages\/663","targetHints":{"allow":["GET"]}}],"collection":[{"href":"https:\/\/demografia.com.pl\/demografia\/wp-json\/wp\/v2\/pages"}],"about":[{"href":"https:\/\/demografia.com.pl\/demografia\/wp-json\/wp\/v2\/types\/page"}],"author":[{"embeddable":true,"href":"https:\/\/demografia.com.pl\/demografia\/wp-json\/wp\/v2\/users\/1"}],"replies":[{"embeddable":true,"href":"https:\/\/demografia.com.pl\/demografia\/wp-json\/wp\/v2\/comments?post=663"}],"version-history":[{"count":2,"href":"https:\/\/demografia.com.pl\/demografia\/wp-json\/wp\/v2\/pages\/663\/revisions"}],"predecessor-version":[{"id":4176,"href":"https:\/\/demografia.com.pl\/demografia\/wp-json\/wp\/v2\/pages\/663\/revisions\/4176"}],"wp:featuredmedia":[{"embeddable":true,"href":"https:\/\/demografia.com.pl\/demografia\/wp-json\/wp\/v2\/media\/4173"}],"wp:attachment":[{"href":"https:\/\/demografia.com.pl\/demografia\/wp-json\/wp\/v2\/media?parent=663"}],"curies":[{"name":"wp","href":"https:\/\/api.w.org\/{rel}","templated":true}]}}