{"id":69,"date":"2022-10-18T15:46:49","date_gmt":"2022-10-18T15:46:49","guid":{"rendered":"https:\/\/demografia.com.pl\/demografia\/?page_id=69"},"modified":"2025-11-13T15:15:43","modified_gmt":"2025-11-13T13:15:43","slug":"dramat-depopulacji-polski","status":"publish","type":"page","link":"https:\/\/demografia.com.pl\/demografia\/dramat-depopulacji-polski\/","title":{"rendered":"Dramat depopulacji Polski"},"content":{"rendered":"\n<\/p>\n<h1><strong>Wprowadzenie<\/strong><\/h1>\n<p>\n\n\n<p>Ekonomi\u015bci od wielu lat szczyc\u0105 si\u0119 pomna\u017caniem d\u00f3br materialnych w poszczeg\u00f3lnych krajach czy spo\u0142eczno\u015bciach mi\u0119dzynarodowych. Przedstawiaj\u0105 szereg danych, przeliczaj\u0105c zasoby materialne w r\u00f3\u017cnych wariantach. Jednym z czynnik\u00f3w odzwierciedlaj\u0105cych zgromadzony kapita\u0142 danej spo\u0142eczno\u015bci jest produkt krajowy brutto (PKB), kt\u00f3ry mo\u017ce by\u0107 przedstawiony w wymiarze narodowym czy indywidualnym. Wzrost lub spadek realnego\u00a0PKB\u00a0oraz dynamika tych ruch\u00f3w stanowi\u0105 miar\u0119 sytuacji gospodarczej. Pozytywna zmiana PKB oznacza wzrost zamo\u017cno\u015bci danej spo\u0142eczno\u015bci, a negatywna \u015bwiadczy o kryzysie gospodarczym i ubo\u017ceniu spo\u0142ecze\u0144stwa. Wzrost \u015bwiadczy pozytywnie o rz\u0105dz\u0105cych gospodark\u0105, a spadek obna\u017ca ich nieudolno\u015b\u0107.<\/p>\n<p>&nbsp;<\/p>\n\n\n<\/p>\n<p>A jak jest z zasobem ludzkim w danej spo\u0142eczno\u015bci czy narodzie? Procesy populacyjne w poszczeg\u00f3lnych narodach przebiegaj\u0105 znacznie wolniej ni\u017c procesy gospodarcze. Potrzeba kilku pokole\u0144 do dok\u0142adnego odnotowania zmian demograficznych, kt\u00f3re dokonuj\u0105 si\u0119 w wymiarze lokalnym albo globalnym. Najwi\u0119kszym kapita\u0142em ka\u017cdego narodu s\u0105 ludzie, i to do tego m\u0142odzi, w pe\u0142ni si\u0142 produkcyjnych. Czym wi\u0119kszy udzia\u0142 procentowy ludno\u015bci poszczeg\u00f3lnego narodu w populacji og\u00f3lno\u015bwiatowej, tym wi\u0119ksza jego warto\u015b\u0107 w przysz\u0142o\u015bci. Czym mniejsza, tym jego warto\u015b\u0107 w przysz\u0142o\u015bci znaczy coraz mniej. Cho\u0107 mog\u0105 by\u0107 to kraje wysoko rozwini\u0119te, bez m\u0142odego pokolenia, bez odpowiedniej liczby dzieci i m\u0142odzie\u017cy, ich przysz\u0142o\u015b\u0107 b\u0119dzie prowadzi\u0142a do zapa\u015bci demograficznej i ekonomicznej. A ostatecznie do katastrofy dziejowej.<\/p>\n<p>\n\n\n\n<\/p>\n<h1><strong>Zmiany demograficzne Polski na tle populacji og\u00f3lno\u015bwiatowej<\/strong><\/h1>\n<p>\n\n\n\n<\/p>\n<p>W roku 1900 liczba mieszka\u0144c\u00f3w \u015bwiata waha\u0142a si\u0119 w granicach 1,65 mld<a id=\"sdfootnote1anc\" href=\"#sdfootnote1sym\"><sup>1<\/sup><\/a>, a Polski 25,5 mln<a id=\"sdfootnote2anc\" href=\"#sdfootnote2sym\"><sup>2<\/sup><\/a>, co stanowi\u0142o 1,55% og\u00f3lnej liczby mieszka\u0144c\u00f3w \u015bwiata. W kolejnych czternastu latach sw\u00f3j udzia\u0142 powi\u0119kszyli\u015bmy o 0,1%. Byli\u015bmy jednym z najdynamiczniej rozwijaj\u0105cych si\u0119 narod\u00f3w na \u015bwiecie pod wzgl\u0119dem demografii.<\/p>\n<p>\n\n\n\n<\/p>\n<p>W roku 1925 populacja \u015bwiatowa ludno\u015bci waha\u0142a si\u0119 w granicach 1,99 mld<a id=\"sdfootnote3anc\" href=\"#sdfootnote3sym\"><sup>3<\/sup><\/a>. Ludno\u015b\u0107 w granicach Polski liczy\u0142a 29,3 mln<a id=\"sdfootnote4anc\" href=\"#sdfootnote4sym\"><sup>4<\/sup><\/a>, co stanowi\u0142o 1,47% og\u00f3lnej liczby mieszka\u0144c\u00f3w \u015bwiata. W wyniku I wojny \u015bwiatowej nasz udzia\u0142 w zasobach populacji og\u00f3lno\u015bwiatowej pomniejszy\u0142 si\u0119 o 0,08%.<\/p>\n<p>\n\n\n\n<\/p>\n<p>W roku 1939 liczba ludno\u015bci na \u015bwiecie wzros\u0142a do 2,26 mld<a id=\"sdfootnote5anc\" href=\"#sdfootnote5sym\"><sup>5<\/sup><\/a>, a w Polsce do 35,1 mln<a id=\"sdfootnote6anc\" href=\"#sdfootnote6sym\"><sup>6<\/sup><\/a>, co stanowi\u0142o 1,54% og\u00f3lnej liczby mieszka\u0144c\u00f3w \u015bwiata. Powi\u0119kszyli\u015bmy sw\u00f3j udzia\u0142 w populacji og\u00f3lno\u015bwiatowej o 0,08%. Powr\u00f3cili\u015bmy do zasob\u00f3w ludzkich w stosunku do populacji og\u00f3lno\u015bwiatowej z 1900 r. To \u015bwiadczy o du\u017cym dynamizmie demograficznym Polak\u00f3w w pierwszych trzech dekadach XX stulecia.<\/p>\n<p>\n\n\n\n<\/p>\n<p>W kolejnych dekadach by\u0142o ju\u017c znacznie gorzej. Druga wojna \u015bwiatowa wyhamowa\u0142a dynamizm demograficzny, ale nie pozbawi\u0142a nas rodzin wielodzietnych. Wiele rodzin cechowa\u0142a pobo\u017cno\u015b\u0107 i bogobojno\u015b\u0107. Proces zaniku rodzin wielodzietnych zacz\u0105\u0142 pojawia\u0107 si\u0119 na skal\u0119 masow\u0105 w latach sze\u015b\u0107dziesi\u0105tych XX w.<\/p>\n<p>\n\n\n\n<\/p>\n<p>W roku 2021 liczba mieszka\u0144c\u00f3w \u015bwiata wynosi\u0142a 7,8 mld, a Polski 38 mln<a id=\"sdfootnote7anc\" href=\"#sdfootnote7sym\"><sup>7<\/sup><\/a>, co stanowi\u0142o 0,49% og\u00f3lnej liczby mieszka\u0144c\u00f3w globu. Nasz udzia\u0142 w og\u00f3lno\u015bwiatowej populacji w ci\u0105gu o\u015bmiu dekad spad\u0142 poni\u017cej p\u00f3\u0142 procenta. W ci\u0105gu 121 lat sw\u00f3j udzia\u0142 Polacy pomniejszyli trzykrotnie w populacji og\u00f3lno\u015bwiatowej. Zasoby ludzkie pomniejszyli\u015bmy w populacji og\u00f3lno\u015bwiatowej znacz\u0105co.<\/p>\n<p>\n\n\n\n<\/p>\n<figure><img decoding=\"async\" src=\"https:\/\/demografia.com.pl\/demografia\/wp-content\/uploads\/2022\/10\/image-7-1024x361.png\" alt=\"\"><\/figure>\n<p>\n\n\n\n<\/p>\n<p>Cywilizacja \u015bmierci wkracza na aren\u0119 Polski w drugiej dekadzie XX w. Do tego czasu spo\u0142ecze\u0144stwo rozwija\u0142o si\u0119 w naturalnych warunkach. By\u0142y to rodziny stabilne i wielodzietne. Selekcja nowo narodzonych dzieci dokonywa\u0142a si\u0119 w spos\u00f3b naturalny, chore i s\u0142abe dzieci do\u015b\u0107 szybko odchodzi\u0142y z tego \u015bwiata w spos\u00f3b naturalny. Nikt nie podnosi\u0142 na nie r\u0119ki ani w \u0142onie matki, ani przed pocz\u0119ciem. W rodzinach ros\u0142y dzieci zdrowe, silne w wymiarze biologicznym i duchowym. W sztafecie dziejowej swego narodu podejmowa\u0142y wyzwania rodzinne, zak\u0142adaj\u0105c stabilne rodziny, przyjmuj\u0105c kolejne pokolenia dzieci. Odbywa\u0142o si\u0119 to w spos\u00f3b zgodny z prawem natury. Proces populacyjny nie by\u0142 niczym zak\u0142\u00f3cany. A nawet je\u015bli pojawi\u0142y si\u0119 choroby, wojny czy zarazy, to dana spo\u0142eczno\u015b\u0107 potrafi\u0142a w spos\u00f3b naturalny odbudowa\u0107 sw\u0105 populacj\u0119 w do\u015b\u0107 kr\u00f3tkim czasie.<\/p>\n<p>\n\n\n\n<\/p>\n<figure><img decoding=\"async\" src=\"https:\/\/demografia.com.pl\/demografia\/wp-content\/uploads\/2022\/10\/image-8-1024x680.png\" alt=\"\"><\/figure>\n<p>\n\n\n\n<\/p>\n<p>Na przestrzeni 121 lat wzgl\u0119dny udzia\u0142 Polski w populacji og\u00f3lno\u015bwiatowej spad\u0142 trzykrotnie, z 1,55% do 0,48%. Gdyby podobny wynik dotyczy\u0142 dowolnego zjawiska ekonomicznego, np. polskiego PKB od momentu akcesji do Unii Europejskiej (2004 r.), obecnie, zosta\u0142oby to uznane za kl\u0119sk\u0119 i przejaw niekompetencji rz\u0105dz\u0105cych. Tymczasem obserwujemy bezprecedensowy wzrost udzia\u0142u polskiego PKB w europejskim<sup>8<\/sup>.<\/p>\n<p>\n\n\n\n<\/p>\n<p>Co si\u0119 sta\u0142o w dziejach naszego narodu, \u017ce tak drastycznie spad\u0142 nasz udzia\u0142 demograficzny w populacji og\u00f3lno\u015bwiatowej w ci\u0105gu ostatnich 121 lat. Kto si\u0119 do tego przyczyni\u0142? Co by\u0142o g\u0142\u00f3wn\u0105 przyczyn\u0105 tak ogromnej zapa\u015bci populacyjnej? Gdzie szuka\u0107 przyczyn takiego stanu rzeczy? Na te i inne pytania spr\u00f3bujmy poszuka\u0107 odpowiedzi. A gdyby nie dosz\u0142o do zapa\u015bci demograficznej, to ilu mieszka\u0144c\u00f3w mog\u0142aby liczy\u0107 Polska na koniec 2020 r., gdyby rozwija\u0142a si\u0119 tak dynamicznie jak w wymiarze ekonomicznym po akcesji do Unii Europejskiej? Owszem d\u0142ugo\u015b\u0107 czasu jest r\u00f3\u017cna, ale te dwa zjawiska obrazuj\u0105 z jednej strony nasz\u0105 kl\u0119sk\u0119 demograficzn\u0105, a z drugiej strony sukces ekonomiczny. Rozw\u00f3j ekonomiczny, kt\u00f3ry potrzebuje r\u0105k do pracy, m\u0142odych i w \u015brednim wieku. A w rzeczywisto\u015bci ich brak.<\/p>\n<p>\n\n\n\n<\/p>\n<p>A zatem, jaka by\u0142aby liczba ludno\u015bci Polski bez turbulencji dziejowych, gdyby\u015bmy zachowali p\u0142odno\u015b\u0107 z pocz\u0105tk\u00f3w XX stulecia. Poszukajmy na to pytanie odpowiedzi. Mo\u017ce znajdziemy odpowiedniki, kt\u00f3re wska\u017c\u0105 nam nasz\u0105 nieudolno\u015b\u0107 demograficzn\u0105. Por\u00f3wnajmy si\u0119 z dwoma pa\u0144stwami, Pakistanem le\u017c\u0105cym w Azji i Nigeri\u0105 po\u0142o\u017con\u0105 w Afryce. Ale tylko w wymiarze demograficznym. Pomijam element ekonomiczny, tym niech zajmuj\u0105 si\u0119 ekonomi\u015bci. Na pocz\u0105tku XX w. mieli\u015bmy podobn\u0105 liczb\u0119 mieszka\u0144c\u00f3w jak Nigeria i Pakistan, po oko\u0142o 26 mln, nawet I wojna \u015bwiatowa nie zahamowa\u0142a naszego dynamizmu demograficznego. Cho\u0107 liczba mieszka\u0144c\u00f3w Polski spad\u0142a, ale byli\u015bmy w stanie straty ludno\u015bciowe bardzo szybko odrobi\u0107. Druga wojna \u015bwiatowa pomniejszy\u0142a liczb\u0119 ludno\u015bci Polski, i to znacz\u0105co. Jednak dynamizm demograficzny jeszcze trwa\u0142 przez pierwsze lata powojenne. Niestety, nie d\u0142ugo. Wprowadzenie rozwod\u00f3w i zwi\u0105zk\u00f3w cywilnych w 1945 r., legalizacja aborcji w 1956 r., sprzeda\u017c pigu\u0142ek antykoncepcyjnych od 1966 r., deprawacja dzieci i m\u0142odzie\u017cy na skal\u0119 masow\u0105 \u2500 wszystko to doprowadzi\u0142o do wyhamowania dynamizmu demograficznego. Po stu latach od odzyskania niepodleg\u0142o\u015bci przez Polsk\u0119 w 1918 r. stali\u015bmy si\u0119 narodem wymieraj\u0105cym.<\/p>\n<p>\n\n\n\n<\/p>\n<p>Pakistan i Nigeria maj\u0105 wiele swoich problem\u00f3w, jednak nie zosta\u0142y dotkni\u0119te na tak\u0105 skal\u0119 cywilizacj\u0105 \u015bmierci jak Polska w ostatnich stu latach. Dlatego te\u017c te narody zachowa\u0142y sw\u00f3j dynamizm demograficzny. Rozwija\u0142y si\u0119 w miar\u0119 naturalny spos\u00f3b. Na koniec 2020 r. Nigeria i Pakistan liczy\u0142y oko\u0142o 210 mln mieszka\u0144c\u00f3w. Tyle te\u017c mog\u0142aby liczy\u0107 Polska, gdyby nie op\u0142akane skutki cywilizacji \u015bmierci, kt\u00f3re wyhamowa\u0142y nasz dynamizm demograficzny. Na koniec 2020 r. Polska liczy\u0142a oko\u0142o 38 mln. W ci\u0105gu 120 lat pomniejszyli\u015bmy sw\u00f3j udzia\u0142 w populacji og\u00f3lno\u015bwiatowej trzykrotnie. Warto prze\u015bledzi\u0107 dynamizm demograficzny na przestrzeni 120 lat metod\u0105 por\u00f3wnawcz\u0105, Polski, Nigerii i Pakistanu. Zmiany mo\u017cemy zaobserwowa\u0107 w tabeli i na sporz\u0105dzonym poni\u017cej wykresie.<\/p>\n<p>\n\n\n\n<\/p>\n<figure><img decoding=\"async\" src=\"https:\/\/demografia.com.pl\/demografia\/wp-content\/uploads\/2022\/10\/image-9.png\" alt=\"\"><\/figure>\n<p>\n\n\n\n<\/p>\n<p>Gdyby\u015bmy, jako ludno\u015b\u0107 Polski, zachowali sw\u00f3j udzia\u0142 procentowy w og\u00f3lno\u015bwiatowej populacji z roku 1900, to mog\u0142oby nas by\u0107 w 2020 r. oko\u0142o 210 mln<a id=\"sdfootnote1anc\" href=\"#sdfootnote1sym\"><sup>1<\/sup><\/a>. Niestety, swoje najcenniejsze skarby w postaci dzieci i m\u0142odzie\u017cy lekkomy\u015blnie przetrwonili\u015bmy akceptuj\u0105c cywilizacj\u0119 \u015bmierci. A wcze\u015bniej swoje \u017cniwo zebra\u0142a II wojna \u015bwiatowa, a na koniec emigracja lat osiemdziesi\u0105tych XX w. oraz emigracja zarobkowa po wej\u015bciu do Unii Europejskiej.<\/p>\n<p>\n\n\n\n<\/p>\n<p>A zatem pozbyli\u015bmy si\u0119 oko\u0142o 172 mln os\u00f3b w spos\u00f3b zawiniony albo niezawiniony. Do depopulacji niezawinionej nale\u017cy zaliczy\u0107: straty ludno\u015bciowe w I wojnie \u015bwiatowej \u2013 4 mln; straty ludno\u015bciowe w II wojnie \u015bwiatowej \u2013 11 mln; straty ludno\u015bciowe w wyniku emigracji politycznej w latach osiemdziesi\u0105tych XX w. \u2013 1,5 mln; straty ludno\u015bciowe w wyniku emigracji zarobkowej po 2002 r. \u2013 2,5 mln. Do strat zawinionych zaliczamy: aborcj\u0119 w latach 1920-1921 \u2013 okres mi\u0119dzywojenny \u2013 3 mln; czas II wojny \u015bwiatowej Generalna Gubernia \u2013 2,5 mln; lata 1945-1955 \u2013 3 mln; lata 1956-1990 \u2013 25 mln. W ci\u0105gu 100 lat w wyniku aborcji pozbyli\u015bmy si\u0119 33,5 mln os\u00f3b. \u0141\u0105cznie depopulacja niezawiniona i zawiniona pozbawi\u0142a nas w ci\u0105gu ostatniego stulecia 52,5 mln os\u00f3b. \u0141\u0105cznie z obecnymi mieszka\u0144cami Polski by\u0142oby nas 90,5 mln. Do prognozowanej liczby 210 mln os\u00f3b mieszkaj\u0105cej obecnie w Polsce brakuje 119,5 mln. A zatem rodzi si\u0119 pytanie, c\u00f3\u017c si\u0119 sta\u0142o z t\u0105 grup\u0105 os\u00f3b? Wprowadzona do sprzeda\u017cy pigu\u0142ka antykoncepcyjna w Polsce spowodowa\u0142a zniszczenie pocz\u0105tkuj\u0105cego \u017cycia ludzkiego albo nie dopu\u015bci\u0142a do jego powstania. \u017bycie ludzkie nie przebiega z dok\u0142adno\u015bci\u0105 matematyczn\u0105, przysparza r\u00f3\u017cnych perypetii, z tej liczby mo\u017cemy odliczy\u0107 co najmniej 4,5 mln dzieci, kt\u00f3re nie ujrza\u0142y \u015bwiat\u0142a dziennego m.in. przez poronienie czy inne zdarzenia losowe. A zatem w wyniku antykoncepcji uby\u0142o nas oko\u0142o 115 mln.<\/p>\n<p>\n\n\n\n<\/p>\n<p>Dali\u015bmy si\u0119 uwie\u015b\u0107. Przyszli socjali\u015bci r\u00f3\u017cnych barw (rewolucyjni, nazistowscy, komunistyczni, liberalni, antropologii kulturowej czy genderowi) zwiedli nas propagand\u0105 lepszego jutra. Obiecali raj na Ziemi, \u015bwietlan\u0105 przysz\u0142o\u015b\u0107, pod warunkiem, \u017ce wyzb\u0119dziemy si\u0119 dzieci. Na \u0142amach prasy feministycznej i lewicowej \u017curnali\u015bci i ideolodzy przekonywali nas, \u017ce dziecko to obci\u0105\u017cenie, przeszkoda w realizacji plan\u00f3w. Od stu dwudziestu lat przez Polsk\u0119 przetacza si\u0119 rewolucja seksualna, kt\u00f3ra niszczy nasz\u0105 populacj\u0119. Pierwszym etapem by\u0142a propaganda \u015brodk\u00f3w niszcz\u0105cych p\u0142odno\u015b\u0107, kolejnym wprowadzenie rozwod\u00f3w i zwi\u0105zk\u00f3w cywilnych, nast\u0119pnie legalizacja prawna aborcji, wprowadzenie do sprzeda\u017cy pigu\u0142ki antykoncepcyjnej i masowa deprawacja dzieci i m\u0142odzie\u017cy. Obecnie doszed\u0142 jeszcze masowy dost\u0119p do Internetu, kt\u00f3ry, owszem, zawiera du\u017co dobrych tre\u015bci, ale opr\u00f3cz nich poprzez zamieszczane gry i zabawy demoniczne czy tre\u015bci pornograficzne s\u0105czy si\u0119 deprawacja .<\/p>\n<p>\n\n\n\n<\/p>\n<p>Ponosimy ogromn\u0105 odpowiedzialno\u015b\u0107 moraln\u0105 za roztrwonienie skarb\u00f3w rodowych, przekazanych nam przez pokolenia porozbiorowe w postaci rodzin wielodzietnych, dynamizmu demograficznego, ogromnego potencja\u0142u m\u0142odego pokolenia na rzecz spo\u0142ecze\u0144stwa poprodukcyjnego o s\u0142abej kondycji moralnej, duchowej i biologicznej. Skarbem narodowym przez prawie tysi\u0105c lat by\u0142y stabilne ma\u0142\u017ce\u0144stwa sakramentalne, kt\u00f3re budowa\u0142y Polsk\u0119 na silnym fundamencie wiary, kt\u00f3r\u0105 g\u0142osi\u0142 Ko\u015bci\u00f3\u0142 rzymskokatolicki. Obecnie co trzecie ma\u0142\u017ce\u0144stwo si\u0119 rozpada, a w latach 1946- 2020 rozpad\u0142o si\u0119 co pi\u0105te. Wsp\u00f3\u0142czesna m\u0142odzie\u017c lansuje wolne zwi\u0105zki, bez zobowi\u0105za\u0144, odrzucaj\u0105c ma\u0142\u017ce\u0144stwo jako sta\u0142\u0105 wsp\u00f3lnot\u0119 dwojga os\u00f3b, m\u0119\u017cczyzny i niewiasty.<\/p>\n<p>\n\n\n\n<\/p>\n<h1><strong>Prognozowana liczba mieszka\u0144c\u00f3w \u015bwiata bez turbulencji dziejowych<\/strong><\/h1>\n<p>\n\n\n\n<\/p>\n<p>Czy jest mo\u017cliwe wyliczenie liczby ludno\u015bci w wymiarze globalnym na koniec 2020 r., gdyby nie by\u0142o aborcji, antykoncepcji i demoralizacji dzieci i m\u0142odzie\u017cy? Podejmijmy pr\u00f3b\u0119 policzenia.<\/p>\n<p>\n\n\n\n<\/p>\n<p>Mamy kilka wa\u017cnych danych, kt\u00f3re pozwol\u0105 nam wyliczy\u0107 liczb\u0119 ludno\u015bci na \u015bwiecie na koniec 2020 r., gdyby nie dotkn\u0119\u0142y nas najwi\u0119ksze czynniki depopulacyjne.<\/p>\n<p>\n\n\n\n<\/p>\n<p>W 1900 r. udzia\u0142 ludno\u015bci polskiej, lub pakista\u0144skiej czy nigerskiej w populacji og\u00f3lno\u015bwiatowej wynosi\u0142 1,55%, narody te liczy\u0142y w\u00f3wczas po oko\u0142o 26 mln mieszka\u0144c\u00f3w. A zatem jeste\u015bmy w stanie poda\u0107 liczb\u0119 mieszka\u0144c\u00f3w Polski, gdyby\u015bmy zachowali sw\u00f3j dynamizm demograficzny z pocz\u0105tk\u00f3w XX w., gdyby nie by\u0142o \u017cadnych turbulencji dziejowych. Polska mog\u0142aby liczy\u0107 na koniec 2020 r. oko\u0142o 210 mln, tak jak Pakistan czy Nigeria. Kraje, w kt\u00f3rych cywilizacja \u015bmierci na przestrzeni 120 lat nie poczyni\u0142a tak ogromnych spustosze\u0144 jak w Polsce.<\/p>\n<p>\n\n\n\n<\/p>\n<p>1,55% &#8211; to udzia\u0142 ludno\u015bci polskiej, pakista\u0144skiej czy nigerskiej w populacji<\/p>\n<p>\n\n\n\n<\/p>\n<p>og\u00f3lno\u015bwiatowej<\/p>\n<p>\n\n\n\n<\/p>\n<p>210 mln \u2013 to liczba mieszka\u0144c\u00f3w Pakistanu i Nigerii w 2020 r.<\/p>\n<p>\n\n\n\n<\/p>\n<p>A zatem rodzi si\u0119 pytanie, ile 100% populacji mog\u0142o by wynosi\u0107 na \u015bwiecie w 2020 r. Zastosujmy r\u00f3wnanie z jedn\u0105 niewiadom\u0105. Otrzymujemy taki zapis:<\/p>\n<p>\n\n\n\n<\/p>\n<p>1,55% &#8211; 210&nbsp;000 000<\/p>\n<p>\n\n\n\n<\/p>\n<p>100% &#8211; x<\/p>\n<p>\n\n\n\n<\/p>\n<p>21 000 000 000 : 1,55 = 13&nbsp;548&nbsp;000&nbsp;000<\/p>\n<p>\n\n\n\n<\/p>\n<p>Po wyliczeniach, szacunkowe dane m\u00f3wi\u0105 nam, \u017ce z ko\u0144cem 2020 r. liczba ludno\u015bci na \u015bwiecie mog\u0142a liczy\u0107 13 mld 548 mln. Wielu si\u0119 oburzy, \u017ce \u015bwiat nie by\u0142by w stanie ich wy\u017cywi\u0107, ubra\u0107, wykszta\u0142ci\u0107 czy da\u0107 im prac\u0119. Tego nie wiemy. Nie mamy takiego do\u015bwiadczenia. Jest nas obecnie niespe\u0142na 8 mld. I widzimy, \u017ce w wielu krajach jest nas stanowczo za ma\u0142o. Mog\u0142o by by\u0107 znacznie wi\u0119cej. Naturalnie od 13 mld 548 mln nale\u017cy odj\u0105\u0107 zawirowania dziejowe spowodowane m.in. totalitaryzmami, socjalizmem komunistycznym oko\u0142o 100 mln ofiar ludzkich<a id=\"sdfootnote2anc\" href=\"#sdfootnote2sym\"><sup>2<\/sup><\/a>, socjalizmem nazistowskim oko\u0142o 60 mln<a id=\"sdfootnote3anc\" href=\"#sdfootnote3sym\"><sup>3<\/sup><\/a> czy innymi ludob\u00f3jstwami, kt\u00f3re pozbawi\u0142y \u017cycia oko\u0142o 2,3 mln os\u00f3b<a id=\"sdfootnote4anc\" href=\"#sdfootnote4sym\"><sup>4<\/sup><\/a>. \u0141\u0105cznie wszystkie te wydarzenia pomniejszy\u0142y liczb\u0119 ludno\u015bci o oko\u0142o 162,3 mln. Liczba ludno\u015bci pomniejszy\u0142a si\u0119 do 13 mld 385 mln 700 tys. os\u00f3b.<\/p>\n<p>\n\n\n\n<\/p>\n<p>13&nbsp;548&nbsp;000&nbsp;000 \u2013 162&nbsp;300&nbsp;000 = 13&nbsp;385&nbsp;700&nbsp;000<\/p>\n<p>\n\n\n\n<\/p>\n<p>Gdyby ludno\u015b\u0107 w wymiarze og\u00f3lno\u015bwiatowym nie uleg\u0142a propagandzie antykoncepcyjnej i aborcyjnej, mog\u0142aby liczy\u0107 na koniec 2020 r. oko\u0142o 13 mld 385 mln 700 tys. A w rzeczywisto\u015bci na koniec 2020 r. liczba ludno\u015bci na \u015bwiecie wynosi\u0142a tylko oko\u0142o 7 mld &nbsp;797&nbsp;mln os\u00f3b. R\u00f3\u017cnica pomi\u0119dzy rzeczywist\u0105 a prognozowan\u0105 liczb\u0105 ludno\u015bci wynosi 5&nbsp;mld 588&nbsp;mln 700 tys.<\/p>\n<p>\n\n\n\n<\/p>\n<p>Aborcja i antykoncepcja w ostatnich stu dwudziestu latach pomniejszy\u0142y liczb\u0119 ludno\u015bci w wymiarze og\u00f3lno\u015bwiatowym o oko\u0142o 5 mld 588 mln 700 tys., co stanowi prawie 42%, A mog\u0142oby nas by\u0107 obecnie na \u015bwiecie oko\u0142o 13, 4 mld os\u00f3b.<\/p>\n<p>\n\n\n\n<p>Po wiliczeniach na rok 2024 , liczba lidno\u015bci na \u015bwiecie wzros\u0142aby do 13 806 451 612 os\u00f3b.<\/p>\n\n\n\n<p><\/p>\n\n\n\n<p class=\"has-medium-font-size\"><strong>Zako\u0144czenie<\/strong><\/p>\n\n\n\n<\/p>\n<p>Boom demograficzny Polski z prze\u0142omu XIX i XX w. zahamowany zosta\u0142 przez dzia\u0142ania cywilizacji \u015bmierci. Polska w ci\u0105gu 120 lat sw\u00f3j udzia\u0142 w populacji og\u00f3lno\u015bwiatowej pomniejszy\u0142a trzykrotnie. Poprzez \u015brodki antykoncepcyjne, aborcj\u0119 i dzia\u0142ania deprawacyjne dzieci i m\u0142odzie\u017cy uby\u0142o nas oko\u0142o 148,5 mln os\u00f3b. Ponadto populacj\u0119 nasz\u0105 pomniejszy\u0142a I i II wojna \u015bwiatowa, a tak\u017ce emigracja polityczna i zarobkowa Polak\u00f3w w XX i XXI stuleciu. Gdyby\u015bmy zachowali sw\u00f3j dynamizm demograficzny z pocz\u0105tku XX w., a nie by\u0142oby \u017cadnych turbulencji dziejowych, dzi\u015b Polska mog\u0142a by liczy\u0107 oko\u0142o 210 mln, z ogromnym procentem m\u0142odych dynamicznych i kreatywnych os\u00f3b. Za\u015b ludno\u015b\u0107 \u015bwiata, bez cywilizacji \u015bmierci mog\u0142aby liczy\u0107 13,4 mld os\u00f3b, a liczy niespe\u0142na 8 mld. Przez antykoncepcje, aborcje i deprawacj\u0119 dzieci i m\u0142odzie\u017cy utracili\u015bmy bezpowrotnie prawie 5,6 mld os\u00f3b. To nie socjalizm komunistyczny, nazistowski czy inne ludob\u00f3jstwa dokona\u0142y najwi\u0119kszych zbrodni. Cho\u0107 by\u0142y tragiczne w swych rozmiarach, unicestwi\u0142y ponad 162,3 mln os\u00f3b. To propagatorzy antykoncepcji, aborcji i deprawacji dzieci i m\u0142odzie\u017cy dokonali najwi\u0119kszego ludob\u00f3jstwa w dziejach \u015bwiata.<\/p>\n<p>\n\n\n\n<\/p>\n<p><em>Ks. K. Bielawny<\/em><\/p>\n<p>\n\n\n\n<\/p>\n<p>Tekst by\u0142 opublikowany w&nbsp;<a href=\"https:\/\/wp.naszdziennik.pl\/2021-08-16\/354856,dramat-depopulacji.html\">\u201eNaszym Dzienniku<\/a>\u201d 2021, nr&nbsp;188, z&nbsp;16&nbsp;VII.<\/p>\n<p>\n\n\n\n<\/p>\n<p><strong><em>Przypisy:<\/em><\/strong><\/p>\n<p>\n\n\n\n<\/p>\n<p><a id=\"sdfootnote1sym\" href=\"#sdfootnote1anc\">1<\/a> Zob. \u015awiat \u2013 populacja 1800-2100, <a href=\"http:\/\/populacja.population.city\/world\/\">http:\/\/populacja.population.city\/world\/<\/a>, (dost\u0119p: 23 .05. 2021 r.)<\/p>\n<p>\n\n\n\n<\/p>\n<p><a id=\"sdfootnote2sym\" href=\"#sdfootnote2anc\">2<\/a> Zob. S. Szulc, Zagadnienia demograficzne Polski. Ruch naturalny ludno\u015bci w latach 1895-1935, Warszawa 1936, s. 15.<\/p>\n<p>\n\n\n\n<\/p>\n<p><a id=\"sdfootnote3sym\" href=\"#sdfootnote3anc\">3<\/a> Zob. Populacja \u015bwiata, <a href=\"http:\/\/populacja.population.city\/\">http:\/\/populacja.population.city\/<\/a> (dost\u0119p: 12 .03. 2021 r.)<\/p>\n<p>\n\n\n\n<\/p>\n<p><a id=\"sdfootnote4sym\" href=\"#sdfootnote4anc\">4<\/a> Zob. Populacja \u015bwiata, <a href=\"http:\/\/populacja.population.city\/\">http:\/\/populacja.population.city\/<\/a> (dost\u0119p: 14 .06. 2021 r.)<\/p>\n<p>\n\n\n\n<\/p>\n<p><a id=\"sdfootnote5sym\" href=\"#sdfootnote5anc\">5<\/a> Zob. Populacja \u015bwiata, <a href=\"http:\/\/populacja.population.city\/\">http:\/\/populacja.population.city\/<\/a> (dost\u0119p: 02 .08. 2021 r.)<\/p>\n<p>\n\n\n\n<\/p>\n<p><a id=\"sdfootnote6sym\" href=\"#sdfootnote6anc\">6<\/a> Zob. K. Pilawski, To by\u0142a inna Polska, <a href=\"https:\/\/www.tygodnikprzeglad.p\/\">https:\/\/www.tygodnikprzeglad.p<\/a>l (dost\u0119p, 30 .07. 2021 r.)<\/p>\n<p>\n\n\n\n<\/p>\n<p><a id=\"sdfootnote7sym\" href=\"#sdfootnote7anc\">7<\/a> Zob. Populacja \u015bwiata, <a href=\"http:\/\/populacja.population.city\/\">http:\/\/populacja.population.city\/<\/a> (dost\u0119p: 12 .07. 2021 r.)<\/p>\n<p>\n\n\n\n<\/p>\n<p>8 Komentarz ekonomiczny dra Tomasza Michalaka z Uniwersytetu Warszawskiego.<\/p>\n<p>\n\n\n\n<\/p>\n<p><a id=\"sdfootnote1sym\" href=\"#sdfootnote1anc\">1<\/a> Zob. K. Bielawny, Kultura przeciwna \u017cyciu, NDz 2021, nr 30, z 6-7 II.<\/p>\n<p>\n\n\n\n<\/p>\n<p><a id=\"sdfootnote2sym\" href=\"#sdfootnote2anc\">2<\/a> Zob. J. Kubiak, \u201eCzarna ksi\u0119ga komunizmu\u201d \u2013 ci\u0105g dalszy\u2026., \u201eTygodnik Powszechny\u201d 2003, nr 10, z 9 III.<\/p>\n<p>\n\n\n\n<\/p>\n<p><a id=\"sdfootnote3sym\" href=\"#sdfootnote3anc\">3<\/a> Zob. Ofiary II wojny \u015bwiatowej, <a href=\"https:\/\/pl.wikipedia.org\/\">https:\/\/pl.wikipedia.org<\/a>, (dost\u0119p: 29 .06. 2021 r.)<\/p>\n<p>\n\n\n\n<\/p>\n<p><a id=\"sdfootnote4sym\" href=\"#sdfootnote4anc\">4<\/a> Zob. Ludob\u00f3jstwo. Przyk\u0142ady ludob\u00f3jstw XX w., <a href=\"https:\/\/pl.wikipedia.org\/\">https:\/\/pl.wikipedia.org<\/a>, (dost\u0119p: 30 .06. 2021 r.)<\/p>\n<p>\n\n\n<\/p><p>Views: 755<\/p>","protected":false},"excerpt":{"rendered":"<p>Wprowadzenie Ekonomi\u015bci od wielu lat szczyc\u0105 si\u0119 pomna\u017caniem d\u00f3br materialnych w poszczeg\u00f3lnych krajach czy spo\u0142eczno\u015bciach mi\u0119dzynarodowych. Przedstawiaj\u0105 szereg danych, przeliczaj\u0105c zasoby materialne w r\u00f3\u017cnych wariantach. Jednym z czynnik\u00f3w odzwierciedlaj\u0105cych zgromadzony kapita\u0142 danej spo\u0142eczno\u015bci jest produkt krajowy brutto (PKB), kt\u00f3ry mo\u017ce by\u0107 przedstawiony w wymiarze narodowym czy indywidualnym. Wzrost lub spadek realnego\u00a0PKB\u00a0oraz dynamika tych ruch\u00f3w stanowi\u0105 &hellip; <\/p>\n<p class=\"link-more\"><a href=\"https:\/\/demografia.com.pl\/demografia\/dramat-depopulacji-polski\/\" class=\"more-link\">Czytaj dalej<span class=\"screen-reader-text\"> \u201eDramat depopulacji Polski\u201d<\/span><\/a><\/p>\n","protected":false},"author":1,"featured_media":3589,"parent":0,"menu_order":0,"comment_status":"closed","ping_status":"closed","template":"","meta":{"footnotes":""},"class_list":["post-69","page","type-page","status-publish","has-post-thumbnail","hentry"],"_links":{"self":[{"href":"https:\/\/demografia.com.pl\/demografia\/wp-json\/wp\/v2\/pages\/69","targetHints":{"allow":["GET"]}}],"collection":[{"href":"https:\/\/demografia.com.pl\/demografia\/wp-json\/wp\/v2\/pages"}],"about":[{"href":"https:\/\/demografia.com.pl\/demografia\/wp-json\/wp\/v2\/types\/page"}],"author":[{"embeddable":true,"href":"https:\/\/demografia.com.pl\/demografia\/wp-json\/wp\/v2\/users\/1"}],"replies":[{"embeddable":true,"href":"https:\/\/demografia.com.pl\/demografia\/wp-json\/wp\/v2\/comments?post=69"}],"version-history":[{"count":8,"href":"https:\/\/demografia.com.pl\/demografia\/wp-json\/wp\/v2\/pages\/69\/revisions"}],"predecessor-version":[{"id":5253,"href":"https:\/\/demografia.com.pl\/demografia\/wp-json\/wp\/v2\/pages\/69\/revisions\/5253"}],"wp:featuredmedia":[{"embeddable":true,"href":"https:\/\/demografia.com.pl\/demografia\/wp-json\/wp\/v2\/media\/3589"}],"wp:attachment":[{"href":"https:\/\/demografia.com.pl\/demografia\/wp-json\/wp\/v2\/media?parent=69"}],"curies":[{"name":"wp","href":"https:\/\/api.w.org\/{rel}","templated":true}]}}