{"id":693,"date":"2022-11-08T10:34:08","date_gmt":"2022-11-08T10:34:08","guid":{"rendered":"https:\/\/demografia.com.pl\/demografia\/?page_id=693"},"modified":"2022-11-08T10:34:09","modified_gmt":"2022-11-08T10:34:09","slug":"antykoncepcjach-w-wybranych-krajach-muzulmanskich","status":"publish","type":"page","link":"https:\/\/demografia.com.pl\/demografia\/antykoncepcjach-w-wybranych-krajach-muzulmanskich\/","title":{"rendered":"Antykoncepcjach w wybranych krajach muzu\u0142ma\u0144skich"},"content":{"rendered":"\n<p><\/p>\n\n\n\n<p><strong>Bangladesz<\/strong><\/p>\n\n\n\n<p>W Bangladeszu ponad 90% spo\u0142eczno\u015bci stanowi\u0105 muzu\u0142manie, oko\u0142o 8,5% \u2013 hindusi. Islam jest religi\u0105 pa\u0144stwow\u0105. Jest to trzeci kraj na \u015bwiecie pod wzgl\u0119dem liczby wyznawc\u00f3w islamu, wi\u0119kszo\u015b\u0107 z nich to sunnici<a href=\"#sdfootnote1sym\" id=\"sdfootnote1anc\"><sup>1<\/sup><\/a>.<\/p>\n\n\n\n<p>W 1975 r. w Bangladeszu antykoncepcj\u0119 stosowa\u0142 mniej ni\u017c jeden procent kobiet w wieku rozrodczym<a href=\"#sdfootnote2sym\" id=\"sdfootnote2anc\"><sup>2<\/sup><\/a>. By\u0142o to spo\u0142ecze\u0144stwo o ogromnym potencjale duchowym, moralnym i kulturowym. W ci\u0105gu czterdziestu lat sytuacja zmieni\u0142a si\u0119 na niekorzy\u015b\u0107. Doprowadzono do demoralizacji dzieci i m\u0142odzie\u017cy, dopuszczono do dystrybucji narkotyk\u00f3w<a href=\"#sdfootnote3sym\" id=\"sdfootnote3anc\"><sup>3<\/sup><\/a> i do nielegalnej pracy dzieci na do\u015b\u0107 du\u017c\u0105 skal\u0119<a href=\"#sdfootnote4sym\" id=\"sdfootnote4anc\"><sup>4<\/sup><\/a>.<\/p>\n\n\n\n<p>W Bangladeszu antykoncepcja stosowana jest przez 62,3% (2014 r.) kobiet w wieku rozrodczym<a id=\"sdfootnote5anc\" href=\"#sdfootnote5sym\"><sup>5<\/sup><\/a>. Powszechno\u015b\u0107 \u015brodk\u00f3w niszcz\u0105cych p\u0142odno\u015b\u0107 spowodowa\u0142a zmniejszenie liczby dzieci na kobiet\u0119 w wieku rozrodczym. W 1960 r. przypada\u0142o 6,72 dziecka na kobiet\u0119. W 1980 r. wynosi\u0142 6,36. Nadal by\u0142 wysoki, ale zauwa\u017camy powolny spadek. \u015awiadczy to o tym, \u017ce do Bangladeszu dotar\u0142y pierwsze \u015brodki antykoncepcyjne, przede wszystkim pigu\u0142ki, kt\u00f3re oddzia\u0142uj\u0105 negatywnie na wsp\u00f3\u0142czynnik dzietno\u015bci, pomniejszaj\u0105c go. Tak wygl\u0105da to na wykresie.<\/p>\n\n\n\n<figure class=\"wp-block-image size-large is-style-default\"><img loading=\"lazy\" decoding=\"async\" width=\"1024\" height=\"681\" src=\"https:\/\/demografia.com.pl\/demografia\/wp-content\/uploads\/2022\/11\/image-32-1024x681.png\" alt=\"\" class=\"wp-image-694\" srcset=\"https:\/\/demografia.com.pl\/demografia\/wp-content\/uploads\/2022\/11\/image-32-1024x681.png 1024w, https:\/\/demografia.com.pl\/demografia\/wp-content\/uploads\/2022\/11\/image-32-300x200.png 300w, https:\/\/demografia.com.pl\/demografia\/wp-content\/uploads\/2022\/11\/image-32-768x511.png 768w, https:\/\/demografia.com.pl\/demografia\/wp-content\/uploads\/2022\/11\/image-32.png 1031w\" sizes=\"auto, (max-width: 767px) 89vw, (max-width: 1000px) 54vw, (max-width: 1071px) 543px, 580px\" \/><\/figure>\n\n\n\n<p>Dzia\u0142ania depopulacyjne prowadzone s\u0105 zar\u00f3wno poprzez organizacje pozarz\u0105dowe, jak i przez agendy rz\u0105dowe. Ministerstwo zdrowia Bangladeszu dotuje \u015brodki antykoncepcyjne. Pozarz\u0105dowa organizacja Marie Stopes Bangladesz rozpocz\u0119\u0142a sw\u0105 dzia\u0142alno\u015b\u0107 w tym kraju w 1988 r., propaguje \u015brodki antykoncepcyjne i aborcj\u0119<a href=\"#sdfootnote6sym\" id=\"sdfootnote6anc\"><sup>6<\/sup><\/a>. W 2020 r. prowadzi\u0142a 104 o\u015brodki kliniczne, w kt\u00f3rych dokonuje si\u0119 aborcji i propaguje \u015brodki antykoncepcyjne, a tak\u017ce ponad 300 punkt\u00f3w us\u0142ugowych rozsianych po ca\u0142ym kraju. Obecnie pos\u0142uguje si\u0119 now\u0105 narracj\u0105, m\u00f3wi\u0105c o us\u0142ugach w zakresie planowania rodziny, zdrowia seksualnego i reprodukcyjnego<a href=\"#sdfootnote7sym\" id=\"sdfootnote7anc\"><sup>7<\/sup><\/a>. Dzia\u0142alno\u015b\u0107 Marie Stopes Bangladesz doprowadzi\u0142a do szybkiego spadku wsp\u00f3\u0142czynnika dzietno\u015bci. W spo\u0142ecze\u0144stwie bangladeskim dokonuje si\u0119 systematyczna ewolucyjna depopulacja, polegaj\u0105ca na zmianie wielko\u015bci liczbowej struktury wiekowej spo\u0142ecze\u0144stwa. W rodzinach jest coraz mniej dzieci, co w przysz\u0142o\u015bci przyczyni si\u0119 do gwa\u0142townych zmian w wymiarze grup wiekowych, ubywa\u0107 b\u0119dzie dzieci i m\u0142odzie\u017cy, a przybywa\u0107 os\u00f3b w wieku poprodukcyjnym.<\/p>\n\n\n\n<p>W kolejnych latach zauwa\u017camy gwa\u0142towny spadek wsp\u00f3\u0142czynnika dzietno\u015bci, w 1990 r. wynosi\u0142 4,50, w 2000 r.\u2013 3,17, w 2010 r. \u2013 2,32, a w 2017 r. \u2013 2,06. W ci\u0105gu ostatnich sze\u015b\u0107dziesi\u0119ciu lat nast\u0105pi\u0142a gwa\u0142towna zapa\u015b\u0107 w boomie demograficznym. Cho\u0107 jeszcze przez d\u0142ugi czas b\u0119dzie mia\u0142 miejsce dodatni przyrost naturalny. Jednak przy tak niskim wska\u017aniku dzietno\u015bci depopulacja rozpocznie si\u0119 po trzech dekadach, oko\u0142o 2050 r.<\/p>\n\n\n\n<p><strong>Pakistan<\/strong><\/p>\n\n\n\n<p>W Pakistanie muzu\u0142manie stanowi\u0105 96,4% og\u00f3lnej liczby mieszka\u0144c\u00f3w. Sunnici i tu s\u0105 wi\u0119kszo\u015bci\u0105. Konstytucja stanowi, \u017ce islam jest religi\u0105 pa\u0144stwow\u0105. Prezydentami i premierami mog\u0105 by\u0107 tylko muzu\u0142manie. To drugie pa\u0144stwo co do liczby muzu\u0142man\u00f3w na \u015bwiecie, po Indonezji. Chrze\u015bcijanie stanowi\u0105 tu niewiele ponad 1,5%.<\/p>\n\n\n\n<p>W Pakistanie antykoncepcj\u0119 stosuje 34,2% kobiet w wieku rozrodczym<a id=\"sdfootnote8anc\" href=\"#sdfootnote8sym\"><sup>8<\/sup><\/a>. Propaganda \u015brodk\u00f3w niszcz\u0105cych p\u0142odno\u015b\u0107 powoduje powolne zmniejszanie si\u0119 liczby dzieci na kobiet\u0119 w wieku rozrodczym. W 1960 r. przypada\u0142o 6,8 dziecka na kobiet\u0119. Na prze\u0142omie XX i XXI w. zauwa\u017camy spadek tego wsp\u00f3\u0142czynnika, w 1990 r. wynosi\u0142 on 6,36. Nadal by\u0142 wysoki, ale ju\u017c spada\u0142. \u015awiadczy to o tym, \u017ce do Pakistanu dotar\u0142y pierwsze \u015brodki antykoncepcyjne, kt\u00f3re oddzia\u0142uj\u0105 negatywnie na wsp\u00f3\u0142czynnik dzietno\u015bci, pomniejszaj\u0105c go. Obrazuje to wykres.<\/p>\n\n\n\n<figure class=\"wp-block-image size-large is-style-default\"><img loading=\"lazy\" decoding=\"async\" width=\"1024\" height=\"668\" src=\"https:\/\/demografia.com.pl\/demografia\/wp-content\/uploads\/2022\/11\/image-33-1024x668.png\" alt=\"\" class=\"wp-image-695\" srcset=\"https:\/\/demografia.com.pl\/demografia\/wp-content\/uploads\/2022\/11\/image-33-1024x668.png 1024w, https:\/\/demografia.com.pl\/demografia\/wp-content\/uploads\/2022\/11\/image-33-300x196.png 300w, https:\/\/demografia.com.pl\/demografia\/wp-content\/uploads\/2022\/11\/image-33-768x501.png 768w, https:\/\/demografia.com.pl\/demografia\/wp-content\/uploads\/2022\/11\/image-33.png 1100w\" sizes=\"auto, (max-width: 767px) 89vw, (max-width: 1000px) 54vw, (max-width: 1071px) 543px, 580px\" \/><\/figure>\n\n\n\n<p>Reklama \u015brodk\u00f3w antykoncepcyjnych w Pakistanie jest zakazana<a href=\"#sdfootnote9sym\" id=\"sdfootnote9anc\"><sup>9<\/sup><\/a>. Cho\u0107 organizacje pozarz\u0105dowe propaguj\u0105ce antykoncepcj\u0119 i aborcj\u0119 staraj\u0105 si\u0119 wszelkimi mo\u017cliwymi sposobami wp\u0142ywa\u0107 na rz\u0105dz\u0105cych, by ci na to zezwolili. Stosuj\u0105 r\u00f3\u017cne metody, by dotrze\u0107 do kobiet w Pakistanie. W 2012 r. na rynku wydawniczym ukaza\u0142 si\u0119 artyku\u0142 autorstwa Tomasza Cartona i Sohail Agha pod tytu\u0142em \u201eZmiany w stosowaniu i kombinacji metod antykoncepcji w Pakistanie w latach 1990-91 i 2006-07\u201d. Autorzy ubolewaj\u0105, \u017ce Pakista\u0144czycy stosuj\u0105 stare metody antykoncepcji, a nale\u017ca\u0142oby zamieni\u0107 je na nowocze\u015bniejsze. Jak twierdz\u0105 \u2013 bardziej bezpieczne. Chc\u0105 uczyni\u0107 wszystko, by wsp\u00f3\u0142czesne \u015brodki antykoncepcyjne by\u0142y wsz\u0119dzie dost\u0119pne<a href=\"#sdfootnote10sym\" id=\"sdfootnote10anc\"><sup>10<\/sup><\/a>. Nie napisano, \u017ce \u015brodowiskom feministycznym i lewicowym zabijanie nienarodzonych dzieci i demoralizowanie dzieci i m\u0142odzie\u017cy przynosi miliardowe dochody. Dlatego te\u017c nie pozwol\u0105, by tak du\u017cy rynek populacyjny nie by\u0142 przez nich zagospodarowany. \u015arodki antykoncepcyjne docieraj\u0105 do Pakistanu drog\u0105 nielegaln\u0105, przede wszystkim pigu\u0142ki antykoncepcyjne. \u015awiadczy o tym tak du\u017cy procent kobiet stosuj\u0105cych \u015brodki antykoncepcyjne, ponad 34%.<\/p>\n\n\n\n<p>W kolejnych latach zauwa\u017camy gwa\u0142towny spadek wsp\u00f3\u0142czynnika dzietno\u015bci, w 2000 r. wynosi\u0142 \u2013 5,26, w 2010 r. \u2013 4,3, w 2018 r. \u2013 3,56. Mimo tego ze wzgl\u0119du na du\u017cy procent m\u0142odego pokolenia przyrost naturalny w kolejnych latach b\u0119dzie znacz\u0105cy<a id=\"sdfootnote11anc\" href=\"#sdfootnote11sym\"><sup>11<\/sup><\/a>. W opinii dr. Ansara Alego Khana, doradcy zdrowia reprodukcyjnego Funduszu Ludno\u015bciowego Narod\u00f3w Zjednoczonych w Pakistanie, tak ma\u0142y procent stosowania \u015brodk\u00f3w antykoncepcyjnych w Pakistanie jest spowodowany silnym oddzia\u0142ywaniem islamu na postawy moralne mieszka\u0144c\u00f3w kraju<a id=\"sdfootnote12anc\" href=\"#sdfootnote12sym\"><sup>12<\/sup><\/a>. A zatem, tylko silna religia, wierno\u015b\u0107 zasadom moralnym daje szans\u0119 na odparcie cywilizacji, kt\u00f3ra prowadzi do \u015bmierci. Wierno\u015b\u0107 prawu naturalnemu i prawu Bo\u017cemu jest gwarantem szcz\u0119\u015bcia ludzko\u015bci na ziemi. Niszczenie dzie\u0142a stworzenia, poprawianie Pana Boga prowadzi cz\u0142owieka na manowce. Ludzie z\u0142ej woli b\u0119d\u0105 opowiada\u0107 nam o samych dobrach p\u0142yn\u0105cych z ich dzia\u0142alno\u015bci, zorganizuj\u0105 setki konferencji, zaanga\u017cuj\u0105 tysi\u0105ce ludzi nauki dla poparcia swych tez, wydadz\u0105 publikacje w milionowych nak\u0142adach, b\u0119d\u0105 przekonywa\u0107 o nowoczesno\u015bci, post\u0119pie, dobrobycie, jaki spotka ludzko\u015b\u0107, gdy zmniejszy si\u0119 liczb\u0119 urodze\u0144, b\u0119d\u0105 straszy\u0107 przeludnieniem \u015bwiata, brakiem \u017cywno\u015bci i nieszcz\u0119\u015bciem z powodu du\u017cej liczby dzieci, a to wszystko prowadzi do samounicestwienia ludzko\u015bci. Dzia\u0142alno\u015b\u0107 organizacji niszcz\u0105cych \u017cycie ludzkie, na jakimkolwiek etapie jego powstawania, winna by\u0107 zabroniona.<\/p>\n\n\n\n<p>Dobrym przyk\u0142adem jest Pakistan, kraj o ogromnym potencjale demograficznym. Nale\u017cy zaprzeczy\u0107 narracji, kt\u00f3ra w lewicowych mediach ukazuje Pakistan jako kraj wstecznictwa, zacofania i braku perspektyw na przysz\u0142o\u015b\u0107. Jest zupe\u0142nie odwrotnie, przed Pakistanem jest przysz\u0142o\u015b\u0107, a przed krajami, kt\u00f3re zaakceptowa\u0142y aborcj\u0119 i \u015brodki antykoncepcyjne jako planowanie rodziny i regulacj\u0119 zdrowia reprodukcyjnego, jej nie ma. Jest samozag\u0142ada.<\/p>\n\n\n\n<p><strong>Egipt<\/strong><\/p>\n\n\n\n<p>Na polityk\u0119 ludno\u015bciow\u0105 w Egipcie du\u017cy wp\u0142yw mia\u0142y rz\u0105dy poszczeg\u00f3lnych ugrupowa\u0144 politycznych. W latach 1954-1970 krajem rz\u0105dzi\u0142 Gamal Abdel Naser Husajn, tw\u00f3rca systemu ideologicznego opartego na koncepcjach socjalistycznych i panarabskich, co spowodowa\u0142o liberalizacj\u0119 \u017cycia moralnego. Do Egiptu dociera\u0142y pierwsze pigu\u0142ki antykoncepcyjne, kt\u00f3re wywo\u0142a\u0142y spadek wska\u017anika dzietno\u015bci w latach 1960-1970 z 6,72 do 6,23, o p\u00f3\u0142 punktu. Jak na tak kr\u00f3tki czas, spadek by\u0142 do\u015b\u0107 du\u017cy. Po \u015bmierci Nasera w 1970 r. prezydentem zosta\u0142 Muhammad Anwar as-Sadat, o znacznie liberalniejszych pogl\u0105dach od poprzednika. W 1976 r. utworzy\u0142 trzy partie socjalistyczne: centrow\u0105 Arabsk\u0105 Parti\u0119 Socjalistyczn\u0105 (nast\u0119pnie Parti\u0119 Narodowo-Demokratyczn\u0105), lewicowo Narodowo-Post\u0119pow\u0105 Parti\u0119 Zjednoczenia oraz \u201eprawicow\u0105\u201d Parti\u0119 Socjalistycznych Libera\u0142\u00f3w<a id=\"sdfootnote13anc\" href=\"#sdfootnote13sym\"><sup>13<\/sup><\/a>. W kolejnej dekadzie wska\u017anik dzietno\u015bci spad\u0142 o 0,93 punktu.<\/p>\n\n\n\n<p>Proces zmniejszania dzieci w rodzinach post\u0119powa\u0142 do\u015b\u0107 szybko. Wp\u0142ywy \u015brodowisk lewicowych i feministycznych na spo\u0142ecze\u0144stwo egipskie by\u0142y do\u015b\u0107 du\u017ce poprzez propagowanie \u015brodk\u00f3w antykoncepcyjnych. W 1976 r. rozpocz\u0119to planow\u0105 polityk\u0119 regulacji urodze\u0144. Z pomoc\u0105 przysz\u0142y Stany Zjednoczone, kt\u00f3re w latach 1976-2008 przekaza\u0142y na ten cel 371 mln dol.<a href=\"#sdfootnote14sym\" id=\"sdfootnote14anc\"><sup>14<\/sup><\/a>. Propagowanie \u015brodk\u00f3w antykoncepcyjnych, aborcji i demoralizacji dzieci i m\u0142odzie\u017cy spowodowa\u0142o, \u017ce w tym okresie wsp\u00f3\u0142czynnik dzietno\u015bci spad\u0142 z 5,6 do 3,2, pomniejszy\u0142 si\u0119 o 2,4 punktu. Wzr\u00f3s\u0142 tak\u017ce odsetek korzystaj\u0105cych ze \u015brodk\u00f3w antykoncepcyjnych, w 1976 r. wynosi\u0142 18,8%, a w 2008 r. 60,3% <a href=\"#sdfootnote15sym\" id=\"sdfootnote15anc\"><sup>15<\/sup><\/a>. Tak wygl\u0105da to na wykresie.<\/p>\n\n\n\n<figure class=\"wp-block-image size-full is-resized is-style-default\"><img loading=\"lazy\" decoding=\"async\" src=\"https:\/\/demografia.com.pl\/demografia\/wp-content\/uploads\/2022\/11\/image-34.png\" alt=\"\" class=\"wp-image-696\" width=\"650\" height=\"433\" srcset=\"https:\/\/demografia.com.pl\/demografia\/wp-content\/uploads\/2022\/11\/image-34.png 629w, https:\/\/demografia.com.pl\/demografia\/wp-content\/uploads\/2022\/11\/image-34-300x200.png 300w\" sizes=\"auto, (max-width: 650px) 100vw, 650px\" \/><\/figure>\n\n\n\n<p>W Egipcie by\u0142o coraz mniej rodzin wielodzietnych. Po wycofaniu \u015brodk\u00f3w finansowych przez USA wsp\u00f3\u0142czynnik dzietno\u015bci w kolejnych latach wzr\u00f3s\u0142 do 3,37<a href=\"#sdfootnote16sym\" id=\"sdfootnote16anc\"><sup>16<\/sup><\/a>. Obserwujemy odwrotn\u0105 sytuacj\u0119 w korzystaniu ze \u015brodk\u00f3w antykoncepcyjnych, widzimy spadek, w 2014 r. wynosi\u0142 58,5%<a href=\"#sdfootnote17sym\" id=\"sdfootnote17anc\"><sup>17<\/sup><\/a>, w ci\u0105gu sze\u015bciu lat pomniejszy\u0142 si\u0119 niespe\u0142na o dwa punkty procentowe.<\/p>\n\n\n\n<p>Po wycofaniu si\u0119 Stan\u00f3w Zjednoczonych z finansowania polityki depopulacyjnej ich miejsce zaj\u0119\u0142y organizacje mi\u0119dzynarodowe. W czerwcu 2018 r. egipski rz\u0105d podj\u0105\u0142 now\u0105 strategi\u0119 depopulacyjn\u0105, pod has\u0142em \u201edwoje wystarczy\u201d. Program skierowany jest do najbiedniejszych region\u00f3w. Organizowane s\u0105 mobilne kliniki, kt\u00f3re dystrybuuj\u0105 \u015brodki antykoncepcyjne i dokonuj\u0105 aborcji dzieci nienarodzonych. Ponadto prowadzona jest tzw. edukacja seksualna, deprawuj\u0105ca dzieci i m\u0142odzie\u017c. Na program depopulacyjny rz\u0105d egipski przeznaczy\u0142 4,3 mln dol., a ONZ 500 tys. dol.<\/p>\n\n\n\n<p>\u015arodki finansowe na program depopulacyjny wy\u0142o\u017cy\u0142a tak\u017ce Unia Europejska \u2212 27 mln euro. Trafi\u0142y one do Egipskiej Krajowej Rady ds. Populacji. Cel jest jeden: promocja \u015brodk\u00f3w antykoncepcyjnych, \u201eedukacja seksualna\u201d, a tak\u017ce odebranie kobietom macierzy\u0144stwa na rzecz pracy zawodowej (w narracji \u015brodowisk feministycznych \u0142adnie to brzmi \u2013 aktywizacja zawodowa kobiet). Program depopulacyjny rozpocz\u0105\u0142 si\u0119 w 2015 r. i b\u0119dzie trwa\u0142 do 2030 r.<a href=\"#sdfootnote18sym\" id=\"sdfootnote18anc\"><sup>18<\/sup><\/a>. \u015arodowiska feministyczne i lewicowe licz\u0105, \u017ce wska\u017anik dzietno\u015bci do 2030 r. w Egipcie pomniejszy si\u0119 do 2,4. Co by\u0142oby dla nich wielkim sukcesem.<\/p>\n\n\n\n<p>W maju 2018 r. w\u0142adze rz\u0105dowe Egiptu zn\u00f3w rozpocz\u0119\u0142y wsp\u00f3\u0142prac\u0119 ze Stanami Zjednoczonymi w celu zmniejszenia ludno\u015bci w Egipcie. Program depopulacyjny zak\u0142ada promocj\u0119 \u015brodk\u00f3w antykoncepcyjnych i \u201eedukacj\u0119 seksualn\u0105\u201d. Na ten cel USA przeznaczy\u0142o 19 mln dol., a dodatkowo 4 mln otrzyma\u0142y prywatne kliniki niszcz\u0105ce \u017cycie ludzkie.<\/p>\n\n\n\n<p>Narracja \u015brodowisk feministycznych i lewicowych w XXI w. nie odbiega od tej, kt\u00f3r\u0105 prowadzono m.in. w Polsce w okresie mi\u0119dzywojennym czy innych krajach Europy<a href=\"#sdfootnote19sym\" id=\"sdfootnote19anc\"><sup>19<\/sup><\/a>. Straszono spo\u0142ecze\u0144stwo przeludnieniem, kryzysem ekonomicznym, ci\u0105g\u0142\u0105 bied\u0105, brakiem edukacji m\u0142odego pokolenia<a href=\"#sdfootnote20sym\" id=\"sdfootnote20anc\"><sup>20<\/sup><\/a>, brakiem odpowiedniej liczby kobiet zaanga\u017cowanych zawodowo, a Ko\u015bci\u00f3\u0142 rzymskokatolicki o\u015bmieszano i oskar\u017cano o zacofanie i nietolerancj\u0119 czy ciemi\u0119\u017cenie narodu od setek lat<a href=\"#sdfootnote21sym\" id=\"sdfootnote21anc\"><sup>21<\/sup><\/a>. W przypadku Egiptu organizacje mi\u0119dzynarodowe do propagowania \u015brodk\u00f3w antykoncepcyjnych pr\u00f3buj\u0105 wykorzysta\u0107 islam. Feministyczne i lewicowe \u015brodowiska ugrupowa\u0144 muzu\u0142ma\u0144skich maj\u0105 przekonywa\u0107 kobiety do ograniczania potomstwa, zaznaczaj\u0105c, \u017ce \u201e[\u2026] nie stoi to w sprzeczno\u015bci z zasadami islamu\u201d<a href=\"#sdfootnote22sym\" id=\"sdfootnote22anc\"><sup>22<\/sup><\/a>.<\/p>\n\n\n\n<p>Dzia\u0142alno\u015b\u0107 \u015brodowisk z cywilizacji \u015bmierci doprowadzi\u0142a do tego, \u017ce w ci\u0105gu sze\u015b\u0107dziesi\u0119ciu lat wska\u017anik dzietno\u015bci pomniejszy\u0142 si\u0119 ponaddwukrotnie. Mimo tak du\u017cych nak\u0142ad\u00f3w na unicestwienie \u017cycia ludzkiego i deprawacj\u0119 w Egipcie ortodoksyjna grupa muzu\u0142man\u00f3w nadal broni swych wiernych przed antykoncepcj\u0105, aborcj\u0105 i deprawacj\u0105.<\/p>\n\n\n\n<p>***<\/p>\n\n\n\n<p>\u015arodowiska feministyczne i lewicowe nadal z ca\u0142\u0105 moc\u0105 podejmuj\u0105 propagand\u0119 \u015brodk\u00f3w antykoncepcyjnych, aborcji i \u201eedukacji seksualnej\u201d. Obrona przed atakiem cywilizacji \u015bmierci zale\u017cy od dw\u00f3ch czynnik\u00f3w: polityki rz\u0105du danego kraju i si\u0142y religii w spo\u0142eczno\u015bci. Najlepszym przyk\u0142adem jest Pakistan. W\u0142adze rz\u0105dowe i silna pozycja islamu nie otworzy\u0142y drzwi propagandzie \u015brodk\u00f3w zabijaj\u0105cych \u017cycie ludzkie, cho\u0107 parcie na w\u0142adze, jak i na religie wyst\u0119puje z r\u00f3\u017cnych stron i poprzez r\u00f3\u017cne organizacje mi\u0119dzynarodowe. Religia bez wsparcia w\u0142adz rz\u0105dowych nie jest w stanie ochroni\u0107 swych obywateli przed deprawacj\u0105 m\u0142odego pokolenia i propagand\u0105 aborcji. Egipt i Bangladesz s\u0105 tego najlepszym przyk\u0142adem.<\/p>\n\n\n\n<p><em>Ks. K. Bielawny<\/em><\/p>\n\n\n\n<p><strong>Przypisy:<\/strong><\/p>\n\n\n\n<p><a><\/a> <a href=\"#sdfootnote1anc\" id=\"sdfootnote1sym\">1<\/a><sup> <\/sup>Zob. <em>Islam in Bangladesh<\/em>, https:\/\/en.wikipedia.org\/wiki\/Islam_in_Bangladesh, dost\u0119p: 22.09.2020 r.<\/p>\n\n\n\n<p><a><\/a> <a href=\"#sdfootnote2anc\" id=\"sdfootnote2sym\">2<\/a> Zob. G.M. Al. Kibria, S. Hossen, R.A.A. Barsha, A. Sharmeen, S.K. Paul, I. Uddin, <em>Factors affecting contraceptive use among married women of re<\/em>productive age in Bangladesh, <a href=\"https:\/\/www.mdpi.com\/2076-3271\/5\/4\/31\/htm\">https:\/\/www.mdpi.com\/2076-3271\/5\/4\/31\/htm<\/a>, dost\u0119p: 22.09.2020 r.<\/p>\n\n\n\n<p><a><\/a> <a href=\"#sdfootnote3anc\" id=\"sdfootnote3sym\">3<\/a><sup> <\/sup>Zob. <em>Bangladesz: Brutalna walka z narkotykami trwa. Dziesi\u0105tki ofiar<\/em>, mf24.pl\/fakty\/swiat\/news-bangladesz-brutalna-walka-z-narkotykami-trwa-dziesiatki-ofia,nId,2586309#crp_state=1, dost\u0119p: 21.09.2020 r.<\/p>\n\n\n\n<p><a><\/a> <a href=\"#sdfootnote4anc\" id=\"sdfootnote4sym\">4<\/a><sup> <\/sup>Zob. <em>Child labour in Bangladesh<\/em>, https:\/\/en.wikipedia.org\/wiki\/Child_labour_in_Bangladesh<em>,<\/em> dost\u0119p: 21.09.2020 r.<\/p>\n\n\n\n<p><a href=\"#sdfootnote5anc\" id=\"sdfootnote5sym\">5<\/a> Zob. <em>Wska\u017anik rozpowszechniania antykoncepcji<\/em>, <a href=\"https:\/\/www.cia.gov\/library\/publications\/the-world-factbook\/fields\/357.html#RP\">https:\/\/www.cia.gov\/library\/publications\/the-world-factbook\/fields\/357.html#RP<\/a>, dost\u0119p: 12.06.2020 r.<\/p>\n\n\n\n<p><a><\/a> <a href=\"#sdfootnote6anc\" id=\"sdfootnote6sym\">6<\/a> Zob. <em>Marie Stopes Bangladesz<\/em>, https:\/\/www.mariestopes.org.bd\/about\/about-marie-stopes-bangladesh\/, dost\u0119p: 21.09.2020 r.<\/p>\n\n\n\n<p><a><\/a> <a href=\"#sdfootnote7anc\" id=\"sdfootnote7sym\">7<\/a> <em>Awaryjna antykoncepcja<\/em>, https:\/\/www.mariestopes.org.bd\/services\/contraception-and-family-planning\/emergency-contraception\/, dost\u0119p: 21.09.2020 r.<\/p>\n\n\n\n<p><a href=\"#sdfootnote8anc\" id=\"sdfootnote8sym\">8<\/a> <em>Wska\u017anik rozpowszechniania antykoncepcji<\/em>, <a href=\"https:\/\/www.cia.gov\/library\/publications\/the-world-factbook\/fields\/357.html#RP\">https:\/\/www.cia.gov\/library\/publications\/the-world-factbook\/fields\/357.html#RP<\/a>, dost\u0119p: 12.06.2020 r.<\/p>\n\n\n\n<p><a><\/a> <a href=\"#sdfootnote9anc\" id=\"sdfootnote9sym\">9<\/a> Zob. <em>Pakistan zakazuje reklam \u015brodk\u00f3w antykoncepcyjnych<\/em>, https:\/\/korwin-mikke.pl\/azja-centralna\/pakistan-zakazuje-reklam-srodkow-antykoncepcyjnych\/, dost\u0119pno\u015b\u0107: 8.08.2020 r.<\/p>\n\n\n\n<p><a href=\"#sdfootnote10anc\" id=\"sdfootnote10sym\">10<\/a><sup> <\/sup>Zob. T. Carton, S. Agha, <em>Changes in contraceptive use and method mix in Pakistan: 1990-91 to 2006-07<\/em>, w: \u201eHealth Policy and Planning\u201d 2012, t. 2, s. 166-174.<\/p>\n\n\n\n<p><a><\/a> <a href=\"#sdfootnote11anc\" id=\"sdfootnote11sym\">11<\/a> Zob. <em>Pakistan \u2013 Populacja w latach 1950-2100<\/em>, <a href=\"http:\/\/populacja.population.city\/pakistan\/\">http:\/\/populacja.population.city\/pakistan\/<\/a>, dost\u0119p: 6.08.2020 r.<\/p>\n\n\n\n<p><a><\/a> <a href=\"#sdfootnote12anc\" id=\"sdfootnote12sym\">12<\/a><sup> <\/sup>Zob. <em>Debating Islam and family planning<\/em>, https:\/\/www.thenewhumanitarian.org\/news\/2005\/05\/20\/debating-islam-and-family-planning, dost\u0119p: 22.09.2020 r.<\/p>\n\n\n\n<p><a href=\"#sdfootnote13anc\" id=\"sdfootnote13sym\">13<\/a> Zob. J. Zdanowski, <em>Historia Bliskiego Wschodu w XX wieku<\/em>, Wroc\u0142aw 2010, s. 195-199.<\/p>\n\n\n\n<p><a href=\"#sdfootnote14anc\" id=\"sdfootnote14sym\">14<\/a> Zob. S. Nowacka, <em>Pr\u00f3by reformy polityki demograficznej Egiptu<\/em>, \u201eBiuletyn Polskiego Instytutu Spraw Mi\u0119dzynarodowych\u201d 2019, nr 130.<\/p>\n\n\n\n<p><a><\/a> <a href=\"#sdfootnote15anc\" id=\"sdfootnote15sym\">15<\/a> Zob. <em>Dwoje wystarczy. Egipt walczy z przyrostem naturalnym<\/em>, https:\/\/www.rp.pl\/spoleczenstwo\/art1475721-dwoje-wystarczy-egipt-walczy-z-przyrostem-naturalnym, dost\u0119p: 23.09.2020 r.<\/p>\n\n\n\n<p><a href=\"#sdfootnote16anc\" id=\"sdfootnote16sym\">16<\/a> Zob. <em>Egipt \u2013 liczba ludno\u015bci. Wska\u017anik dzietno\u015bci<\/em>, https:\/\/www.populationof.net\/pl\/egypt\/, dost\u0119p: 23.09.2020 r.<\/p>\n\n\n\n<p><a href=\"#sdfootnote17anc\" id=\"sdfootnote17sym\">17<\/a> <em>Wska\u017anik rozpowszechniania antykoncepcji<\/em>, <a href=\"https:\/\/www.cia.gov\/library\/publications\/the-world-factbook\/fields\/357.html#RP\">https:\/\/www.cia.gov\/library\/publications\/the-world-factbook\/fields\/357.html#RP<\/a>, dost\u0119p: 12.06.2020 r.<\/p>\n\n\n\n<p><a href=\"#sdfootnote18anc\" id=\"sdfootnote18sym\">18<\/a> Zob. S. Nowacka, <em>Pr\u00f3by reformy\u2026, <\/em>dz. cyt<em>.<\/em><\/p>\n\n\n\n<p><a href=\"#sdfootnote19anc\" id=\"sdfootnote19sym\">19<\/a> \u201eJe\u017celi sytuacja gospodarcza si\u0119 nie poprawi, a tempo wzrostu populacji w Egipcie nie zmaleje, pa\u0144stwu gro\u017c\u0105 kryzys wodny, \u017cywieniowy oraz polityczny. Zaanga\u017cowanie organizacji mi\u0119dzynarodowych jak ONZ czy UE, a tak\u017ce USA w dzia\u0142ania na rzecz ograniczenia wzrostu populacji s\u0105 jednym ze sposob\u00f3w wspierania egipskiej gospodarki, kt\u00f3rej rozw\u00f3j ma zapobiec wybuchowi nowych niepokoj\u00f3w\u201d. Zob. S. Nowacka, <em>Pr\u00f3by reformy\u2026<\/em>, dz. cyt.<\/p>\n\n\n\n<p><a href=\"#sdfootnote20anc\" id=\"sdfootnote20sym\">20<\/a> Zob. J. Budzi\u0144ska-Tylicka, <em>\u015awiadome macierzy\u0144stwo<\/em>, dz. cyt., s. 16-17; zob. D. K\u0142uszy\u0144ska, <em>Mn\u00f3\u017ccie si\u0119<\/em>, dz. cyt.<\/p>\n\n\n\n<p><a href=\"#sdfootnote21anc\" id=\"sdfootnote21sym\">21<\/a> Zob. T. Boy-\u017bele\u0144ski, <em>Nasi okupanci<\/em>, dz. cyt., s. 37-44.<\/p>\n\n\n\n<p><a href=\"#sdfootnote22anc\" id=\"sdfootnote22sym\">22<\/a> Zob. S. Nowacka, <em>Pr\u00f3by reformy\u2026<\/em>, dz. cyt.<\/p>\n<p>Views: 56<\/p>","protected":false},"excerpt":{"rendered":"<p>Bangladesz W Bangladeszu ponad 90% spo\u0142eczno\u015bci stanowi\u0105 muzu\u0142manie, oko\u0142o 8,5% \u2013 hindusi. Islam jest religi\u0105 pa\u0144stwow\u0105. Jest to trzeci kraj na \u015bwiecie pod wzgl\u0119dem liczby wyznawc\u00f3w islamu, wi\u0119kszo\u015b\u0107 z nich to sunnici1. W 1975 r. w Bangladeszu antykoncepcj\u0119 stosowa\u0142 mniej ni\u017c jeden procent kobiet w wieku rozrodczym2. By\u0142o to spo\u0142ecze\u0144stwo o ogromnym potencjale duchowym, moralnym &hellip; <\/p>\n<p class=\"link-more\"><a href=\"https:\/\/demografia.com.pl\/demografia\/antykoncepcjach-w-wybranych-krajach-muzulmanskich\/\" class=\"more-link\">Czytaj dalej<span class=\"screen-reader-text\"> \u201eAntykoncepcjach w wybranych krajach muzu\u0142ma\u0144skich\u201d<\/span><\/a><\/p>\n","protected":false},"author":1,"featured_media":697,"parent":0,"menu_order":0,"comment_status":"closed","ping_status":"closed","template":"","meta":{"footnotes":""},"class_list":["post-693","page","type-page","status-publish","has-post-thumbnail","hentry"],"_links":{"self":[{"href":"https:\/\/demografia.com.pl\/demografia\/wp-json\/wp\/v2\/pages\/693","targetHints":{"allow":["GET"]}}],"collection":[{"href":"https:\/\/demografia.com.pl\/demografia\/wp-json\/wp\/v2\/pages"}],"about":[{"href":"https:\/\/demografia.com.pl\/demografia\/wp-json\/wp\/v2\/types\/page"}],"author":[{"embeddable":true,"href":"https:\/\/demografia.com.pl\/demografia\/wp-json\/wp\/v2\/users\/1"}],"replies":[{"embeddable":true,"href":"https:\/\/demografia.com.pl\/demografia\/wp-json\/wp\/v2\/comments?post=693"}],"version-history":[{"count":0,"href":"https:\/\/demografia.com.pl\/demografia\/wp-json\/wp\/v2\/pages\/693\/revisions"}],"wp:featuredmedia":[{"embeddable":true,"href":"https:\/\/demografia.com.pl\/demografia\/wp-json\/"}],"wp:attachment":[{"href":"https:\/\/demografia.com.pl\/demografia\/wp-json\/wp\/v2\/media?parent=693"}],"curies":[{"name":"wp","href":"https:\/\/api.w.org\/{rel}","templated":true}]}}