{"id":710,"date":"2022-11-08T14:28:22","date_gmt":"2022-11-08T14:28:22","guid":{"rendered":"https:\/\/demografia.com.pl\/demografia\/?page_id=710"},"modified":"2023-10-11T19:23:10","modified_gmt":"2023-10-11T19:23:10","slug":"populacja-w-izraelu","status":"publish","type":"page","link":"https:\/\/demografia.com.pl\/demografia\/populacja-w-izraelu\/","title":{"rendered":"Antykoncepcja w Izraelu"},"content":{"rendered":"\n<p>Izrael nale\u017cy do niewielu narod\u00f3w na \u015bwiecie, w kt\u00f3rych wsp\u00f3\u0142czynnik dzietno\u015bci nie spad\u0142 poni\u017cej progu zast\u0119powalno\u015bci pokole\u0144 i wynosi 2,1. W 2015 r. na jedn\u0105 kobiet\u0119 przypada\u0142o 3,09 dziecka. Cho\u0107 w latach pi\u0119\u0107dziesi\u0105tych XX w. wsp\u00f3\u0142czynnik dzietno\u015bci wynosi\u0142 powy\u017cej czterech (patrz: wykres). Co przyczyni\u0142o si\u0119 do tak du\u017cego sukcesu demograficznego w Izraelu? Najprawdopodobniej niewielki procent kobiet \u017cydowskich stosuje antykoncepcj\u0119, przede wszystkim te, kt\u00f3re w swym \u017cyciu kieruj\u0105 si\u0119 mentalno\u015bci\u0105 \u015bwiata liberalnego, a prawo Bo\u017ce jest im oboj\u0119tne. Nale\u017cy przypuszcza\u0107, \u017ce takich kobiet w Izraelu jest niewiele. W informacji opublikowanej przez Centraln\u0105 Agencj\u0119 Wywiadowcz\u0105 Stan\u00f3w Zjednoczonych na temat ludno\u015bci Izraela kwestia antykoncepcji jest pomini\u0119ta. A zatem trudno jest ustali\u0107, jaki procent kobiet \u017cydowskich j\u0105 stosuje<a id=\"sdfootnote1anc\" href=\"#sdfootnote1sym\"><sup>1<\/sup><\/a>.<\/p>\n\n\n\n<figure class=\"wp-block-image size-full is-style-default\"><img loading=\"lazy\" decoding=\"async\" width=\"933\" height=\"628\" src=\"https:\/\/demografia.com.pl\/demografia\/wp-content\/uploads\/2022\/11\/image-37.png\" alt=\"\" class=\"wp-image-711\" srcset=\"https:\/\/demografia.com.pl\/demografia\/wp-content\/uploads\/2022\/11\/image-37.png 933w, https:\/\/demografia.com.pl\/demografia\/wp-content\/uploads\/2022\/11\/image-37-300x202.png 300w, https:\/\/demografia.com.pl\/demografia\/wp-content\/uploads\/2022\/11\/image-37-768x517.png 768w\" sizes=\"auto, (max-width: 767px) 89vw, (max-width: 1000px) 54vw, (max-width: 1071px) 543px, 580px\" \/><\/figure>\n\n\n\n<p>Dokonajmy analizy dzietno\u015bci w Izraelu w\u015br\u00f3d \u017cyd\u00f3w, muzu\u0142man\u00f3w, chrze\u015bcijan i druz\u00f3w w latach 2000-2017. Z wykresu wynika, \u017ce od 2000 r. muzu\u0142manki znacznie wi\u0119cej mia\u0142y dzieci ni\u017c \u017cyd\u00f3wki. W 2018 r. proporcje si\u0119 zmieni\u0142y, na niekorzy\u015b\u0107 muzu\u0142manek.<\/p>\n\n\n\n<figure class=\"wp-block-image size-large is-resized is-style-default\"><img loading=\"lazy\" decoding=\"async\" src=\"https:\/\/demografia.com.pl\/demografia\/wp-content\/uploads\/2022\/11\/image-38-1024x501.png\" alt=\"\" class=\"wp-image-712\" style=\"width:734px;height:358px\" width=\"734\" height=\"358\" srcset=\"https:\/\/demografia.com.pl\/demografia\/wp-content\/uploads\/2022\/11\/image-38-1024x501.png 1024w, https:\/\/demografia.com.pl\/demografia\/wp-content\/uploads\/2022\/11\/image-38-300x147.png 300w, https:\/\/demografia.com.pl\/demografia\/wp-content\/uploads\/2022\/11\/image-38-768x376.png 768w, https:\/\/demografia.com.pl\/demografia\/wp-content\/uploads\/2022\/11\/image-38.png 1516w\" sizes=\"auto, (max-width: 734px) 100vw, 734px\" \/><\/figure>\n\n\n\n<p>W 2018 r. w\u015br\u00f3d \u017cyd\u00f3wek wska\u017anik dzietno\u015bci wynosi\u0142 3,2, a w\u015br\u00f3d muzu\u0142manek spad\u0142 do 3,1. Wa\u017cny jest trend \u2013 w\u015br\u00f3d \u017byd\u00f3w od&nbsp;lat rosn\u0105cy, w\u015br\u00f3d Palesty\u0144czyk\u00f3w stale&nbsp;malej\u0105cy. Znacznie ni\u017cszy wska\u017anik dzietno\u015bci jest w\u015br\u00f3d druz\u00f3w<a href=\"#sdfootnote2sym\" id=\"sdfootnote2anc\"><sup>2<\/sup><\/a> i chrze\u015bcijanek<a href=\"#sdfootnote3sym\" id=\"sdfootnote3anc\"><sup>3<\/sup><\/a>. W\u015br\u00f3d druz\u00f3w oko\u0142o 2, a w\u015br\u00f3d chrze\u015bcijanek poni\u017cej dw\u00f3ch (to poni\u017cej progu zast\u0119powalno\u015bci pokole\u0144, kt\u00f3ry wynosi 2,1). Patrz\u0105c na wska\u017aniki, mo\u017cna rzec, \u017ce chrze\u015bcijanki i druzowie ulegli mentalno\u015bci antykoncepcyjnej, co po\u015bwiadczaj\u0105 wska\u017aniki dzietno\u015bci. Natomiast muzu\u0142manki i \u017cyd\u00f3wki, wierne swej religii, nie podda\u0142y si\u0119 manipulacji antykoncepcyjnej. Izrael nale\u017cy do spo\u0142ecze\u0144stw wysoko rozwini\u0119tych. Jest zaprzeczeniem teorii lansowanej w\u015br\u00f3d demograf\u00f3w, \u017ce spo\u0142ecze\u0144stwa bogate i kobiety wykszta\u0142cone maj\u0105 ma\u0142o dzieci. W rodzinach \u017cydowskich pojawi\u0142o si\u0119 sporo dzieci, jest wiele rodzin wielodzietnych. Obecnie Izrael jest spo\u0142ecze\u0144stwem m\u0142odym, z ma\u0142\u0105 liczb\u0105 os\u00f3b w wieku poprodukcyjnym<a href=\"#sdfootnote4sym\" id=\"sdfootnote4anc\"><sup>4<\/sup><\/a>.<\/p>\n\n\n\n<p>W Izraelu w latach 1950-2015 liczba ludno\u015bci wzros\u0142a z 1,37 mln do ponad 8 mln. \u017bydzi w 2015 r. liczyli 6&nbsp;676&nbsp;800 og\u00f3lnej liczby mieszka\u0144c\u00f3w<a href=\"#sdfootnote5sym\" id=\"sdfootnote5anc\"><sup>5<\/sup><\/a>. Do\u015b\u0107 du\u017ca by\u0142a grupa imigrant\u00f3w, kt\u00f3rzy przybyli po 1948 r. z r\u00f3\u017cnych stron \u015bwiata. w 2015 r. imigranci liczyli 2&nbsp;765&nbsp;500 os\u00f3b, stanowili ponad 41% og\u00f3lnej liczby \u017byd\u00f3w w Izraelu. A zatem \u017bydzi w Izraelu, poza imigrantami, w latach 1950-2015 wzro\u015bli z 1,01 mln<a href=\"#sdfootnote6sym\" id=\"sdfootnote6anc\"><sup>6<\/sup><\/a> do 3,91 mln, wzrost o 287,1%. Polacy w tym czasie powi\u0119kszyli sw\u0105 liczebno\u015b\u0107 z 25,03 mln (1950 r.) do 38,44 mln, wzrost o 53,5%.<\/p>\n\n\n\n<p>***<\/p>\n\n\n\n<p>Wprowadzenie antykoncepcji w wymiarze globalnym dokona\u0142o w rodzinach najwi\u0119kszego spustoszenia, spadek liczby dzieci przyczyni\u0142 si\u0119 do depopulacji. W wymiarze demograficznym najznaczniejsze szkody wyrz\u0105dzi\u0142a pigu\u0142ka antykoncepcyjna. Spo\u015br\u00f3d wszystkich czynnik\u00f3w pomniejszaj\u0105cych populacj\u0119 na \u015bwiecie antykoncepcja powoduje du\u017co wi\u0119ksze spustoszenie ni\u017c aborcja. Na przyk\u0142adzie Polski mo\u017cemy poda\u0107, \u017ce w ci\u0105gu 120 lat w wyniku aborcji pozbawiono \u017cycia oko\u0142o 33,5 mln dzieci nienarodzonych, za\u015b antykoncepcja nie dopu\u015bci\u0142a albo dokona\u0142a zniszczenia \u017cycia ludzkiego w zarodku w wymiarze 113,5 mln. A wi\u0119c w wymiarze globalnym dokona\u0142a depopulacji ponadczterokrotnie wi\u0119kszej ni\u017c aborcja. Najlepszym barometrem wskazuj\u0105cym na stosowanie antykoncepcji przez kobiety w danej spo\u0142eczno\u015bci jest wsp\u00f3\u0142czynnik dzietno\u015bci. Po wprowadzeniu do sprzeda\u017cy tabletek antykoncepcyjnych wsp\u00f3\u0142czynniki dzietno\u015bci zmniejsza si\u0119 w ci\u0105gu kr\u00f3tkiego czasu do poziomu poni\u017cej zast\u0119powalno\u015bci pokole\u0144.<\/p>\n\n\n\n<p><em>Ks. K. Bielawny<\/em><\/p>\n\n\n\n<p><strong>Przypisy:<\/strong><\/p>\n\n\n\n<p><a href=\"#sdfootnote1anc\" id=\"sdfootnote1sym\">1<\/a><sup> <\/sup><em>Wska\u017anik rozpowszechniania antykoncepcji<\/em>, <a href=\"https:\/\/www.cia.gov\/library\/publications\/the-world-factbook\/fields\/357.html#RP\">https:\/\/www.cia.gov\/library\/publications\/the-world-factbook\/fields\/357.html#RP<\/a>, dost\u0119p: 12.09.2020 r.<\/p>\n\n\n\n<p><a href=\"#sdfootnote2anc\" id=\"sdfootnote2sym\">2<\/a> Wierni, kt\u00f3rzy wy\u0142onili si\u0119 z egipskiego ismailizmu w XI w. Nazywaj\u0105 siebie unitarianami. Dotarli do Syrii w 1017 r.<\/p>\n\n\n\n<p><a href=\"#sdfootnote3anc\" id=\"sdfootnote3sym\">3<\/a> W 2017 r. w Izraelu mieszka\u0142o 6,55 mln \u017cyd\u00f3w, co stanowi\u0142o 74,5%, muzu\u0142man\u00f3w \u2013 1,56 mln, co stanowi\u0142o 17,75 %, chrze\u015bcijan \u2013 172 tys., co stanowi\u0142o 1,95% i druz\u00f3w \u2013 141 tys., co stanowi\u0142o 1,60%. Inni mieszka\u0144cy stanowili niewiele powy\u017cej 4%.<\/p>\n\n\n\n<p><a><\/a> <a href=\"#sdfootnote4anc\" id=\"sdfootnote4sym\">4<\/a><sup> <\/sup>Zob. G. G\u00f3rny, <em>Demograficzny sukces \u017byd\u00f3w w Izraelu, czyli sekret tkwi w \u015bwiadomo\u015bci kobiet<\/em>, https:\/\/wpolityce.pl\/swiat\/429262-demograficzny-sukces-zydow-w-izraelu-w-czym-tkwi-sekret, dost\u0119p: 22.08.2020 r.<\/p>\n\n\n\n<p><a href=\"#sdfootnote5anc\" id=\"sdfootnote5sym\">5<\/a> Zob. <em>Izraelscy \u017bydzi<\/em>, <a href=\"https:\/\/pl.qwe.wiki\/wiki\/Demographics_of_Israel\">https:\/\/pl.qwe.wiki\/wiki\/Demographics_of_Israel<\/a>, dost\u0119p: 21.08.2020 r.<\/p>\n\n\n\n<p><a href=\"#sdfootnote6anc\" id=\"sdfootnote6sym\">6<\/a> Zob. <em>Israeli Jews, populacja<\/em>, <a href=\"https:\/\/pl.qwe.wiki\/wiki\/Israeli_Jews\">https:\/\/pl.qwe.wiki\/wiki\/Israeli_Jews<\/a>, dost\u0119p: 23.08.2020 r.<\/p>\n<p>Views: 31<\/p>","protected":false},"excerpt":{"rendered":"<p>Izrael nale\u017cy do niewielu narod\u00f3w na \u015bwiecie, w kt\u00f3rych wsp\u00f3\u0142czynnik dzietno\u015bci nie spad\u0142 poni\u017cej progu zast\u0119powalno\u015bci pokole\u0144 i wynosi 2,1. W 2015 r. na jedn\u0105 kobiet\u0119 przypada\u0142o 3,09 dziecka. Cho\u0107 w latach pi\u0119\u0107dziesi\u0105tych XX w. wsp\u00f3\u0142czynnik dzietno\u015bci wynosi\u0142 powy\u017cej czterech (patrz: wykres). Co przyczyni\u0142o si\u0119 do tak du\u017cego sukcesu demograficznego w Izraelu? Najprawdopodobniej niewielki procent &hellip; <\/p>\n<p class=\"link-more\"><a href=\"https:\/\/demografia.com.pl\/demografia\/populacja-w-izraelu\/\" class=\"more-link\">Czytaj dalej<span class=\"screen-reader-text\"> \u201eAntykoncepcja w Izraelu\u201d<\/span><\/a><\/p>\n","protected":false},"author":1,"featured_media":3984,"parent":0,"menu_order":0,"comment_status":"closed","ping_status":"closed","template":"","meta":{"footnotes":""},"class_list":["post-710","page","type-page","status-publish","has-post-thumbnail","hentry"],"_links":{"self":[{"href":"https:\/\/demografia.com.pl\/demografia\/wp-json\/wp\/v2\/pages\/710","targetHints":{"allow":["GET"]}}],"collection":[{"href":"https:\/\/demografia.com.pl\/demografia\/wp-json\/wp\/v2\/pages"}],"about":[{"href":"https:\/\/demografia.com.pl\/demografia\/wp-json\/wp\/v2\/types\/page"}],"author":[{"embeddable":true,"href":"https:\/\/demografia.com.pl\/demografia\/wp-json\/wp\/v2\/users\/1"}],"replies":[{"embeddable":true,"href":"https:\/\/demografia.com.pl\/demografia\/wp-json\/wp\/v2\/comments?post=710"}],"version-history":[{"count":1,"href":"https:\/\/demografia.com.pl\/demografia\/wp-json\/wp\/v2\/pages\/710\/revisions"}],"predecessor-version":[{"id":3985,"href":"https:\/\/demografia.com.pl\/demografia\/wp-json\/wp\/v2\/pages\/710\/revisions\/3985"}],"wp:featuredmedia":[{"embeddable":true,"href":"https:\/\/demografia.com.pl\/demografia\/wp-json\/wp\/v2\/media\/3984"}],"wp:attachment":[{"href":"https:\/\/demografia.com.pl\/demografia\/wp-json\/wp\/v2\/media?parent=710"}],"curies":[{"name":"wp","href":"https:\/\/api.w.org\/{rel}","templated":true}]}}